

{"id":1139,"date":"2023-09-01T15:10:34","date_gmt":"2023-09-01T13:10:34","guid":{"rendered":"https:\/\/amr-promise.fr\/?page_id=1139"},"modified":"2024-10-17T10:36:57","modified_gmt":"2024-10-17T08:36:57","slug":"offre-de-formations","status":"publish","type":"page","link":"https:\/\/amr-promise.fr\/fr\/offre-de-formations\/","title":{"rendered":"Offre de formations"},"content":{"rendered":"<p>D\u00e9couvrez ci-apr\u00e8s <strong>les formations dipl\u00f4mantes sur l&rsquo;antibior\u00e9sistance et\/ou l&rsquo;approche \u00ab\u00a0One Health\u00a0\u00bb<\/strong> en France <em>(par ordre alphab\u00e9tique des villes)<\/em>.<\/p>\n\n\n\n<div style=\"height:15px\" aria-hidden=\"true\" class=\"wp-block-spacer\"><\/div>\n\n\n\n<h2 class=\"has-text-align-center has-text-color has-background wp-block-heading\" style=\"background-color:#f5f5f5;color:#6c6d71\">DU | Antibior\u00e9sistance et approche globale One Health<\/h2>\n\n\n\n<div class=\"wp-block-columns is-layout-flex wp-container-core-columns-is-layout-9d6595d7 wp-block-columns-is-layout-flex\">\n<div class=\"wp-block-column is-layout-flow wp-block-column-is-layout-flow\">\n<ul class=\"wp-block-list\"><li><strong>Ville :<\/strong> <em>En distanciel<\/em><\/li><li><strong>Localit\u00e9 : <\/strong>100 % num\u00e9rique<\/li><li><strong>Type de formation :<\/strong> Dipl\u00f4me Universitaire<\/li><li><strong>Dur\u00e9e de la formation :<\/strong> \/<\/li><\/ul>\n<\/div>\n\n\n\n<div class=\"wp-block-column is-vertically-aligned-center is-layout-flow wp-block-column-is-layout-flow\">\n<div class=\"wp-block-buttons is-horizontal is-content-justification-center is-layout-flex wp-container-core-buttons-is-layout-499968f5 wp-block-buttons-is-layout-flex\">\n<div class=\"wp-block-button\"><a class=\"wp-block-button__link has-background\" href=\"https:\/\/www.medecine.unilim.fr\/formations\/du-diu-capacites\/liste-des-d-u-d-i-u-capacites\/\" style=\"border-radius:10px;background-color:#1a84c7\" target=\"_blank\" rel=\"noreferrer noopener\">En savoir plus sur la formation<\/a><\/div>\n<\/div>\n<\/div>\n<\/div>\n\n\n\n<div style=\"height:15px\" aria-hidden=\"true\" class=\"wp-block-spacer\"><\/div>\n\n\n\n<h2 class=\"has-text-align-center has-text-color has-background wp-block-heading\" style=\"background-color:#f5f5f5;color:#6c6d71\">Master Sant\u00e9 | Microbiologie, Antibior\u00e9sistance, G\u00e9nomique et Epid\u00e9miologie<\/h2>\n\n\n\n<div class=\"wp-block-columns is-layout-flex wp-container-core-columns-is-layout-9d6595d7 wp-block-columns-is-layout-flex\">\n<div class=\"wp-block-column is-layout-flow wp-block-column-is-layout-flow\">\n<ul class=\"wp-block-list\"><li><strong>Ville :<\/strong> Besan\u00e7on<\/li><li><strong>Localit\u00e9 : <\/strong>Unit\u00e9 de Formation et de Recherche Sant\u00e9<\/li><li><strong>Type de formation :<\/strong> Master<\/li><li><strong>Dur\u00e9e de la formation :<\/strong> 2 ans<\/li><\/ul>\n<\/div>\n\n\n\n<div class=\"wp-block-column is-vertically-aligned-center is-layout-flow wp-block-column-is-layout-flow\">\n<div class=\"wp-block-buttons is-horizontal is-content-justification-center is-layout-flex wp-container-core-buttons-is-layout-499968f5 wp-block-buttons-is-layout-flex\">\n<div class=\"wp-block-button\"><a class=\"wp-block-button__link has-background\" href=\"http:\/\/formation.univ-fcomte.fr\/master\/sante-microbiologie-antibioresistance-genomique-et-epidemiologie\" style=\"border-radius:10px;background-color:#1a84c7\" target=\"_blank\" rel=\"noreferrer noopener\">En savoir plus sur la formation<\/a><\/div>\n<\/div>\n<\/div>\n<\/div>\n\n\n\n<div style=\"height:15px\" aria-hidden=\"true\" class=\"wp-block-spacer\"><\/div>\n\n\n\n<h2 class=\"has-text-align-center has-text-color has-background wp-block-heading\" style=\"background-color:#f5f5f5;color:#6c6d71\">Master 2 Sant\u00e9 Publique | One Health et Sant\u00e9 Publique<\/h2>\n\n\n\n<div class=\"wp-block-columns is-layout-flex wp-container-core-columns-is-layout-9d6595d7 wp-block-columns-is-layout-flex\">\n<div class=\"wp-block-column is-layout-flow wp-block-column-is-layout-flow\">\n<ul class=\"wp-block-list\"><li><strong>Ville :<\/strong> Limoges<\/li><li><strong>Localit\u00e9 : <\/strong>Facult\u00e9 de Pharmacie, Facult\u00e9 de Sciences et Techniques<\/li><li><strong>Type de formation :<\/strong> Master (2<sup>\u00e8me<\/sup> ann\u00e9e)<\/li><li><strong>Dur\u00e9e de la formation :<\/strong> 1 an<\/li><\/ul>\n<\/div>\n\n\n\n<div class=\"wp-block-column is-vertically-aligned-center is-layout-flow wp-block-column-is-layout-flow\">\n<div class=\"wp-block-buttons is-horizontal is-content-justification-center is-layout-flex wp-container-core-buttons-is-layout-499968f5 wp-block-buttons-is-layout-flex\">\n<div class=\"wp-block-button\"><a class=\"wp-block-button__link has-background\" href=\"https:\/\/www.unilim.fr\/formation\/loffre-de-formation\/#\/formation\/LIM-PROG71311\" style=\"border-radius:10px;background-color:#1a84c7\" target=\"_blank\" rel=\"noreferrer noopener\">En savoir plus sur la formation<\/a><\/div>\n<\/div>\n<\/div>\n<\/div>\n\n\n\n<div style=\"height:15px\" aria-hidden=\"true\" class=\"wp-block-spacer\"><\/div>\n\n\n\n<h2 class=\"has-text-align-center has-text-color has-background wp-block-heading\" style=\"background-color:#f5f5f5;color:#6c6d71\">Master 2 Sant\u00e9 Publique | One Health Managing Health of Populations<\/h2>\n\n\n\n<div class=\"wp-block-columns is-layout-flex wp-container-core-columns-is-layout-9d6595d7 wp-block-columns-is-layout-flex\">\n<div class=\"wp-block-column is-layout-flow wp-block-column-is-layout-flow\">\n<ul class=\"wp-block-list\"><li><strong>Ville :<\/strong> Lyon<\/li><li><strong>Localit\u00e9 : <\/strong>Universit\u00e9 Claude Bernard (Lyon 1), Marcy l&rsquo;Etoile<\/li><li><strong>Type de formation :<\/strong> Master (2<sup>\u00e8me<\/sup> ann\u00e9e)<\/li><li><strong>Dur\u00e9e de la formation :<\/strong> 1 an<\/li><\/ul>\n<\/div>\n\n\n\n<div class=\"wp-block-column is-vertically-aligned-center is-layout-flow wp-block-column-is-layout-flow\">\n<div class=\"wp-block-buttons is-horizontal is-content-justification-center is-layout-flex wp-container-core-buttons-is-layout-499968f5 wp-block-buttons-is-layout-flex\">\n<div class=\"wp-block-button\"><a class=\"wp-block-button__link has-background\" href=\"https:\/\/offre-de-formations.univ-lyon1.fr\/parcours-1583\/m2-one-health-managing-health-of-populations.html\" style=\"border-radius:10px;background-color:#1a84c7\" target=\"_blank\" rel=\"noreferrer noopener\">En savoir plus sur la formation<\/a><\/div>\n<\/div>\n<\/div>\n<\/div>\n\n\n\n<div style=\"height:15px\" aria-hidden=\"true\" class=\"wp-block-spacer\"><\/div>\n\n\n\n<h2 class=\"has-text-align-center has-text-color has-background wp-block-heading\" style=\"background-color:#f5f5f5;color:#6c6d71\">DU International | Infections \u00e9mergentes : approche One Health<\/h2>\n\n\n\n<div class=\"wp-block-columns is-layout-flex wp-container-core-columns-is-layout-9d6595d7 wp-block-columns-is-layout-flex\">\n<div class=\"wp-block-column is-layout-flow wp-block-column-is-layout-flow\">\n<ul class=\"wp-block-list\"><li><strong>Ville :<\/strong> Montpellier (&amp; Dakar)<\/li><li><strong>Localit\u00e9 : <\/strong>Facult\u00e9 de M\u00e9decine, CIRAD (&amp; EISMV de Dakar)<\/li><li><strong>Type de formation :<\/strong> Dipl\u00f4me Universitaire<\/li><li><strong>Dur\u00e9e de la formation :<\/strong> \/<\/li><\/ul>\n<\/div>\n\n\n\n<div class=\"wp-block-column is-vertically-aligned-center is-layout-flow wp-block-column-is-layout-flow\">\n<div class=\"wp-block-buttons is-horizontal is-content-justification-center is-layout-flex wp-container-core-buttons-is-layout-499968f5 wp-block-buttons-is-layout-flex\">\n<div class=\"wp-block-button\"><a class=\"wp-block-button__link has-background\" href=\"https:\/\/du-diu-facmedecine.umontpellier.fr\/diplome-international-infections-emergentes-approche-one-health-201\" style=\"border-radius:10px;background-color:#1a84c7\" target=\"_blank\" rel=\"noreferrer noopener\">En savoir plus sur la formation<\/a><\/div>\n<\/div>\n<\/div>\n<\/div>\n\n\n\n<div style=\"height:15px\" aria-hidden=\"true\" class=\"wp-block-spacer\"><\/div>\n\n\n\n<h2 class=\"has-text-align-center has-text-color has-background wp-block-heading\" style=\"background-color:#f5f5f5;color:#6c6d71\">Master Biologie Sant\u00e9 | Parcours One Health Emerge<\/h2>\n\n\n\n<div class=\"wp-block-columns is-layout-flex wp-container-core-columns-is-layout-9d6595d7 wp-block-columns-is-layout-flex\">\n<div class=\"wp-block-column is-layout-flow wp-block-column-is-layout-flow\">\n<ul class=\"wp-block-list\"><li><strong>Ville :<\/strong> Nantes<\/li><li><strong>Localit\u00e9 : <\/strong>Oniris VetAgroBio<\/li><li><strong>Type de formation :<\/strong> Master<\/li><li><strong>Dur\u00e9e de la formation :<\/strong> 2 ans<\/li><\/ul>\n<\/div>\n\n\n\n<div class=\"wp-block-column is-vertically-aligned-center is-layout-flow wp-block-column-is-layout-flow\">\n<div class=\"wp-block-buttons is-horizontal is-content-justification-center is-layout-flex wp-container-core-buttons-is-layout-499968f5 wp-block-buttons-is-layout-flex\">\n<div class=\"wp-block-button\"><a class=\"wp-block-button__link has-background\" href=\"https:\/\/www.oniris-nantes.fr\/etudier-a-oniris\/les-masters\/master-one-health-emerge\" style=\"border-radius:10px;background-color:#1a84c7\" target=\"_blank\" rel=\"noreferrer noopener\">En savoir plus sur la formation<\/a><\/div>\n<\/div>\n<\/div>\n<\/div>\n\n\n\n<div style=\"height:15px\" aria-hidden=\"true\" class=\"wp-block-spacer\"><\/div>\n\n\n\n<h2 class=\"has-text-align-center has-text-color has-background wp-block-heading\" style=\"background-color:#f5f5f5;color:#6c6d71\">Master Biologie Mol\u00e9culaire et Cellulaire | One Health &#8211; Maladie Infectieuses \u00c9mergentes<\/h2>\n\n\n\n<div class=\"wp-block-columns is-layout-flex wp-container-core-columns-is-layout-9d6595d7 wp-block-columns-is-layout-flex\">\n<div class=\"wp-block-column is-layout-flow wp-block-column-is-layout-flow\">\n<ul class=\"wp-block-list\"><li><strong>Ville :<\/strong> Paris<\/li><li><strong>Localit\u00e9 : <\/strong>EUR 1H-EID, Universit\u00e9 Paris Cit\u00e9<\/li><li><strong>Type de formation :<\/strong> Master<\/li><li><strong>Dur\u00e9e de la formation :<\/strong> 2 ans<\/li><\/ul>\n<\/div>\n\n\n\n<div class=\"wp-block-column is-vertically-aligned-center is-layout-flow wp-block-column-is-layout-flow\">\n<div class=\"wp-block-buttons is-horizontal is-content-justification-center is-layout-flex wp-container-core-buttons-is-layout-499968f5 wp-block-buttons-is-layout-flex\">\n<div class=\"wp-block-button\"><a class=\"wp-block-button__link has-background\" href=\"https:\/\/www.pasteur.fr\/fr\/EUR-1H-EID\" style=\"border-radius:10px;background-color:#1a84c7\" target=\"_blank\" rel=\"noreferrer noopener\">En savoir plus sur la formation<\/a><\/div>\n<\/div>\n<\/div>\n<\/div>\n\n\n\n<div style=\"height:15px\" aria-hidden=\"true\" class=\"wp-block-spacer\"><\/div>\n\n\n\n<h2 class=\"has-text-align-center has-text-color has-background wp-block-heading\" style=\"background-color:#f5f5f5;color:#6c6d71\">Master 1 Sant\u00e9 | Parcours One Health<\/h2>\n\n\n\n<div class=\"wp-block-columns is-layout-flex wp-container-core-columns-is-layout-9d6595d7 wp-block-columns-is-layout-flex\">\n<div class=\"wp-block-column is-layout-flow wp-block-column-is-layout-flow\">\n<ul class=\"wp-block-list\"><li><strong>Ville :<\/strong> Paris-Est, Cr\u00e9teil<\/li><li><strong>Localit\u00e9 : <\/strong>Facult\u00e9 de Sant\u00e9 (UPEC)<\/li><li><strong>Type de formation :<\/strong> Master (1<sup>\u00e8re<\/sup> ann\u00e9e)<\/li><li><strong>Dur\u00e9e de la formation :<\/strong> 1 an<\/li><\/ul>\n<\/div>\n\n\n\n<div class=\"wp-block-column is-vertically-aligned-center is-layout-flow wp-block-column-is-layout-flow\">\n<div class=\"wp-block-buttons is-horizontal is-content-justification-center is-layout-flex wp-container-core-buttons-is-layout-499968f5 wp-block-buttons-is-layout-flex\">\n<div class=\"wp-block-button\"><a class=\"wp-block-button__link has-background\" href=\"https:\/\/www.u-pec.fr\/fr\/formation\/m1-one-health\" style=\"border-radius:10px;background-color:#1a84c7\" target=\"_blank\" rel=\"noreferrer noopener\">En savoir plus sur la formation<\/a><\/div>\n<\/div>\n<\/div>\n<\/div>\n\n\n\n<div style=\"height:15px\" aria-hidden=\"true\" class=\"wp-block-spacer\"><\/div>\n\n\n\n<h2 class=\"has-text-align-center has-text-color has-background wp-block-heading\" style=\"background-color:#f5f5f5;color:#6c6d71\">Master Biologie Sant\u00e9 | Parcours Agents infectieux<\/h2>\n\n\n\n<div class=\"wp-block-columns is-layout-flex wp-container-core-columns-is-layout-9d6595d7 wp-block-columns-is-layout-flex\">\n<div class=\"wp-block-column is-layout-flow wp-block-column-is-layout-flow\">\n<ul class=\"wp-block-list\"><li><strong>Ville :<\/strong> Rennes<\/li><li><strong>Localit\u00e9 : <\/strong>Facult\u00e9 de M\u00e9decine<\/li><li><strong>Type de formation :<\/strong> Master<\/li><li><strong>Dur\u00e9e de la formation :<\/strong> 2 ans<\/li><\/ul>\n<\/div>\n\n\n\n<div class=\"wp-block-column is-vertically-aligned-center is-layout-flow wp-block-column-is-layout-flow\">\n<div class=\"wp-block-buttons is-horizontal is-content-justification-center is-layout-flex wp-container-core-buttons-is-layout-499968f5 wp-block-buttons-is-layout-flex\">\n<div class=\"wp-block-button\"><a class=\"wp-block-button__link has-background\" href=\"https:\/\/formations.univ-rennes.fr\/master-mention-biologie-sante-parcours-agents-infectieux\" style=\"border-radius:10px;background-color:#1a84c7\" target=\"_blank\" rel=\"noreferrer noopener\">En savoir plus sur la formation<\/a><\/div>\n<\/div>\n<\/div>\n<\/div>\n\n\n\n<div style=\"height:15px\" aria-hidden=\"true\" class=\"wp-block-spacer\"><\/div>\n\n\n\n<h2 class=\"has-text-align-center has-text-color has-background wp-block-heading\" style=\"background-color:#f5f5f5;color:#6c6d71\">Master Sciences, Technologies, Sant\u00e9 | Infectious Diseases and One Health (Erasmus Plus)<\/h2>\n\n\n\n<div class=\"wp-block-columns is-layout-flex wp-container-core-columns-is-layout-9d6595d7 wp-block-columns-is-layout-flex\">\n<div class=\"wp-block-column is-layout-flow wp-block-column-is-layout-flow\">\n<ul class=\"wp-block-list\"><li><strong>Ville :<\/strong> Tours<\/li><li><strong>Localit\u00e9 : <\/strong>UFR de Sciences Pharmaceutiques<\/li><li><strong>Type de formation :<\/strong> Master<\/li><li><strong>Dur\u00e9e de la formation :<\/strong> 2 ans<\/li><\/ul>\n<\/div>\n\n\n\n<div class=\"wp-block-column is-vertically-aligned-center is-layout-flow wp-block-column-is-layout-flow\">\n<div class=\"wp-block-buttons is-horizontal is-content-justification-center is-layout-flex wp-container-core-buttons-is-layout-499968f5 wp-block-buttons-is-layout-flex\">\n<div class=\"wp-block-button\"><a class=\"wp-block-button__link has-background\" href=\"https:\/\/www.univ-tours.fr\/formations\/master-sciences-technologies-sante-mention-sciences-du-vivant-parcours-infectious-diseases-and-one-health-erasmus-plus\" style=\"border-radius:10px;background-color:#1a84c7\" target=\"_blank\" rel=\"noreferrer noopener\">En savoir plus sur la formation<\/a><\/div>\n<\/div>\n<\/div>\n<\/div>\n\n\n\n<div style=\"height:15px\" aria-hidden=\"true\" class=\"wp-block-spacer\"><\/div>\n\n\n\n<h2 class=\"has-text-align-center has-text-color has-background wp-block-heading\" style=\"background-color:#f5f5f5;color:#6c6d71\">MOOC | R\u00e9sistance aux agents antibact\u00e9riens<\/h2>\n\n\n\n<div class=\"wp-block-columns is-layout-flex wp-container-core-columns-is-layout-9d6595d7 wp-block-columns-is-layout-flex\">\n<div class=\"wp-block-column is-layout-flow wp-block-column-is-layout-flow\">\n<ul class=\"wp-block-list\"><li><strong>Ville :<\/strong> <em>En distanciel<\/em><\/li><li><strong>Localit\u00e9 : <\/strong>100 % num\u00e9rique<\/li><li><strong>Type de formation :<\/strong> MOOC<\/li><li><strong>Dur\u00e9e de la formation :<\/strong> \/<\/li><\/ul>\n<\/div>\n\n\n\n<div class=\"wp-block-column is-vertically-aligned-center is-layout-flow wp-block-column-is-layout-flow\">\n<div class=\"wp-block-buttons is-horizontal is-content-justification-center is-layout-flex wp-container-core-buttons-is-layout-499968f5 wp-block-buttons-is-layout-flex\">\n<div class=\"wp-block-button\"><a class=\"wp-block-button__link has-background\" href=\"https:\/\/www.fun-mooc.fr\/fr\/cours\/resistance-to-antibacterial-agents\/\" style=\"border-radius:10px;background-color:#1a84c7\" target=\"_blank\" rel=\"noreferrer noopener\">En savoir plus sur la formation<\/a><\/div>\n<\/div>\n<\/div>\n<\/div>\n\n\n\n<div style=\"height:70px\" aria-hidden=\"true\" class=\"wp-block-spacer\"><\/div>\n\n\n\n<p>D\u00e9couvrez ci-apr\u00e8s <strong>d&rsquo;autres offres de formations sur l&rsquo;antibior\u00e9sistance et\/ou l&rsquo;approche \u00ab\u00a0One Health\u00a0\u00bb<\/strong> en France <em>(par ordre alphab\u00e9tique des villes)<\/em>.<\/p>\n\n\n\n<div style=\"height:15px\" aria-hidden=\"true\" class=\"wp-block-spacer\"><\/div>\n\n\n\n<h2 class=\"has-text-align-center has-text-color has-background wp-block-heading\" style=\"background-color:#f5f5f5;color:#6c6d71\">Agents infectieux et One Health<\/h2>\n\n\n\n<div class=\"wp-block-columns is-layout-flex wp-container-core-columns-is-layout-9d6595d7 wp-block-columns-is-layout-flex\">\n<div class=\"wp-block-column is-layout-flow wp-block-column-is-layout-flow\">\n<ul class=\"wp-block-list\"><li><strong>Ville :<\/strong> Paris<\/li><li><strong>Localit\u00e9 : <\/strong>Si\u00e8ge de la Soci\u00e9t\u00e9 Fran\u00e7aise de Microbiologie<\/li><li><strong>Type de formation :<\/strong> Autre<\/li><li><strong>Dur\u00e9e de la formation :<\/strong> 7 heures<\/li><\/ul>\n<\/div>\n\n\n\n<div class=\"wp-block-column is-vertically-aligned-center is-layout-flow wp-block-column-is-layout-flow\">\n<div class=\"wp-block-buttons is-horizontal is-content-justification-center is-layout-flex wp-container-core-buttons-is-layout-499968f5 wp-block-buttons-is-layout-flex\">\n<div class=\"wp-block-button\"><a class=\"wp-block-button__link has-background\" href=\"https:\/\/www.icsante.fr\/bio4\" style=\"border-radius:10px;background-color:#1a84c7\" target=\"_blank\" rel=\"noreferrer noopener\">En savoir plus sur la formation<\/a><\/div>\n<\/div>\n<\/div>\n<\/div>\n\n\n\n<div style=\"height:15px\" aria-hidden=\"true\" class=\"wp-block-spacer\"><\/div>\n\n\n\n<h2 class=\"has-text-align-center has-text-color has-background wp-block-heading\" style=\"background-color:#f5f5f5;color:#6c6d71\">Interdisciplinary Course on Antibiotics and Resistance (ICARe)<\/h2>\n\n\n\n<div class=\"wp-block-columns is-layout-flex wp-container-core-columns-is-layout-9d6595d7 wp-block-columns-is-layout-flex\">\n<div class=\"wp-block-column is-layout-flow wp-block-column-is-layout-flow\">\n<ul class=\"wp-block-list\"><li><strong>Ville :<\/strong> Veyrier-du-Lac<\/li><li><strong>Localit\u00e9 : <\/strong>Les Pensi\u00e8res Center for Global Health<\/li><li><strong>Type de formation :<\/strong> Autre<\/li><li><strong>Dur\u00e9e de la formation :<\/strong> 1 mois<\/li><\/ul>\n<\/div>\n\n\n\n<div class=\"wp-block-column is-vertically-aligned-center is-layout-flow wp-block-column-is-layout-flow\">\n<div class=\"wp-block-buttons is-horizontal is-content-justification-center is-layout-flex wp-container-core-buttons-is-layout-499968f5 wp-block-buttons-is-layout-flex\">\n<div class=\"wp-block-button\"><a class=\"wp-block-button__link has-background\" href=\"https:\/\/www.icarecourse.org\/\" style=\"border-radius:10px;background-color:#1a84c7\" target=\"_blank\" rel=\"noreferrer noopener\">En savoir plus sur la formation<\/a><\/div>\n<\/div>\n<\/div>\n<\/div>","protected":false},"excerpt":{"rendered":"<p>D\u00e9couvrez ci-apr\u00e8s les formations dipl\u00f4mantes sur l&rsquo;antibior\u00e9sistance et\/ou l&rsquo;approche \u00ab\u00a0One Health\u00a0\u00bb en France (par ordre alphab\u00e9tique des villes). DU | Antibior\u00e9sistance et approche globale One Health Ville : En distanciel Localit\u00e9 : 100 % num\u00e9rique Type de formation : Dipl\u00f4me Universitaire Dur\u00e9e de la formation : \/ Master Sant\u00e9 | Microbiologie, Antibior\u00e9sistance, G\u00e9nomique et Epid\u00e9miologie Ville : Besan\u00e7on Localit\u00e9 : Unit\u00e9 de Formation et de Recherche Sant\u00e9 Type de formation&#8230;<\/p>\n<p> <a class=\"continue-reading-link\" href=\"https:\/\/amr-promise.fr\/fr\/offre-de-formations\/\"><span>Lire plus \/ Read more<\/span><i class=\"crycon-right-dir\"><\/i><\/a> <\/p>\n","protected":false},"author":2354,"featured_media":0,"parent":0,"menu_order":0,"comment_status":"closed","ping_status":"closed","template":"","meta":{"_mc_calendar":[],"footnotes":""},"class_list":["post-1139","page","type-page","status-publish","hentry"],"_links":{"self":[{"href":"https:\/\/amr-promise.fr\/fr\/wp-json\/wp\/v2\/pages\/1139","targetHints":{"allow":["GET"]}}],"collection":[{"href":"https:\/\/amr-promise.fr\/fr\/wp-json\/wp\/v2\/pages"}],"about":[{"href":"https:\/\/amr-promise.fr\/fr\/wp-json\/wp\/v2\/types\/page"}],"author":[{"embeddable":true,"href":"https:\/\/amr-promise.fr\/fr\/wp-json\/wp\/v2\/users\/2354"}],"replies":[{"embeddable":true,"href":"https:\/\/amr-promise.fr\/fr\/wp-json\/wp\/v2\/comments?post=1139"}],"version-history":[{"count":41,"href":"https:\/\/amr-promise.fr\/fr\/wp-json\/wp\/v2\/pages\/1139\/revisions"}],"predecessor-version":[{"id":2234,"href":"https:\/\/amr-promise.fr\/fr\/wp-json\/wp\/v2\/pages\/1139\/revisions\/2234"}],"wp:attachment":[{"href":"https:\/\/amr-promise.fr\/fr\/wp-json\/wp\/v2\/media?parent=1139"}],"curies":[{"name":"wp","href":"https:\/\/api.w.org\/{rel}","templated":true}]}}