

{"id":118,"date":"2022-09-07T13:58:51","date_gmt":"2022-09-07T11:58:51","guid":{"rendered":"https:\/\/project.inria.fr\/promise\/?page_id=118"},"modified":"2025-04-03T17:41:42","modified_gmt":"2025-04-03T15:41:42","slug":"amr-env","status":"publish","type":"page","link":"https:\/\/amr-promise.fr\/fr\/amr-env\/","title":{"rendered":"AMR-Env"},"content":{"rendered":"<div style=\"height:30px\" aria-hidden=\"true\" class=\"wp-block-spacer\"><\/div>\n\n\n\n<div class=\"wp-block-image\"><figure class=\"aligncenter size-large is-resized\"><a href=\"https:\/\/amr-promise.fr\/files\/2023\/07\/Logo_AMR-Env_PNG_Couleur_Grand.png\"><img loading=\"lazy\" decoding=\"async\" src=\"https:\/\/amr-promise.fr\/files\/2023\/07\/Logo_AMR-Env_PNG_Couleur_Grand-1024x868.png\" alt=\"\" class=\"wp-image-1007\" width=\"256\" height=\"217\" srcset=\"https:\/\/amr-promise.fr\/files\/2023\/07\/Logo_AMR-Env_PNG_Couleur_Grand-1024x868.png 1024w, https:\/\/amr-promise.fr\/files\/2023\/07\/Logo_AMR-Env_PNG_Couleur_Grand-300x254.png 300w, https:\/\/amr-promise.fr\/files\/2023\/07\/Logo_AMR-Env_PNG_Couleur_Grand-768x651.png 768w, https:\/\/amr-promise.fr\/files\/2023\/07\/Logo_AMR-Env_PNG_Couleur_Grand-150x127.png 150w, https:\/\/amr-promise.fr\/files\/2023\/07\/Logo_AMR-Env_PNG_Couleur_Grand.png 1128w\" sizes=\"auto, (max-width: 256px) 100vw, 256px\" \/><\/a><\/figure><\/div>\n\n\n\n<div style=\"height:30px\" aria-hidden=\"true\" class=\"wp-block-spacer\"><\/div>\n\n\n\n<div class=\"wp-block-columns is-layout-flex wp-container-core-columns-is-layout-9d6595d7 wp-block-columns-is-layout-flex\">\n<div class=\"wp-block-column is-layout-flow wp-block-column-is-layout-flow\">\n<h2 class=\"has-text-align-center has-text-color has-background wp-block-heading\" style=\"background-color:#f5f5f5;color:#6c6d71\">Membres<\/h2>\n\n\n\n<p>Le <strong>groupe de travail AMR-Env de PROMISE<\/strong> est un nouveau r\u00e9seau fran\u00e7ais d\u00e9di\u00e9 \u00e0 l\u2019antibior\u00e9sistance dans l\u2019environnement, amorc\u00e9 dans le cadre du m\u00e9ta-r\u00e9seau.<\/p>\n\n\n\n<p>Il rassemble <strong>22 unit\u00e9s de recherche <\/strong><em>(voir carte interactive ci-dessous)<\/em><strong> et 4 r\u00e9seaux fran\u00e7ais<\/strong> existants :<\/p>\n\n\n\n<ul class=\"wp-block-list\"><li><a href=\"https:\/\/www.ozcar-ri.org\/fr\/ozcar-observatoires-de-la-zone-critique-applications-et-recherche\/\" data-type=\"URL\" data-id=\"https:\/\/www.ozcar-ri.org\/fr\/ozcar-observatoires-de-la-zone-critique-applications-et-recherche\/\" target=\"_blank\" rel=\"noreferrer noopener\">OZCAR<\/a> &#8211; Observatoires de la Zone Critique : Applications et Recherche<\/li><li><a href=\"https:\/\/asso.graie.org\/portail\/about-the-graie\/\" data-type=\"URL\" data-id=\"https:\/\/asso.graie.org\/portail\/about-the-graie\/\" target=\"_blank\" rel=\"noreferrer noopener\">Graie<\/a> &#8211; groupe de recherche, animation technique et information sur l\u2019eau<\/li><li><a href=\"https:\/\/www.pndb.fr\/en\/home\" data-type=\"URL\" data-id=\"https:\/\/www.pndb.fr\/en\/home\" target=\"_blank\" rel=\"noreferrer noopener\">PNDB<\/a> &#8211; \u00ab\u00a0Pole national des donn\u00e9es de biodiversit\u00e9\u00a0\u00bb<\/li><li><a href=\"https:\/\/www.lesagencesdeleau.fr\/\" data-type=\"URL\" data-id=\"https:\/\/www.lesagencesdeleau.fr\/\" target=\"_blank\" rel=\"noreferrer noopener\">Les Agences de l\u2019eau<\/a><\/li><\/ul>\n<\/div>\n\n\n\n<div class=\"wp-block-column is-layout-flow wp-block-column-is-layout-flow\">\n<h2 class=\"has-text-align-center has-text-color has-background wp-block-heading\" style=\"background-color:#f5f5f5;color:#6c6d71\">Missions<\/h2>\n\n\n\n<p>Un des objectifs d\u2019AMR-Env est de d\u00e9montrer la <strong>faisabilit\u00e9 d\u2019un syst\u00e8me de surveillance de l\u2019antibior\u00e9sistance dans l\u2019environnement en France<\/strong>.<\/p>\n\n\n\n<p>Cette \u00e9tude de faisabilit\u00e9 repose sur la s\u00e9lection d\u2019indicateurs de surveillance pertinents ainsi que sur une standardisation des proc\u00e9dure d\u2019\u00e9chantillonnage et d\u2019analyse pour rendre les donn\u00e9es produites interop\u00e9rables. Les indicateurs de surveillance retenus incluent&nbsp;:<\/p>\n\n\n\n<ul class=\"wp-block-list\"><li>Le ratio <em>E. coli<\/em> BLSE sur <em>E. coli<\/em> totaux,<\/li><li>L\u2019abondance relative du g\u00e8ne <em>intI1<\/em>,<\/li><li>Des cassettes d\u2019int\u00e9grons (pour \u00e9valuer l\u2019origine de la contamination).<\/li><\/ul>\n\n\n\n<p>Tous les membres d\u2019AMR-Env se sont engag\u00e9s \u00e0 une harmonisation et inter-calibration de leurs protocoles pour quantifier ses indicateurs.<\/p>\n\n\n\n<p>La pertinence de ses indicateurs sera d\u00e9montr\u00e9e sur des \u00e9chantillons existants mais aussi via des \u00e9tudes pilotes sur des sites int\u00e9ressants.<\/p>\n<\/div>\n<\/div>\n\n\n\n<iframe loading=\"lazy\" src=\"https:\/\/www.google.com\/maps\/d\/embed?mid=11TfLKYiqjfMkn31LBvOLq1i-zwyOkoM&amp;ehbc=2E312F&amp;noprof=1\" width=\"1250\" height=\"650\"><\/iframe>","protected":false},"excerpt":{"rendered":"<p>Membres Le groupe de travail AMR-Env de PROMISE est un nouveau r\u00e9seau fran\u00e7ais d\u00e9di\u00e9 \u00e0 l\u2019antibior\u00e9sistance dans l\u2019environnement, amorc\u00e9 dans le cadre du m\u00e9ta-r\u00e9seau. Il rassemble 22 unit\u00e9s de recherche (voir carte interactive ci-dessous) et 4 r\u00e9seaux fran\u00e7ais existants : OZCAR &#8211; Observatoires de la Zone Critique : Applications et Recherche Graie &#8211; groupe de recherche, animation technique et information sur l\u2019eau PNDB &#8211; \u00ab\u00a0Pole national des donn\u00e9es de biodiversit\u00e9\u00a0\u00bb&#8230;<\/p>\n<p> <a class=\"continue-reading-link\" href=\"https:\/\/amr-promise.fr\/fr\/amr-env\/\"><span>Lire plus \/ Read more<\/span><i class=\"crycon-right-dir\"><\/i><\/a> <\/p>\n","protected":false},"author":2230,"featured_media":0,"parent":0,"menu_order":0,"comment_status":"closed","ping_status":"closed","template":"","meta":{"_mc_calendar":[],"footnotes":""},"class_list":["post-118","page","type-page","status-publish","hentry"],"_links":{"self":[{"href":"https:\/\/amr-promise.fr\/fr\/wp-json\/wp\/v2\/pages\/118","targetHints":{"allow":["GET"]}}],"collection":[{"href":"https:\/\/amr-promise.fr\/fr\/wp-json\/wp\/v2\/pages"}],"about":[{"href":"https:\/\/amr-promise.fr\/fr\/wp-json\/wp\/v2\/types\/page"}],"author":[{"embeddable":true,"href":"https:\/\/amr-promise.fr\/fr\/wp-json\/wp\/v2\/users\/2230"}],"replies":[{"embeddable":true,"href":"https:\/\/amr-promise.fr\/fr\/wp-json\/wp\/v2\/comments?post=118"}],"version-history":[{"count":15,"href":"https:\/\/amr-promise.fr\/fr\/wp-json\/wp\/v2\/pages\/118\/revisions"}],"predecessor-version":[{"id":2622,"href":"https:\/\/amr-promise.fr\/fr\/wp-json\/wp\/v2\/pages\/118\/revisions\/2622"}],"wp:attachment":[{"href":"https:\/\/amr-promise.fr\/fr\/wp-json\/wp\/v2\/media?parent=118"}],"curies":[{"name":"wp","href":"https:\/\/api.w.org\/{rel}","templated":true}]}}