

{"id":121,"date":"2022-09-07T13:59:28","date_gmt":"2022-09-07T11:59:28","guid":{"rendered":"https:\/\/project.inria.fr\/promise\/?page_id=121"},"modified":"2024-04-02T11:06:56","modified_gmt":"2024-04-02T09:06:56","slug":"antibiodeal","status":"publish","type":"page","link":"https:\/\/amr-promise.fr\/fr\/antibiodeal\/","title":{"rendered":"AntibioDEAL"},"content":{"rendered":"<div class=\"wp-block-image\"><figure class=\"aligncenter size-full\"><a href=\"https:\/\/amr-promise.fr\/files\/2023\/06\/antibiodeal-864x300-1.jpg\"><img loading=\"lazy\" decoding=\"async\" width=\"864\" height=\"300\" src=\"https:\/\/amr-promise.fr\/files\/2023\/06\/antibiodeal-864x300-1.jpg\" alt=\"\" class=\"wp-image-938\" srcset=\"https:\/\/amr-promise.fr\/files\/2023\/06\/antibiodeal-864x300-1.jpg 864w, https:\/\/amr-promise.fr\/files\/2023\/06\/antibiodeal-864x300-1-300x104.jpg 300w, https:\/\/amr-promise.fr\/files\/2023\/06\/antibiodeal-864x300-1-768x267.jpg 768w, https:\/\/amr-promise.fr\/files\/2023\/06\/antibiodeal-864x300-1-150x52.jpg 150w\" sizes=\"auto, (max-width: 864px) 100vw, 864px\" \/><\/a><\/figure><\/div>\n\n\n\n<p class=\"has-text-align-center\">Contact : <a href=\"mailto:antibiodeal@unicaen.fr\">antibiodeal@unicaen.fr<\/a><\/p>\n\n\n\n<div class=\"wp-block-columns is-layout-flex wp-container-core-columns-is-layout-9d6595d7 wp-block-columns-is-layout-flex\">\n<div class=\"wp-block-column is-layout-flow wp-block-column-is-layout-flow\">\n<h2 class=\"has-text-align-center has-text-color has-background wp-block-heading\" style=\"background-color:#f5f5f5;color:#6c6d71\">Contexte<\/h2>\n\n\n\n<p>L&rsquo;un des piliers pour <strong>contourner la r\u00e9sistance aux antimicrobiens<\/strong> (RAM) est le&nbsp;d\u00e9veloppement de nouveaux agents anti-infectieux. M\u00eame si le pipeline actuel&nbsp;d&rsquo;antibiotiques a lentement augment\u00e9 depuis le d\u00e9but des ann\u00e9es 2000, il reste trop limit\u00e9&nbsp;pour contrer le d\u00e9veloppement de la RAM. \u00c0 la lumi\u00e8re de ce besoin criant en nouvelles&nbsp;mol\u00e9cules antibact\u00e9riennes, il est primordial de repenser le processus de d\u00e9couverte d&rsquo;antiinfectieux. <\/p>\n\n\n\n<p>Aujourd\u2019hui, il n&rsquo;existe aucune initiative ou r\u00e9seau sur la sc\u00e8ne nationale qui se&nbsp;concentre sur les premi\u00e8res \u00e9tapes de la d\u00e9couverte d&rsquo;antimicrobiens. La mise en place du&nbsp;<strong>groupe de travail AntibioDEAL de PROMISE<\/strong> propose de combler ce manque.<\/p>\n\n\n\n<p><strong>Le d\u00e9veloppement d&rsquo;antibiotiques est unique en son genre dans le domaine des sciences&nbsp;pharmaceutiques<\/strong>. Des prix de vente bas et de l\u2019obligation de limiter leur utilisation, a conduit&nbsp;les entreprises pharmaceutiques \u00e0 fuir ce domaine, volontairement ou pour des raisons&nbsp;\u00e9conomiques. <\/p>\n\n\n\n<p>Aujourd&rsquo;hui, la plupart des <strong>recherches fondamentales sur la d\u00e9couverte&nbsp;d&rsquo;antibiotiques<\/strong> <em>(voir illustration ci-dessous)<\/em> sont men\u00e9es dans les universit\u00e9s et les petites et moyennes entreprises&nbsp;(PMEs), qui doivent faire face \u00e0 l&rsquo;attrition associ\u00e9e aux premi\u00e8res phases d&rsquo;\u00e9valuation&nbsp;pr\u00e9clinique et clinique et aux risques importants li\u00e9s au capital. Dans la plupart de ces&nbsp;structures, l&rsquo;expertise et l&rsquo;infrastructure en mati\u00e8re de R&amp;D anti-infectieuse ne sont pas&nbsp;couramment disponibles. En effet, selon le <a rel=\"noreferrer noopener\" href=\"https:\/\/cms.wellcome.org\/sites\/default\/files\/2020-12\/rfp-landscape-review-anitbiotic-development.pdf\" data-type=\"URL\" data-id=\"https:\/\/cms.wellcome.org\/sites\/default\/files\/2020-12\/rfp-landscape-review-anitbiotic-development.pdf\" target=\"_blank\">Wellcome Trust<\/a>, le nombre de demandes rejet\u00e9es&nbsp;par CARB-X (&gt;93%) illustre le manque de compr\u00e9hension des donn\u00e9es scientifiques&nbsp;n\u00e9cessaires pour d\u00e9velopper avec succ\u00e8s de nouveaux agents antibact\u00e9riens.<\/p>\n\n\n\n<div style=\"height:20px\" aria-hidden=\"true\" class=\"wp-block-spacer\"><\/div>\n<\/div>\n\n\n\n<div class=\"wp-block-column is-layout-flow wp-block-column-is-layout-flow\">\n<h2 class=\"has-text-align-center has-text-color has-background wp-block-heading\" style=\"background-color:#f5f5f5;color:#6c6d71\">Missions<\/h2>\n\n\n\n<p>AntibioDEAL vise \u00e0 rassembler des parties prenantes d&rsquo;horizons divers et \u00e0 mettre en place\u00a0des groupes de travail \u00e0 l\u2019\u00e9chelle nationale coh\u00e9rents sur l&rsquo;aspect de <strong>la d\u00e9couverte\u00a0d&rsquo;antimicrobiens et leur \u00e9valuation pr\u00e9clinique pour lutter contre la RAM<\/strong>. <\/p>\n\n\n\n<p>Le champ&nbsp;d&rsquo;application a \u00e9t\u00e9 d\u00e9fini aux compos\u00e9s actifs directs et indirects. En \u00e9tablissant un r\u00e9seau&nbsp;d&rsquo;experts du secteur universitaire et industriel bas\u00e9s en France, AntibioDEAL soutiendra le&nbsp;succ\u00e8s des d\u00e9couvertes futures en partageant l&rsquo;expertise, les donn\u00e9es et les connaissances,&nbsp;et en identifiant les goulots d&rsquo;\u00e9tranglement techniques et scientifiques. Des tables rondes,&nbsp;des enqu\u00eates et des ateliers permettront d&rsquo;\u00e9tablir un rapport d\u00e9crivant une proc\u00e9dure&nbsp;op\u00e9ratoire standard pour la d\u00e9couverte et l\u2019analyse de nouveaux antimicrobiens. Ainsi,&nbsp;AntibioDEAL devrait contribuer \u00e0 la r\u00e9ussite des \u00e9quipes nationales lors d\u2019appels \u00e0 projets&nbsp;nationaux et internationaux (eg. CARB-X, Novo REPAIR).<\/p>\n\n\n\n<p><strong>AntibioDEAL s&rsquo;articule autour de trois objectifs principaux :<\/strong><\/p>\n\n\n\n<ol class=\"wp-block-list\"><li>contacter toutes les parties&nbsp;prenantes nationales et mettre en place un registre national complet dans le domaine de la&nbsp;d\u00e9couverte d&rsquo;antibiotiques ;<\/li><li>cr\u00e9er des groupes de travail d&rsquo;experts dans l\u2019initiative un&nbsp;sant\u00e9 unique qui identifieront les freins techniques et scientifiques nationaux de la recherche&nbsp;fondamentale et la d\u00e9couverte exploratoire d&rsquo;antibiotiques ;<\/li><li>\u00e9tablir une proc\u00e9dure&nbsp;op\u00e9ratoire standard de d\u00e9veloppement. Dans son ensemble, AntibioDEAL vise \u00e0 renforcer le&nbsp;pipeline de d\u00e9couverte pr\u00e9coce d\u2019agents antiinfectieux en permettant aux universitaires et&nbsp;aux PMEs de collaborer ou d\u00e9velopper les comp\u00e9tences et l&rsquo;expertise n\u00e9cessaires pour une&nbsp;recherche translationnelle efficace.<\/li><\/ol>\n<\/div>\n<\/div>\n\n\n\n<div class=\"wp-block-image\"><figure class=\"aligncenter size-large\"><a href=\"https:\/\/amr-promise.fr\/files\/2022\/11\/Workflow-antibioDEAL.png\"><img loading=\"lazy\" decoding=\"async\" width=\"1024\" height=\"600\" src=\"https:\/\/amr-promise.fr\/files\/2022\/11\/Workflow-antibioDEAL-1024x600.png\" alt=\"\" class=\"wp-image-302\" srcset=\"https:\/\/amr-promise.fr\/files\/2022\/11\/Workflow-antibioDEAL-1024x600.png 1024w, https:\/\/amr-promise.fr\/files\/2022\/11\/Workflow-antibioDEAL-300x176.png 300w, https:\/\/amr-promise.fr\/files\/2022\/11\/Workflow-antibioDEAL-768x450.png 768w, https:\/\/amr-promise.fr\/files\/2022\/11\/Workflow-antibioDEAL-150x88.png 150w, https:\/\/amr-promise.fr\/files\/2022\/11\/Workflow-antibioDEAL.png 1602w\" sizes=\"auto, (max-width: 1024px) 100vw, 1024px\" \/><\/a><\/figure><\/div>\n\n\n\n<div style=\"height:30px\" aria-hidden=\"true\" class=\"wp-block-spacer\"><\/div>\n\n\n\n<div class=\"wp-block-columns is-layout-flex wp-container-core-columns-is-layout-9d6595d7 wp-block-columns-is-layout-flex\">\n<div class=\"wp-block-column is-layout-flow wp-block-column-is-layout-flow\">\n<div class=\"wp-block-buttons is-vertical is-content-justification-right is-layout-flex wp-container-core-buttons-is-layout-07decfea wp-block-buttons-is-layout-flex\">\n<div class=\"wp-block-button\"><a class=\"wp-block-button__link has-background\" href=\"https:\/\/twitter.com\/AntibioDEAL\" style=\"border-radius:10px;background-color:#1a84c7\" target=\"_blank\" rel=\"noreferrer noopener\">AntibioDEAL &#8211; Compte X (ex-Twitter)<\/a><\/div>\n\n\n\n<div class=\"wp-block-button\"><a class=\"wp-block-button__link has-background\" href=\"https:\/\/www.linkedin.com\/company\/antibiodeal\" style=\"border-radius:10px;background-color:#1a84c7\" target=\"_blank\" rel=\"noreferrer noopener\">AntibioDEAL &#8211; Page LinkedIn<\/a><\/div>\n<\/div>\n<\/div>\n\n\n\n<div class=\"wp-block-column is-layout-flow wp-block-column-is-layout-flow\">\n<div class=\"wp-block-buttons is-vertical is-content-justification-left is-layout-flex wp-container-core-buttons-is-layout-aacc3761 wp-block-buttons-is-layout-flex\">\n<div class=\"wp-block-button\"><a class=\"wp-block-button__link has-background\" href=\"https:\/\/amr-promise.fr\/fr\/antibiodeal-expertises-et-ressources\/\" style=\"border-radius:10px;background-color:#1a84c7\" target=\"_blank\" rel=\"noreferrer noopener\">AntibioDEAL &#8211; Expertises et ressources<\/a><\/div>\n\n\n\n<div class=\"wp-block-button\"><a class=\"wp-block-button__link has-background\" href=\"https:\/\/amr-promise.fr\/fr\/antibiodeal-carte-des-acteurs\/\" style=\"border-radius:10px;background-color:#1a84c7\" target=\"_blank\" rel=\"noreferrer noopener\">AntibioDEAL &#8211; Carte des acteurs<\/a><\/div>\n<\/div>\n<\/div>\n<\/div>","protected":false},"excerpt":{"rendered":"<p>Contact : antibiodeal@unicaen.fr Contexte L&rsquo;un des piliers pour contourner la r\u00e9sistance aux antimicrobiens (RAM) est le&nbsp;d\u00e9veloppement de nouveaux agents anti-infectieux. M\u00eame si le pipeline actuel&nbsp;d&rsquo;antibiotiques a lentement augment\u00e9 depuis le d\u00e9but des ann\u00e9es 2000, il reste trop limit\u00e9&nbsp;pour contrer le d\u00e9veloppement de la RAM. \u00c0 la lumi\u00e8re de ce besoin criant en nouvelles&nbsp;mol\u00e9cules antibact\u00e9riennes, il est primordial de repenser le processus de d\u00e9couverte d&rsquo;antiinfectieux. Aujourd\u2019hui, il n&rsquo;existe aucune initiative ou&#8230;<\/p>\n<p> <a class=\"continue-reading-link\" href=\"https:\/\/amr-promise.fr\/fr\/antibiodeal\/\"><span>Lire plus \/ Read more<\/span><i class=\"crycon-right-dir\"><\/i><\/a> <\/p>\n","protected":false},"author":2230,"featured_media":0,"parent":0,"menu_order":0,"comment_status":"closed","ping_status":"closed","template":"","meta":{"_mc_calendar":[],"footnotes":""},"class_list":["post-121","page","type-page","status-publish","hentry"],"_links":{"self":[{"href":"https:\/\/amr-promise.fr\/fr\/wp-json\/wp\/v2\/pages\/121","targetHints":{"allow":["GET"]}}],"collection":[{"href":"https:\/\/amr-promise.fr\/fr\/wp-json\/wp\/v2\/pages"}],"about":[{"href":"https:\/\/amr-promise.fr\/fr\/wp-json\/wp\/v2\/types\/page"}],"author":[{"embeddable":true,"href":"https:\/\/amr-promise.fr\/fr\/wp-json\/wp\/v2\/users\/2230"}],"replies":[{"embeddable":true,"href":"https:\/\/amr-promise.fr\/fr\/wp-json\/wp\/v2\/comments?post=121"}],"version-history":[{"count":44,"href":"https:\/\/amr-promise.fr\/fr\/wp-json\/wp\/v2\/pages\/121\/revisions"}],"predecessor-version":[{"id":1857,"href":"https:\/\/amr-promise.fr\/fr\/wp-json\/wp\/v2\/pages\/121\/revisions\/1857"}],"wp:attachment":[{"href":"https:\/\/amr-promise.fr\/fr\/wp-json\/wp\/v2\/media?parent=121"}],"curies":[{"name":"wp","href":"https:\/\/api.w.org\/{rel}","templated":true}]}}