

{"id":126,"date":"2022-09-07T14:05:52","date_gmt":"2022-09-07T12:05:52","guid":{"rendered":"https:\/\/project.inria.fr\/promise\/?page_id=126"},"modified":"2025-09-04T11:17:59","modified_gmt":"2025-09-04T09:17:59","slug":"coordination-team","status":"publish","type":"page","link":"https:\/\/amr-promise.fr\/fr\/coordination-team\/","title":{"rendered":"Equipe de coordination"},"content":{"rendered":"<h2 class=\"has-text-align-center has-text-color has-background wp-block-heading\" style=\"background-color:#f5f5f5;color:#6c6d71\">Les coordinateurs<\/h2>\n\n\n\n<div class=\"wp-block-columns is-layout-flex wp-container-core-columns-is-layout-9d6595d7 wp-block-columns-is-layout-flex\">\n<div class=\"wp-block-column is-layout-flow wp-block-column-is-layout-flow\">\n<div class=\"wp-block-image is-style-rounded\"><figure class=\"aligncenter size-thumbnail\"><a href=\"https:\/\/amr-promise.fr\/files\/2022\/09\/MCPloy.jpg\"><img loading=\"lazy\" decoding=\"async\" width=\"150\" height=\"150\" src=\"https:\/\/amr-promise.fr\/files\/2022\/09\/MCPloy-150x150.jpg\" alt=\"\" class=\"wp-image-142\"\/><\/a><\/figure><\/div>\n\n\n\n<p><strong>Marie-C\u00e9cile Ploy<\/strong> est directrice de l\u2019<a href=\"https:\/\/www.unilim.fr\/resinfit\/\" data-type=\"URL\" data-id=\"https:\/\/www.unilim.fr\/resinfit\/\" target=\"_blank\" rel=\"noreferrer noopener\">Unit\u00e9 INSERM 1092<\/a>. Sa recherche se concentre sur les \u00e9l\u00e9ments g\u00e9n\u00e9tiques impliqu\u00e9s dans la diss\u00e9mination de l\u2019antibior\u00e9sistance (ATBR) entre les diff\u00e9rents r\u00e9servoirs (homme-animal environnement) et les facteurs qui impactent cette diss\u00e9mination. Elle travaille \u00e9galement sur la caract\u00e9risation de biomarqueurs cliniques pour le diagnostic rapide de l\u2019ATBR et de biomarqueurs environnementaux pour mieux \u00e9valuer le risque pos\u00e9 par ce r\u00e9servoir. Pendant 3 ans, elle a \u00e9galement coordonn\u00e9e l\u2019action conjointe Europ\u00e9enne de lutte contre l\u2019ATBR et les infections associ\u00e9es aux soins (EU-JAMRAI).<\/p>\n\n\n\n<p class=\"has-text-align-center\"><a href=\"mailto:marie-cecile.ploy@unilim.fr\" data-type=\"mailto\" data-id=\"mailto:marie-cecile.ploy@unilim.fr\">marie-cecile.ploy@unilim.fr<\/a><\/p>\n<\/div>\n\n\n\n<div class=\"wp-block-column is-layout-flow wp-block-column-is-layout-flow\">\n<div class=\"wp-block-image is-style-rounded\"><figure class=\"aligncenter size-full\"><a href=\"https:\/\/amr-promise.fr\/files\/2023\/06\/images.jpg\"><img loading=\"lazy\" decoding=\"async\" width=\"145\" height=\"150\" src=\"https:\/\/amr-promise.fr\/files\/2023\/06\/images.jpg\" alt=\"\" class=\"wp-image-809\"\/><\/a><\/figure><\/div>\n\n\n\n<p><strong>Bruno Fran\u00e7ois<\/strong> est un praticien hospitalier, directeur du <a href=\"https:\/\/cic.chu-limoges.fr\/portail\/fr-fr\/\" data-type=\"URL\" data-id=\"https:\/\/cic.chu-limoges.fr\/portail\/fr-fr\/\" target=\"_blank\" rel=\"noreferrer noopener\">Centre d\u2019Investigation Clinique de Limoges<\/a> et co-directeur du service de r\u00e9animation polyvalente du <a href=\"https:\/\/www.chu-limoges.fr\/\" data-type=\"URL\" data-id=\"https:\/\/www.chu-limoges.fr\/\" target=\"_blank\" rel=\"noreferrer noopener\">CHU de Limoges<\/a>. Il s\u2019int\u00e9resse au d\u00e9veloppement de mol\u00e9cules et strat\u00e9gies innovantes pour traiter les patients critiques (choc septique notamment). Il travaille \u00e9galement sur des strat\u00e9gies th\u00e9rapeutiques \u00e0 base d\u2019anticorps monoclonaux pour traiter les pneumopathies acquises sous ventilation m\u00e9canique. Bruno Fran\u00e7ois est \u00e9galement impliqu\u00e9 dans plusieurs r\u00e9seaux Europ\u00e9ens de recherche clinique (ECRAID, COMBACTE\u2026).<\/p>\n\n\n\n<p class=\"has-text-align-center\"><a href=\"mailto:bruno.francois@chu-limoges.fr\" data-type=\"mailto\" data-id=\"mailto:bruno.francois@chu-limoges.fr\">bruno.francois@chu-limoges.fr<\/a><\/p>\n<\/div>\n<\/div>\n\n\n\n<h2 class=\"has-text-align-center has-text-color has-background wp-block-heading\" style=\"background-color:#f5f5f5;color:#6c6d71\">Les chefs de projet<\/h2>\n\n\n\n<div class=\"wp-block-columns is-layout-flex wp-container-core-columns-is-layout-9d6595d7 wp-block-columns-is-layout-flex\">\n<div class=\"wp-block-column is-layout-flow wp-block-column-is-layout-flow\" style=\"flex-basis:50%\">\n<div class=\"wp-block-image is-style-rounded\"><figure class=\"aligncenter size-full\"><a href=\"https:\/\/amr-promise.fr\/files\/2025\/09\/yolanda-gonzalez_flores.jpg\"><img loading=\"lazy\" decoding=\"async\" width=\"150\" height=\"150\" src=\"https:\/\/amr-promise.fr\/files\/2025\/09\/yolanda-gonzalez_flores.jpg\" alt=\"\" class=\"wp-image-3030\"\/><\/a><\/figure><\/div>\n\n\n\n<p>Membre de l&rsquo;<a rel=\"noreferrer noopener\" href=\"https:\/\/www.unilim.fr\/resinfit\/\" data-type=\"URL\" data-id=\"https:\/\/www.unilim.fr\/resinfit\/\" target=\"_blank\">UMR INSERM 1092<\/a>, <strong>Yolanda Gonzalez Flores<\/strong> dispose d&rsquo;un PhD en microbiologie et a eu l&rsquo;occasion de travailler sur des projets de recherche AMR \u00e0 l&rsquo;interface One Health. Elle est aujourd&rsquo;hui charg\u00e9e de projet PROMISE. <\/p>\n\n\n\n<p class=\"has-text-align-center\"><a href=\"mailto:yolanda.gonzalez-flores@unilim.fr\" data-type=\"mailto\" data-id=\"mailto:yolanda.gonzalez-flores@unilim.fr\">yolanda.gonzalez-flores@unilim.fr<\/a><\/p>\n<\/div>\n\n\n\n<div class=\"wp-block-column is-layout-flow wp-block-column-is-layout-flow\" style=\"flex-basis:50%\">\n<div class=\"wp-block-image is-style-rounded\"><figure class=\"aligncenter size-thumbnail\"><a href=\"https:\/\/amr-promise.fr\/files\/2022\/09\/Mon-projet.jpg\"><img loading=\"lazy\" decoding=\"async\" width=\"150\" height=\"150\" src=\"https:\/\/amr-promise.fr\/files\/2022\/09\/Mon-projet-150x150.jpg\" alt=\"\" class=\"wp-image-290\"\/><\/a><\/figure><\/div>\n\n\n\n<p>Apr\u00e8s une th\u00e8se de science et plusieurs exp\u00e9riences de recherche fondamentale dans le domaine de l\u2019antibior\u00e9sistance, <strong>Yohann Lacotte<\/strong> travaille aujourd&rsquo;hui comme chef de projet <a rel=\"noreferrer noopener\" href=\"https:\/\/eu-jamrai.eu\/\" data-type=\"URL\" data-id=\"https:\/\/eu-jamrai.eu\/\" target=\"_blank\">EU-JAMRAI 2<\/a>. Il est historiquement le premier chef de projet PROMISE.<\/p>\n\n\n\n<p class=\"has-text-align-center\"><a href=\"mailto:yohann.lacotte@inserm.fr\" data-type=\"mailto\" data-id=\"mailto:yohann.lacotte@inserm.fr\">yohann.lacotte@inserm.fr<\/a><\/p>\n<\/div>\n<\/div>\n\n\n\n<h2 class=\"has-text-align-center has-text-color has-background wp-block-heading\" style=\"background-color:#f5f5f5;color:#6c6d71\">L&rsquo;\u00e9quipe de coordination<\/h2>\n\n\n\n<div class=\"wp-block-columns is-layout-flex wp-container-core-columns-is-layout-9d6595d7 wp-block-columns-is-layout-flex\">\n<div class=\"wp-block-column is-layout-flow wp-block-column-is-layout-flow\">\n<div class=\"wp-block-image is-style-rounded\"><figure class=\"aligncenter size-thumbnail\"><a href=\"https:\/\/amr-promise.fr\/files\/2022\/09\/Mon-projet-7.jpg\"><img loading=\"lazy\" decoding=\"async\" width=\"150\" height=\"150\" src=\"https:\/\/amr-promise.fr\/files\/2022\/09\/Mon-projet-7-150x150.jpg\" alt=\"\" class=\"wp-image-289\"\/><\/a><\/figure><\/div>\n\n\n\n<p>Professeur et chercheur au sein de l\u2019<a rel=\"noreferrer noopener\" href=\"https:\/\/www.unilim.fr\/resinfit\/\" data-type=\"URL\" data-id=\"https:\/\/www.unilim.fr\/resinfit\/\" target=\"_blank\">UMR INSERM 1092<\/a>, <strong>Christophe Dagot<\/strong> est expert en traitement des eaux us\u00e9es et expert sur l\u2019ATBR dans l\u2019environnement. Il a \u00e9t\u00e9 impliqu\u00e9 dans de nombreux projets nationaux et internationaux sur le sujet.<\/p>\n\n\n\n<p class=\"has-text-align-center\"><a href=\"mailto:christophe.dagot@unilim.fr\" data-type=\"mailto\" data-id=\"mailto:christophe.dagot@unilim.fr\">christophe.dagot@unilim.fr<\/a><\/p>\n<\/div>\n\n\n\n<div class=\"wp-block-column is-layout-flow wp-block-column-is-layout-flow\">\n<div class=\"wp-block-image is-style-rounded\"><figure class=\"aligncenter size-thumbnail\"><a href=\"https:\/\/amr-promise.fr\/files\/2023\/10\/sophie-boyer.jpg\"><img loading=\"lazy\" decoding=\"async\" width=\"150\" height=\"150\" src=\"https:\/\/amr-promise.fr\/files\/2023\/10\/sophie-boyer-150x150.jpg\" alt=\"\" class=\"wp-image-1387\" srcset=\"https:\/\/amr-promise.fr\/files\/2023\/10\/sophie-boyer-150x150.jpg 150w, https:\/\/amr-promise.fr\/files\/2023\/10\/sophie-boyer.jpg 250w\" sizes=\"auto, (max-width: 150px) 100vw, 150px\" \/><\/a><\/figure><\/div>\n\n\n\n<p>Forte d&rsquo;une exp\u00e9rience comme coordinatrice\/cheffe de projet au sein de la Chaire \u00ab\u00a0Intelligence Artificielle et Bien-Vieillir\u00a0\u00bb de l&rsquo;Universit\u00e9 de Limoges, <strong>Sophie Boyer<\/strong> a rejoint le <a rel=\"noreferrer noopener\" href=\"https:\/\/cic.chu-limoges.fr\/portail\/fr-fr\/\" data-type=\"URL\" data-id=\"https:\/\/cic.chu-limoges.fr\/portail\/fr-fr\/\" target=\"_blank\">Centre d\u2019Investigation Clinique<\/a> en tant que cheffe de projet clinique.<\/p>\n\n\n\n<p class=\"has-text-align-center\"><a href=\"mailto:sophie.boyer@chu-limoges.fr\">sophie.boyer@chu-limoges.fr<\/a><\/p>\n<\/div>\n<\/div>\n\n\n\n<div class=\"wp-block-columns is-layout-flex wp-container-core-columns-is-layout-9d6595d7 wp-block-columns-is-layout-flex\">\n<div class=\"wp-block-column is-layout-flow wp-block-column-is-layout-flow\">\n<div class=\"wp-block-image is-style-rounded\"><figure class=\"aligncenter size-thumbnail\"><a href=\"https:\/\/amr-promise.fr\/files\/2022\/09\/Mon-projet-5.jpg\"><img loading=\"lazy\" decoding=\"async\" width=\"150\" height=\"150\" src=\"https:\/\/amr-promise.fr\/files\/2022\/09\/Mon-projet-5-150x150.jpg\" alt=\"\" class=\"wp-image-287\"\/><\/a><\/figure><\/div>\n\n\n\n<p><strong>Olivier Barraud<\/strong> est un microbiologiste m\u00e9dical tr\u00e8s impliqu\u00e9 en recherche clinique et translationnelle fort de collaborations avec le Centre d\u2019Investigation Clinique du <a href=\"https:\/\/www.chu-limoges.fr\/\" data-type=\"URL\" data-id=\"https:\/\/www.chu-limoges.fr\/\" target=\"_blank\" rel=\"noreferrer noopener\">CHU de Limoges<\/a>. Il fait partie d\u2019un r\u00e9seau fran\u00e7ais de jeunes microbiologistes.<\/p>\n\n\n\n<p class=\"has-text-align-center\"><a href=\"mailto:olivier.barraud@unilim.fr\">olivier.barraud@unilim.fr<\/a><\/p>\n<\/div>\n\n\n\n<div class=\"wp-block-column is-layout-flow wp-block-column-is-layout-flow\">\n<div class=\"wp-block-image is-style-rounded\"><figure class=\"aligncenter size-full\"><a href=\"https:\/\/amr-promise.fr\/files\/2023\/06\/Pfender_Elodie_Small.jpg\"><img loading=\"lazy\" decoding=\"async\" width=\"145\" height=\"150\" src=\"https:\/\/amr-promise.fr\/files\/2023\/06\/Pfender_Elodie_Small.jpg\" alt=\"\" class=\"wp-image-814\"\/><\/a><\/figure><\/div>\n\n\n\n<p>En tant que pharmacienne coordinatrice du <a href=\"https:\/\/cic.chu-limoges.fr\/portail\/fr-fr\/\" data-type=\"URL\" data-id=\"https:\/\/cic.chu-limoges.fr\/portail\/fr-fr\/\" target=\"_blank\" rel=\"noreferrer noopener\">Centre d\u2019Investigation Clinique de Limoges<\/a>, <strong>Elodie Pfender<\/strong> dispose d\u2019une grande exp\u00e9rience dans le management de projets nationaux et internationaux.<\/p>\n\n\n\n<p class=\"has-text-align-center\"><a href=\"mailto:elodie.pfender@chu-limoges.fr\">elodie.pfender@chu-limoges.fr<\/a><\/p>\n<\/div>\n<\/div>\n\n\n\n<h2 class=\"has-text-align-center has-text-color has-background wp-block-heading\" style=\"background-color:#f5f5f5;color:#6c6d71\">Le support administratif<\/h2>\n\n\n\n<div class=\"wp-block-columns is-layout-flex wp-container-core-columns-is-layout-9d6595d7 wp-block-columns-is-layout-flex\">\n<div class=\"wp-block-column is-layout-flow wp-block-column-is-layout-flow\">\n<div class=\"wp-block-image is-style-rounded\"><figure class=\"aligncenter size-full\"><a href=\"https:\/\/amr-promise.fr\/files\/2022\/09\/LENAOUR_Tifenn_Small.jpg\"><img loading=\"lazy\" decoding=\"async\" width=\"145\" height=\"150\" src=\"https:\/\/amr-promise.fr\/files\/2022\/09\/LENAOUR_Tifenn_Small.jpg\" alt=\"\" class=\"wp-image-254\"\/><\/a><\/figure><\/div>\n\n\n\n<p>Secr\u00e9taire au <a href=\"https:\/\/cic.chu-limoges.fr\/portail\/fr-fr\/\" data-type=\"URL\" data-id=\"https:\/\/cic.chu-limoges.fr\/portail\/fr-fr\/\" target=\"_blank\" rel=\"noreferrer noopener\">Centre d\u2019Investigation Clinique de Limoges<\/a>, <strong>Tifenn Le Naour<\/strong> collabore \u00e9troitement avec le p\u00f4le Europe et apporte son soutien \u00e0 diff\u00e9rents projets sur l\u2019aspect \u00e9v\u00e8nementiel.<\/p>\n\n\n\n<p class=\"has-text-align-center\"><a href=\"mailto:secretariat.cic@chu-limoges.fr\">secretariat.cic@chu-limoges.fr<\/a><\/p>\n<\/div>\n\n\n\n<div class=\"wp-block-column is-layout-flow wp-block-column-is-layout-flow\">\n<div class=\"wp-block-image is-style-rounded\"><figure class=\"aligncenter size-full\"><a href=\"https:\/\/amr-promise.fr\/files\/2025\/09\/min-barnet.jpg\"><img loading=\"lazy\" decoding=\"async\" width=\"150\" height=\"150\" src=\"https:\/\/amr-promise.fr\/files\/2025\/09\/min-barnet.jpg\" alt=\"\" class=\"wp-image-3028\"\/><\/a><\/figure><\/div>\n\n\n\n<p>Assistante de gestion au sein de l\u2019<a rel=\"noreferrer noopener\" href=\"https:\/\/www.unilim.fr\/resinfit\/\" data-type=\"URL\" data-id=\"https:\/\/www.unilim.fr\/resinfit\/\" target=\"_blank\">Unit\u00e9 INSERM 1092<\/a>, <strong>Min Barnet<\/strong> apporte son soutien au laboratoire et travaille sur plusieurs projets nationaux et europ\u00e9ens. <\/p>\n\n\n\n<p class=\"has-text-align-center\"><a href=\"mailto:jing-min.barnet@inserm.fr\" data-type=\"mailto\" data-id=\"mailto:jing-min.barnet@inserm.fr\">jing-min.barnet@inserm.fr<\/a><\/p>\n<\/div>\n<\/div>\n\n\n\n<div class=\"wp-block-columns is-layout-flex wp-container-core-columns-is-layout-9d6595d7 wp-block-columns-is-layout-flex\">\n<div class=\"wp-block-column is-layout-flow wp-block-column-is-layout-flow\" style=\"flex-basis:25%\"><\/div>\n\n\n\n<div class=\"wp-block-column is-layout-flow wp-block-column-is-layout-flow\" style=\"flex-basis:50%\">\n<div class=\"wp-block-image is-style-rounded\"><figure class=\"aligncenter size-large is-resized\"><a href=\"https:\/\/amr-promise.fr\/files\/2025\/05\/photo-pprofil.jpg\"><img loading=\"lazy\" decoding=\"async\" src=\"https:\/\/amr-promise.fr\/files\/2025\/05\/photo-pprofil-1024x1024.jpg\" alt=\"\" class=\"wp-image-2787\" width=\"150\" height=\"150\" srcset=\"https:\/\/amr-promise.fr\/files\/2025\/05\/photo-pprofil-1024x1024.jpg 1024w, https:\/\/amr-promise.fr\/files\/2025\/05\/photo-pprofil-300x300.jpg 300w, https:\/\/amr-promise.fr\/files\/2025\/05\/photo-pprofil-150x150.jpg 150w, https:\/\/amr-promise.fr\/files\/2025\/05\/photo-pprofil-768x768.jpg 768w, https:\/\/amr-promise.fr\/files\/2025\/05\/photo-pprofil.jpg 1433w\" sizes=\"auto, (max-width: 150px) 100vw, 150px\" \/><\/a><\/figure><\/div>\n\n\n\n<p>Assistant de communication au sein de l\u2019<a rel=\"noreferrer noopener\" href=\"https:\/\/www.unilim.fr\/resinfit\/\" data-type=\"URL\" data-id=\"https:\/\/www.unilim.fr\/resinfit\/\" target=\"_blank\">Unit\u00e9 INSERM 1092<\/a>, <strong>Geoffrey Couraud<\/strong> est community manager pour le projet PROMISE et intervient sur tous les aspects relatifs \u00e0 la communication (site web, newsletter, production graphique et \u00e9ditoriale, etc.).<\/p>\n\n\n\n<p class=\"has-text-align-center\"><a href=\"mailto:geoffrey.couraud@inserm.fr\" data-type=\"mailto\" data-id=\"mailto:geoffrey.couraud@inserm.fr\">geoffrey.couraud@inserm.fr<\/a><\/p>\n<\/div>\n\n\n\n<div class=\"wp-block-column is-layout-flow wp-block-column-is-layout-flow\" style=\"flex-basis:25%\"><\/div>\n<\/div>","protected":false},"excerpt":{"rendered":"<p>Les coordinateurs Marie-C\u00e9cile Ploy est directrice de l\u2019Unit\u00e9 INSERM 1092. Sa recherche se concentre sur les \u00e9l\u00e9ments g\u00e9n\u00e9tiques impliqu\u00e9s dans la diss\u00e9mination de l\u2019antibior\u00e9sistance (ATBR) entre les diff\u00e9rents r\u00e9servoirs (homme-animal environnement) et les facteurs qui impactent cette diss\u00e9mination. Elle travaille \u00e9galement sur la caract\u00e9risation de biomarqueurs cliniques pour le diagnostic rapide de l\u2019ATBR et de biomarqueurs environnementaux pour mieux \u00e9valuer le risque pos\u00e9 par ce r\u00e9servoir. Pendant 3 ans, elle&#8230;<\/p>\n<p> <a class=\"continue-reading-link\" href=\"https:\/\/amr-promise.fr\/fr\/coordination-team\/\"><span>Lire plus \/ Read more<\/span><i class=\"crycon-right-dir\"><\/i><\/a> <\/p>\n","protected":false},"author":2230,"featured_media":0,"parent":0,"menu_order":0,"comment_status":"closed","ping_status":"closed","template":"","meta":{"_mc_calendar":[],"footnotes":""},"class_list":["post-126","page","type-page","status-publish","hentry"],"_links":{"self":[{"href":"https:\/\/amr-promise.fr\/fr\/wp-json\/wp\/v2\/pages\/126","targetHints":{"allow":["GET"]}}],"collection":[{"href":"https:\/\/amr-promise.fr\/fr\/wp-json\/wp\/v2\/pages"}],"about":[{"href":"https:\/\/amr-promise.fr\/fr\/wp-json\/wp\/v2\/types\/page"}],"author":[{"embeddable":true,"href":"https:\/\/amr-promise.fr\/fr\/wp-json\/wp\/v2\/users\/2230"}],"replies":[{"embeddable":true,"href":"https:\/\/amr-promise.fr\/fr\/wp-json\/wp\/v2\/comments?post=126"}],"version-history":[{"count":65,"href":"https:\/\/amr-promise.fr\/fr\/wp-json\/wp\/v2\/pages\/126\/revisions"}],"predecessor-version":[{"id":3033,"href":"https:\/\/amr-promise.fr\/fr\/wp-json\/wp\/v2\/pages\/126\/revisions\/3033"}],"wp:attachment":[{"href":"https:\/\/amr-promise.fr\/fr\/wp-json\/wp\/v2\/media?parent=126"}],"curies":[{"name":"wp","href":"https:\/\/api.w.org\/{rel}","templated":true}]}}