

{"id":1281,"date":"2023-10-13T15:52:31","date_gmt":"2023-10-13T13:52:31","guid":{"rendered":"https:\/\/amr-promise.fr\/?page_id=1281"},"modified":"2025-04-03T17:33:13","modified_gmt":"2025-04-03T15:33:13","slug":"seminaire-thematique-promise","status":"publish","type":"page","link":"https:\/\/amr-promise.fr\/fr\/resultats\/seminaire-thematique-promise\/","title":{"rendered":"S\u00e9minaire th\u00e9matique : \u00ab\u00a0Entre impacts \u00e9cologiques et ruptures de stock, quels choix pour l&rsquo;antibioth\u00e9rapie de demain ?\u00a0\u00bb"},"content":{"rendered":"<h2 class=\"has-text-align-center has-text-color has-background wp-block-heading\" style=\"background-color:#f5f5f5;color:#6c6d71\">Contexte<\/h2>\n\n\n\n<p>Le 14 novembre 2022 au Minist\u00e8re de la Sant\u00e9 \u00e0 Paris (7\u00e8me arrondissement), <strong>un s\u00e9minaire th\u00e9matique a \u00e9t\u00e9 co-organis\u00e9 par le m\u00e9ta-r\u00e9seau PROMISE<\/strong>, la Soci\u00e9t\u00e9 de Pathologie Infectieuse de langue fran\u00e7aise (SPILF), le Groupe Bon Usage des Antibiotiques de la SPILF, le Centre R\u00e9gional en Antibioth\u00e9rapie du Grand Est (Antibioest) et le Centre de R\u00e9f\u00e9rence en Antibioth\u00e9rapie PACA (PACATB).<\/p>\n\n\n\n<p>Celui-ci avait pour th\u00e8me : <strong>\u00ab\u00a0Entre impacts \u00e9cologiques et ruptures de stock, quels choix pour l&rsquo;antibioth\u00e9rapie de demain ?\u00a0\u00bb<\/strong>. Il \u00e9tait destin\u00e9 aux professionnels publics et priv\u00e9s de sant\u00e9 humaine, animale ou environnementale, mais aussi aux chercheurs, d\u00e9cideurs, enseignants, \u00e9tudiants, associations environnementales et d&rsquo;usagers ou encore aux journalistes.<\/p>\n\n\n\n<p><strong>Le s\u00e9minaire a r\u00e9uni au total 98 participants en pr\u00e9sentiel et 100 connect\u00e9s en visioconf\u00e9rence.<\/strong><\/p>\n\n\n\n<div style=\"height:30px\" aria-hidden=\"true\" class=\"wp-block-spacer\"><\/div>\n\n\n\n<h2 class=\"has-text-align-center has-text-color has-background wp-block-heading\" style=\"background-color:#f5f5f5;color:#6c6d71\">Objectifs<\/h2>\n\n\n\n<p>Les objectifs de l&rsquo;\u00e9v\u00e8nement, multiples, \u00e9taient les suivants :<\/p>\n\n\n\n<ul class=\"wp-block-list\"><li>Mettre en relation les acteurs scientifiques, techniques, \u00e9conomiques et politiques autour de la probl\u00e9matique de l&rsquo;impact \u00e9cologique des antibiotiques ;<\/li><li>Partager les constats sur les impacts \u00e9cologiques et la pression sur la production d&rsquo;antibiotiques ;<\/li><li>Discuter la faisabilit\u00e9 de la production et de la commercialisation d&rsquo;antibiotiques de fa\u00e7on \u00e9co-responsable ;<\/li><li>Discuter de la relocalisation de la production d&rsquo;antibiotiques en France et en Europe ;<\/li><li>Discuter l&rsquo;introduction de crit\u00e8res environnementaux dans l&rsquo;octroi d&rsquo;AMM, la distribution et la prescription des antibiotiques ;<\/li><li>Rechercher des solutions concr\u00e8tes transversales, dans les domaines de la sant\u00e9 et de l&rsquo;environnement.<\/li><\/ul>\n\n\n\n<div style=\"height:30px\" aria-hidden=\"true\" class=\"wp-block-spacer\"><\/div>\n\n\n\n<h2 class=\"has-text-align-center has-text-color has-background wp-block-heading\" style=\"background-color:#f5f5f5;color:#6c6d71\">Programme<\/h2>\n\n\n\n<p>Le s\u00e9minaire a \u00e9t\u00e9 l&rsquo;occasion pour de <strong>nombreux orateurs<\/strong> d&rsquo;intervenir. Le programme portait sur la tenue de <strong>trois sessions distinctes<\/strong> :<\/p>\n\n\n\n<ul class=\"wp-block-list\"><li>Session 1 &#8211; Antibiotiques : entre impact \u00e9cologique et ruptures de stock<\/li><li>Session 2 &#8211; Quels sont les freins et les leviers pour choisir et\/ou produire des antibiotiques \u00e0 faible impact en France et en Europe ?<\/li><li>Session 3 &#8211; Construire l&rsquo;antibioth\u00e9rapie de demain<\/li><\/ul>\n\n\n\n<div class=\"wp-block-buttons is-horizontal is-content-justification-center is-layout-flex wp-container-core-buttons-is-layout-499968f5 wp-block-buttons-is-layout-flex\">\n<div class=\"wp-block-button\"><a class=\"wp-block-button__link has-background\" href=\"https:\/\/amr-promise.fr\/files\/2023\/10\/programme-seminaire-14novembre2022.pdf\" style=\"border-radius:10px;background-color:#1a84c7\" target=\"_blank\" rel=\"noreferrer noopener\">Consulter le programme propos\u00e9<\/a><\/div>\n<\/div>\n\n\n\n<div style=\"height:15px\" aria-hidden=\"true\" class=\"wp-block-spacer\"><\/div>\n\n\n\n<div class=\"wp-block-buttons is-horizontal is-content-justification-center is-layout-flex wp-container-core-buttons-is-layout-499968f5 wp-block-buttons-is-layout-flex\">\n<div class=\"wp-block-button\"><a class=\"wp-block-button__link has-background\" href=\"https:\/\/amr-promise.fr\/files\/2023\/10\/seminaire-14-11-2022-presentations.zip\" style=\"border-radius:10px;background-color:#1a84c7\" target=\"_blank\" rel=\"noreferrer noopener\">T\u00e9l\u00e9charger toutes les pr\u00e9sentations<\/a><\/div>\n<\/div>\n\n\n\n<div style=\"height:30px\" aria-hidden=\"true\" class=\"wp-block-spacer\"><\/div>","protected":false},"excerpt":{"rendered":"<p>Contexte Le 14 novembre 2022 au Minist\u00e8re de la Sant\u00e9 \u00e0 Paris (7\u00e8me arrondissement), un s\u00e9minaire th\u00e9matique a \u00e9t\u00e9 co-organis\u00e9 par le m\u00e9ta-r\u00e9seau PROMISE, la Soci\u00e9t\u00e9 de Pathologie Infectieuse de langue fran\u00e7aise (SPILF), le Groupe Bon Usage des Antibiotiques de la SPILF, le Centre R\u00e9gional en Antibioth\u00e9rapie du Grand Est (Antibioest) et le Centre de R\u00e9f\u00e9rence en Antibioth\u00e9rapie PACA (PACATB). Celui-ci avait pour th\u00e8me : \u00ab\u00a0Entre impacts \u00e9cologiques et ruptures&#8230;<\/p>\n<p> <a class=\"continue-reading-link\" href=\"https:\/\/amr-promise.fr\/fr\/resultats\/seminaire-thematique-promise\/\"><span>Lire plus \/ Read more<\/span><i class=\"crycon-right-dir\"><\/i><\/a> <\/p>\n","protected":false},"author":2354,"featured_media":0,"parent":1228,"menu_order":0,"comment_status":"closed","ping_status":"closed","template":"","meta":{"_mc_calendar":[],"footnotes":""},"class_list":["post-1281","page","type-page","status-publish","hentry"],"_links":{"self":[{"href":"https:\/\/amr-promise.fr\/fr\/wp-json\/wp\/v2\/pages\/1281","targetHints":{"allow":["GET"]}}],"collection":[{"href":"https:\/\/amr-promise.fr\/fr\/wp-json\/wp\/v2\/pages"}],"about":[{"href":"https:\/\/amr-promise.fr\/fr\/wp-json\/wp\/v2\/types\/page"}],"author":[{"embeddable":true,"href":"https:\/\/amr-promise.fr\/fr\/wp-json\/wp\/v2\/users\/2354"}],"replies":[{"embeddable":true,"href":"https:\/\/amr-promise.fr\/fr\/wp-json\/wp\/v2\/comments?post=1281"}],"version-history":[{"count":12,"href":"https:\/\/amr-promise.fr\/fr\/wp-json\/wp\/v2\/pages\/1281\/revisions"}],"predecessor-version":[{"id":2621,"href":"https:\/\/amr-promise.fr\/fr\/wp-json\/wp\/v2\/pages\/1281\/revisions\/2621"}],"up":[{"embeddable":true,"href":"https:\/\/amr-promise.fr\/fr\/wp-json\/wp\/v2\/pages\/1228"}],"wp:attachment":[{"href":"https:\/\/amr-promise.fr\/fr\/wp-json\/wp\/v2\/media?parent=1281"}],"curies":[{"name":"wp","href":"https:\/\/api.w.org\/{rel}","templated":true}]}}