

{"id":1296,"date":"2023-10-13T15:40:18","date_gmt":"2023-10-13T13:40:18","guid":{"rendered":"https:\/\/amr-promise.fr\/?page_id=1296"},"modified":"2025-10-01T12:42:49","modified_gmt":"2025-10-01T10:42:49","slug":"publication-articles-promise","status":"publish","type":"page","link":"https:\/\/amr-promise.fr\/fr\/resultats\/publication-articles-promise\/","title":{"rendered":"Publication d&rsquo;articles \u00e0 vocation scientifique et p\u00e9dagogique"},"content":{"rendered":"<div class=\"wp-block-image\">\n<figure class=\"aligncenter size-medium\"><a href=\"https:\/\/amr-promise.fr\/files\/2023\/11\/Visuel-7-publications_articles-scaled.jpg\"><img loading=\"lazy\" decoding=\"async\" width=\"212\" height=\"300\" src=\"https:\/\/amr-promise.fr\/files\/2023\/11\/Visuel-7-publications_articles-212x300.jpg\" alt=\"\" class=\"wp-image-1451\" srcset=\"https:\/\/amr-promise.fr\/files\/2023\/11\/Visuel-7-publications_articles-212x300.jpg 212w, https:\/\/amr-promise.fr\/files\/2023\/11\/Visuel-7-publications_articles-724x1024.jpg 724w, https:\/\/amr-promise.fr\/files\/2023\/11\/Visuel-7-publications_articles-768x1086.jpg 768w, https:\/\/amr-promise.fr\/files\/2023\/11\/Visuel-7-publications_articles-1086x1536.jpg 1086w, https:\/\/amr-promise.fr\/files\/2023\/11\/Visuel-7-publications_articles-1448x2048.jpg 1448w, https:\/\/amr-promise.fr\/files\/2023\/11\/Visuel-7-publications_articles-106x150.jpg 106w, https:\/\/amr-promise.fr\/files\/2023\/11\/Visuel-7-publications_articles-scaled.jpg 1810w\" sizes=\"auto, (max-width: 212px) 100vw, 212px\" \/><\/a><\/figure><\/div>\n\n\n<h2 class=\"wp-block-heading has-text-align-center has-text-color has-background\" style=\"color:#6c6d71;background-color:#f5f5f5\">Article 1. Plaidoyer pour une production et une utilisation responsables des antibiotiques<\/h2>\n\n\n\n<p><strong>Titre original &#8211;<\/strong> Advocacy for Responsible Antibiotic Production and Use<\/p>\n\n\n\n<p><strong>Auteurs &#8211;<\/strong> V\u00e9ronique Mondain, Nicolas Retur, Benjamin Bertrand, Florence Lieutier-Colas, Philippe Carenco, Sylvain Diamantis<\/p>\n\n\n\n<p><strong>Abstract &#8211;<\/strong> Les bact\u00e9ries r\u00e9sistantes aux antibiotiques sont devenues l&rsquo;un des d\u00e9fis majeurs de l&rsquo;humanit\u00e9, comme en t\u00e9moigne l&rsquo;Appel \u00e0 l&rsquo;action de l&rsquo;ONU contre la r\u00e9sistance aux antimicrobiens en 2021. Notre connaissance des processus sous-jacents \u00e0 la r\u00e9sistance aux antibiotiques s&rsquo;am\u00e9liore r\u00e9guli\u00e8rement. Au-del\u00e0 de l\u2019utilisation inappropri\u00e9e des antimicrobiens en m\u00e9decine humaine, d\u2019autres causes ont \u00e9t\u00e9 identifi\u00e9es, soulevant des questions \u00e9thiques et n\u00e9cessitant une approche du probl\u00e8me dans une perspective \u00ab\u00a0One Health\u00a0\u00bb. En effet, il est d\u00e9sormais clair que les deux principaux probl\u00e8mes concernant les antibiotiques sont leur mauvaise utilisation dans l\u2019industrie alimentaire mondiale et leur m\u00e9thode de production, toutes deux conduisant \u00e0 l\u2019\u00e9mergence et \u00e0 la propagation de r\u00e9sistances bact\u00e9riennes.<\/p>\n\n\n\n<p><strong>Journal &#8211;<\/strong> Antibiotics (Basel)<\/p>\n\n\n\n<p><strong>Parution &#8211;<\/strong> Publi\u00e9 en ligne le 20 juillet 2022 <em>(doi: 10.3390\/antibiotics11070980)<\/em><\/p>\n\n\n\n<div class=\"wp-block-buttons is-horizontal is-content-justification-center is-layout-flex wp-container-core-buttons-is-layout-499968f5 wp-block-buttons-is-layout-flex\">\n<div class=\"wp-block-button\"><a class=\"wp-block-button__link has-background wp-element-button\" href=\"https:\/\/doi.org\/10.3390%2Fantibiotics11070980\" style=\"border-radius:10px;background-color:#1a84c7\" target=\"_blank\" rel=\"noreferrer noopener\">Acc\u00e9der \u00e0 l&rsquo;article<\/a><\/div>\n<\/div>\n\n\n\n<div style=\"height:30px\" aria-hidden=\"true\" class=\"wp-block-spacer\"><\/div>\n\n\n\n<h2 class=\"wp-block-heading has-text-align-center has-text-color has-background\" style=\"color:#6c6d71;background-color:#f5f5f5\">Article 2. La production d&rsquo;antibiotiques doit \u00eatre r\u00e9orient\u00e9e : repositionner les anciens antibiotiques \u00e0 spectre \u00e9troit, d\u00e9velopper de nouveaux antibiotiques \u00e9pargnant le microbiome<\/h2>\n\n\n\n<p><strong>Titre original &#8211;<\/strong> The Production of Antibiotics Must Be Reoriented: Repositioning Old Narrow-Spectrum Antibiotics, Developing New Microbiome-Sparing Antibiotics<\/p>\n\n\n\n<p><strong>Auteurs &#8211;<\/strong> Sylvain Diamantis, Nicolas R\u00e9tur, Benjamin Bertrand, Florence Lieutier Colas, Philippe Carenco, V\u00e9ronique Mondain, <em>PROMISE &#8211; M\u00e9ta-r\u00e9seau One Health de lutte contre l\u2019antibior\u00e9sistance en France<\/em><\/p>\n\n\n\n<p><strong>Abstract &#8211;<\/strong> Le d\u00e9veloppement d\u2019antibiotiques \u00e0 large spectre pour lutter contre les bact\u00e9ries multir\u00e9sistantes est un mod\u00e8le \u00e9conomique d\u00e9pass\u00e9. Cette strat\u00e9gie a conduit \u00e0 l\u2019introduction d\u2019antibiotiques tr\u00e8s efficaces, mais leur utilisation g\u00e9n\u00e9ralis\u00e9e a contribu\u00e9 \u00e0 l\u2019\u00e9mergence d\u2019une r\u00e9sistance aux antibiotiques encore plus large. Dans une strat\u00e9gie de lutte contre la r\u00e9sistance aux antimicrobiens, nous pensons qu\u2019il convient de promouvoir l\u2019utilisation d\u2019antibiotiques \u00e0 spectre \u00e9troit. Cela devrait passer \u00e0 la fois par le repositionnement des anciens antibiotiques et par la r\u00e9orientation de la recherche et du d\u00e9veloppement vers de nouveaux antibiotiques \u00e0 spectre \u00e9troit et \u00e0 faible impact \u00e9cologique. Ces antibiotiques pourraient \u00eatre prescrits pour des affections courantes telles que les maux de gorge et la cystite, qui repr\u00e9sentent l\u2019essentiel de l\u2019utilisation d\u2019antibiotiques chez l\u2019homme. Des antibiotiques \u00e0 spectre \u00e9troit, cibl\u00e9s et \u00e9pargnant le microbiome pourraient aider \u00e0 contr\u00f4ler la r\u00e9sistance aux antibiotiques tout en \u00e9tant \u00e9conomiquement durables. Leur d\u00e9veloppement et leur production devraient \u00eatre soutenus par les gouvernements, qui b\u00e9n\u00e9ficieraient en fin de compte d\u2019une r\u00e9duction des co\u00fbts des soins de sant\u00e9.<\/p>\n\n\n\n<p><strong>Journal &#8211;<\/strong> Antibiotics (Basel)<\/p>\n\n\n\n<p><strong>Parution &#8211;<\/strong> Publi\u00e9 en ligne le 08 juillet 2022 <em>(doi: 10.3390\/antibiotics11070924)<\/em><\/p>\n\n\n\n<div class=\"wp-block-buttons is-horizontal is-content-justification-center is-layout-flex wp-container-core-buttons-is-layout-499968f5 wp-block-buttons-is-layout-flex\">\n<div class=\"wp-block-button\"><a class=\"wp-block-button__link has-background wp-element-button\" href=\"https:\/\/doi.org\/10.3390\/antibiotics11070980\" style=\"border-radius:10px;background-color:#1a84c7\" target=\"_blank\" rel=\"noreferrer noopener\">Acc\u00e9der \u00e0 l&rsquo;article<\/a><\/div>\n<\/div>\n\n\n\n<p><\/p>","protected":false},"excerpt":{"rendered":"<p>Article 1. Plaidoyer pour une production et une utilisation responsables des antibiotiques Titre original &#8211; Advocacy for Responsible Antibiotic Production and Use Auteurs &#8211; V\u00e9ronique Mondain, Nicolas Retur, Benjamin Bertrand, Florence Lieutier-Colas, Philippe Carenco, Sylvain Diamantis Abstract &#8211; Les bact\u00e9ries r\u00e9sistantes aux antibiotiques sont devenues l&rsquo;un des d\u00e9fis majeurs de l&rsquo;humanit\u00e9, comme en t\u00e9moigne l&rsquo;Appel \u00e0 l&rsquo;action de l&rsquo;ONU contre la r\u00e9sistance aux antimicrobiens en 2021. Notre connaissance des processus&#8230;<\/p>\n<p> <a class=\"continue-reading-link\" href=\"https:\/\/amr-promise.fr\/fr\/resultats\/publication-articles-promise\/\"><span>Lire plus \/ Read more<\/span><i class=\"crycon-right-dir\"><\/i><\/a> <\/p>\n","protected":false},"author":2354,"featured_media":0,"parent":1228,"menu_order":0,"comment_status":"closed","ping_status":"closed","template":"","meta":{"_mc_calendar":[],"footnotes":""},"class_list":["post-1296","page","type-page","status-publish","hentry"],"_links":{"self":[{"href":"https:\/\/amr-promise.fr\/fr\/wp-json\/wp\/v2\/pages\/1296","targetHints":{"allow":["GET"]}}],"collection":[{"href":"https:\/\/amr-promise.fr\/fr\/wp-json\/wp\/v2\/pages"}],"about":[{"href":"https:\/\/amr-promise.fr\/fr\/wp-json\/wp\/v2\/types\/page"}],"author":[{"embeddable":true,"href":"https:\/\/amr-promise.fr\/fr\/wp-json\/wp\/v2\/users\/2354"}],"replies":[{"embeddable":true,"href":"https:\/\/amr-promise.fr\/fr\/wp-json\/wp\/v2\/comments?post=1296"}],"version-history":[{"count":12,"href":"https:\/\/amr-promise.fr\/fr\/wp-json\/wp\/v2\/pages\/1296\/revisions"}],"predecessor-version":[{"id":3071,"href":"https:\/\/amr-promise.fr\/fr\/wp-json\/wp\/v2\/pages\/1296\/revisions\/3071"}],"up":[{"embeddable":true,"href":"https:\/\/amr-promise.fr\/fr\/wp-json\/wp\/v2\/pages\/1228"}],"wp:attachment":[{"href":"https:\/\/amr-promise.fr\/fr\/wp-json\/wp\/v2\/media?parent=1296"}],"curies":[{"name":"wp","href":"https:\/\/api.w.org\/{rel}","templated":true}]}}