

{"id":1335,"date":"2023-10-18T10:06:24","date_gmt":"2023-10-18T08:06:24","guid":{"rendered":"https:\/\/amr-promise.fr\/?page_id=1335"},"modified":"2025-04-03T17:31:04","modified_gmt":"2025-04-03T15:31:04","slug":"analyse-transsectorielle-antibiotiques-promise","status":"publish","type":"page","link":"https:\/\/amr-promise.fr\/fr\/resultats\/analyse-transsectorielle-antibiotiques-promise\/","title":{"rendered":"Analyse crois\u00e9e et transsectorielle des liens entre r\u00e9sistances et usages des antibiotiques en France"},"content":{"rendered":"<h2 class=\"has-text-align-center has-text-color has-background wp-block-heading\" style=\"background-color:#f5f5f5;color:#6c6d71\">Contexte<\/h2>\n\n\n\n<p>L\u2019antibior\u00e9sistance est un probl\u00e8me majeur de sant\u00e9 publique impactant la sant\u00e9 humaine, la sant\u00e9 animale et les \u00e9cosyst\u00e8mes environnementaux. Lutter efficacement contre l\u2019antibior\u00e9sistance n\u00e9cessite <strong>une approche One Health tenant compte de la d\u00e9pendance entre ces trois sant\u00e9s<\/strong>. La mise en pratique de cette approche reste n\u00e9anmoins difficile tant les trois secteurs concern\u00e9s sont diff\u00e9rents.<\/p>\n\n\n\n<p>C&rsquo;est pourquoi dans le cadre de ses missions, PROMISE a souhait\u00e9 mettre en place une analyse crois\u00e9e et transsectorielle sur les r\u00e9sistances et les usages (donn\u00e9es de consommation) <strong>relatifs aux antibiotiques en France<\/strong>. <\/p>\n\n\n\n<div style=\"height:30px\" aria-hidden=\"true\" class=\"wp-block-spacer\"><\/div>\n\n\n\n<h2 class=\"has-text-align-center has-text-color has-background wp-block-heading\" style=\"background-color:#f5f5f5;color:#6c6d71\">Objectifs et chiffres-cl\u00e9s<\/h2>\n\n\n\n<p>Cette analyse a permis de croiser les donn\u00e9es agr\u00e9g\u00e9es de 12 dispositifs de surveillance en sant\u00e9 humaine et animale. L&rsquo;objectif est d\u2019\u00e9valuer d\u2019\u00e9ventuelles <strong>corr\u00e9lations entre consommation et r\u00e9sistance pour diff\u00e9rents couples bact\u00e9ries &#8211; antibiotiques<\/strong>.<\/p>\n\n\n\n<p>Cette analyse repr\u00e9sente une r\u00e9elle <strong>collaboration nationale entre plusieurs dispositifs de surveillance<\/strong>, avec une mise en commun des donn\u00e9es. En quelques chiffres, cela donne :<\/p>\n\n\n\n<ul class=\"wp-block-list\"><li>12 dispositifs de surveillance agr\u00e9g\u00e9s ;<\/li><li>6 esp\u00e8ces bact\u00e9riennes surveill\u00e9es ;<\/li><li>5 familles de r\u00e9sistance \u00e9tablies ;<\/li><li>1 nouvel indicateur mis en lumi\u00e8re ;<\/li><li>10 ans de donn\u00e9es collect\u00e9es ;<\/li><li><em>&#8230; et des r\u00e9sultats pr\u00e9liminaires tr\u00e8s encourageants.<\/em><\/li><\/ul>\n\n\n\n<div style=\"height:30px\" aria-hidden=\"true\" class=\"wp-block-spacer\"><\/div>\n\n\n\n<h2 class=\"has-text-align-center has-text-color has-background wp-block-heading\" style=\"background-color:#f5f5f5;color:#6c6d71\">M\u00e9dia associ\u00e9<\/h2>\n\n\n\n<div class=\"wp-block-image\"><figure class=\"aligncenter size-large\"><a href=\"https:\/\/amr-promise.fr\/files\/2023\/10\/analyse-transsectorielle-promise.jpg\"><img loading=\"lazy\" decoding=\"async\" width=\"1024\" height=\"568\" src=\"https:\/\/amr-promise.fr\/files\/2023\/10\/analyse-transsectorielle-promise-1024x568.jpg\" alt=\"\" class=\"wp-image-1336\" srcset=\"https:\/\/amr-promise.fr\/files\/2023\/10\/analyse-transsectorielle-promise-1024x568.jpg 1024w, https:\/\/amr-promise.fr\/files\/2023\/10\/analyse-transsectorielle-promise-300x167.jpg 300w, https:\/\/amr-promise.fr\/files\/2023\/10\/analyse-transsectorielle-promise-768x426.jpg 768w, https:\/\/amr-promise.fr\/files\/2023\/10\/analyse-transsectorielle-promise-150x83.jpg 150w, https:\/\/amr-promise.fr\/files\/2023\/10\/analyse-transsectorielle-promise.jpg 1200w\" sizes=\"auto, (max-width: 1024px) 100vw, 1024px\" \/><\/a><\/figure><\/div>\n\n\n\n<p class=\"has-text-align-center\"><em>Les dispositifs de surveillance contribuant \u00e0 l\u2019analyse transsectorielle de PROMISE<\/em><\/p>\n\n\n\n<p><br><strong>En rose<\/strong> sont repr\u00e9sent\u00e9s les dispositifs collectant des donn\u00e9es de r\u00e9sistance. <strong>En orange<\/strong> sont repr\u00e9sent\u00e9s les dispositifs collectant des donn\u00e9es de consommation. <strong>Au centre<\/strong> sont indiqu\u00e9s les secteurs pour lesquels chaque dispositif collecte des donn\u00e9es. La sant\u00e9 animale est figur\u00e9e en vert et la sant\u00e9 humaine en bleu. <\/p>\n\n\n\n<p><em>Abr\u00e9viations utilis\u00e9es : <\/em><em>EHPAD = \u00c9tablissement d\u2019h\u00e9bergement pour personnes \u00e2g\u00e9es d\u00e9pendantes ; ES = \u00c9tablissement de sant\u00e9.<\/em><\/p>","protected":false},"excerpt":{"rendered":"<p>Contexte L\u2019antibior\u00e9sistance est un probl\u00e8me majeur de sant\u00e9 publique impactant la sant\u00e9 humaine, la sant\u00e9 animale et les \u00e9cosyst\u00e8mes environnementaux. Lutter efficacement contre l\u2019antibior\u00e9sistance n\u00e9cessite une approche One Health tenant compte de la d\u00e9pendance entre ces trois sant\u00e9s. La mise en pratique de cette approche reste n\u00e9anmoins difficile tant les trois secteurs concern\u00e9s sont diff\u00e9rents. C&rsquo;est pourquoi dans le cadre de ses missions, PROMISE a souhait\u00e9 mettre en place une&#8230;<\/p>\n<p> <a class=\"continue-reading-link\" href=\"https:\/\/amr-promise.fr\/fr\/resultats\/analyse-transsectorielle-antibiotiques-promise\/\"><span>Lire plus \/ Read more<\/span><i class=\"crycon-right-dir\"><\/i><\/a> <\/p>\n","protected":false},"author":2354,"featured_media":0,"parent":1228,"menu_order":0,"comment_status":"closed","ping_status":"closed","template":"","meta":{"_mc_calendar":[],"footnotes":""},"class_list":["post-1335","page","type-page","status-publish","hentry"],"_links":{"self":[{"href":"https:\/\/amr-promise.fr\/fr\/wp-json\/wp\/v2\/pages\/1335","targetHints":{"allow":["GET"]}}],"collection":[{"href":"https:\/\/amr-promise.fr\/fr\/wp-json\/wp\/v2\/pages"}],"about":[{"href":"https:\/\/amr-promise.fr\/fr\/wp-json\/wp\/v2\/types\/page"}],"author":[{"embeddable":true,"href":"https:\/\/amr-promise.fr\/fr\/wp-json\/wp\/v2\/users\/2354"}],"replies":[{"embeddable":true,"href":"https:\/\/amr-promise.fr\/fr\/wp-json\/wp\/v2\/comments?post=1335"}],"version-history":[{"count":12,"href":"https:\/\/amr-promise.fr\/fr\/wp-json\/wp\/v2\/pages\/1335\/revisions"}],"predecessor-version":[{"id":2617,"href":"https:\/\/amr-promise.fr\/fr\/wp-json\/wp\/v2\/pages\/1335\/revisions\/2617"}],"up":[{"embeddable":true,"href":"https:\/\/amr-promise.fr\/fr\/wp-json\/wp\/v2\/pages\/1228"}],"wp:attachment":[{"href":"https:\/\/amr-promise.fr\/fr\/wp-json\/wp\/v2\/media?parent=1335"}],"curies":[{"name":"wp","href":"https:\/\/api.w.org\/{rel}","templated":true}]}}