

{"id":1347,"date":"2023-10-17T14:07:48","date_gmt":"2023-10-17T12:07:48","guid":{"rendered":"https:\/\/amr-promise.fr\/?page_id=1347"},"modified":"2025-04-03T17:44:51","modified_gmt":"2025-04-03T15:44:51","slug":"entrepot-donnees-one-health-promise","status":"publish","type":"page","link":"https:\/\/amr-promise.fr\/fr\/resultats\/entrepot-donnees-one-health-promise\/","title":{"rendered":"Plateforme de donn\u00e9es de surveillance commune orient\u00e9e One Health"},"content":{"rendered":"<h2 class=\"has-text-align-center has-text-color has-background wp-block-heading\" style=\"background-color:#f5f5f5;color:#6c6d71\">Contexte<\/h2>\n\n\n\n<p>L&rsquo;approche One Health est un challenge pour l&rsquo;action publique. La <strong>lutte contre l\u2019antibior\u00e9sistance<\/strong> s\u2019inscrit dans cette approche, qui reconnait que la sant\u00e9 humaine, animale, et environnementale sont \u00e9troitement li\u00e9es et interd\u00e9pendantes. Cette approche appliqu\u00e9e \u00e0 l\u2019antibior\u00e9sistance part du principe que la r\u00e9sistance des bact\u00e9ries aux antibiotiques est une probl\u00e9matique intersectorielle et multidisciplinaire qu\u2019il n&rsquo;est pas possible de r\u00e9soudre en l&rsquo;abordant uniquement sous l\u2019angle sanitaire.<\/p>\n\n\n\n<p>C&rsquo;est pourquoi dans le cadre de ses missions, PROMISE a souhait\u00e9 \u00e9tablir et <strong>concevoir une plateforme de donn\u00e9es de surveillance commune orient\u00e9e One Health<\/strong>, rassemblant et croisant les \u00e9l\u00e9ments relatifs aux humains, aux animaux et aux \u00e9cosyst\u00e8mes. <\/p>\n\n\n\n<div style=\"height:30px\" aria-hidden=\"true\" class=\"wp-block-spacer\"><\/div>\n\n\n\n<h2 class=\"has-text-align-center has-text-color has-background wp-block-heading\" style=\"background-color:#f5f5f5;color:#6c6d71\">Objectifs et m\u00e9thode<\/h2>\n\n\n\n<p>L&rsquo;entrep\u00f4t de donn\u00e9es One Health commun a pour but de <strong>rassembler les donn\u00e9es de surveillance de trois secteurs<\/strong>. Les objectifs affich\u00e9s sont multiples. D&rsquo;une part, il <strong>facilite l\u2019acc\u00e8s aux donn\u00e9es de surveillance et leur visualisation<\/strong>. En effet, la data visualisation rend plus rapide l&rsquo;analyse de donn\u00e9es, en plus de rendre accessible l&rsquo;interpr\u00e9tation \u00e0 des personnes non-sp\u00e9cialiste de la donn\u00e9e. D&rsquo;autre part, cette base commune permet de <strong>croiser les donn\u00e9es plus facilement<\/strong>, afin d&rsquo;ouvrir la voie \u00e0 une surveillance plus int\u00e9gr\u00e9e de l\u2019antibior\u00e9sistance, de mettre en lumi\u00e8re de nouveaux axes de recherche et de produire du contenu valorisant (rapports, analyses, mod\u00e8les, illustrations, etc.).<\/p>\n\n\n\n<p>Il faut savoir que cette plateforme est construite selon une approche en gestion de projet <strong>\u00ab\u00a0bottom-up\u00a0\u00bb<\/strong>, c&rsquo;est \u00e0 dire qui consiste \u00e0 collecter les donn\u00e9es \u00ab\u00a0de terrain\u00a0\u00bb pour aboutir \u00e0 une synth\u00e8se et faire remonter les \u00e9l\u00e9ments pertinents de mani\u00e8re la plus efficiente possible. Cela passe par :<\/p>\n\n\n\n<ul class=\"wp-block-list\"><li><strong>la mise en place d&rsquo;un inventaire<\/strong> (Data Management Plan, workshops, groupes de travail, etc.) ;<\/li><li><strong>la d\u00e9finition de variables et d&rsquo;indicateurs<\/strong> (spatio-temporel, donn\u00e9es de r\u00e9sistance, pathog\u00e8nes, etc.) ;<\/li><li><strong>l&rsquo;int\u00e9gration<\/strong> (soit d\u00e9finir un protocole pour collecter des donn\u00e9es issues de nombreuses sources) ;<\/li><li><strong>l&rsquo;analyse<\/strong> (soit la mise \u00e0 disposition d&rsquo;une source de donn\u00e9es unique pour r\u00e9pondre \u00e0 des besoins de recherche).<\/li><\/ul>\n\n\n\n<div style=\"height:30px\" aria-hidden=\"true\" class=\"wp-block-spacer\"><\/div>\n\n\n\n<h2 class=\"has-text-align-center has-text-color has-background wp-block-heading\" style=\"background-color:#f5f5f5;color:#6c6d71\">M\u00e9dia associ\u00e9<\/h2>\n\n\n\n<div class=\"wp-block-image\"><figure class=\"aligncenter size-full\"><a href=\"https:\/\/amr-promise.fr\/files\/2023\/10\/media-entrepot.jpg\"><img loading=\"lazy\" decoding=\"async\" width=\"1024\" height=\"479\" src=\"https:\/\/amr-promise.fr\/files\/2023\/10\/media-entrepot.jpg\" alt=\"\" class=\"wp-image-1348\" srcset=\"https:\/\/amr-promise.fr\/files\/2023\/10\/media-entrepot.jpg 1024w, https:\/\/amr-promise.fr\/files\/2023\/10\/media-entrepot-300x140.jpg 300w, https:\/\/amr-promise.fr\/files\/2023\/10\/media-entrepot-768x359.jpg 768w, https:\/\/amr-promise.fr\/files\/2023\/10\/media-entrepot-150x70.jpg 150w\" sizes=\"auto, (max-width: 1024px) 100vw, 1024px\" \/><\/a><\/figure><\/div>\n\n\n\n<p class=\"has-text-align-center\"><em>Le fonctionnement de la plateforme commune One Health<\/em><\/p>\n\n\n\n<p><br>Cette plateforme rassemble des donn\u00e9es de consommation, relatives \u00e0 la r\u00e9sistance et des donn\u00e9es d\u2019exposome. Cela repr\u00e9sente l&rsquo;ensemble des facteurs d\u2019exposition chimique, cliniques et environnementaux rendus <strong>interop\u00e9rables gr\u00e2ce \u00e0 l\u2019expertise bio-informatique<\/strong> de l\u2019INRIA (Institut national de recherche en sciences et technologies du num\u00e9rique), membre du projet PROMISE, sp\u00e9cialis\u00e9 dans le d\u00e9veloppement de la recherche et de la valorisation en sciences et techniques de l&rsquo;information et de la communication.<\/p>","protected":false},"excerpt":{"rendered":"<p>Contexte L&rsquo;approche One Health est un challenge pour l&rsquo;action publique. La lutte contre l\u2019antibior\u00e9sistance s\u2019inscrit dans cette approche, qui reconnait que la sant\u00e9 humaine, animale, et environnementale sont \u00e9troitement li\u00e9es et interd\u00e9pendantes. Cette approche appliqu\u00e9e \u00e0 l\u2019antibior\u00e9sistance part du principe que la r\u00e9sistance des bact\u00e9ries aux antibiotiques est une probl\u00e9matique intersectorielle et multidisciplinaire qu\u2019il n&rsquo;est pas possible de r\u00e9soudre en l&rsquo;abordant uniquement sous l\u2019angle sanitaire. C&rsquo;est pourquoi dans le cadre&#8230;<\/p>\n<p> <a class=\"continue-reading-link\" href=\"https:\/\/amr-promise.fr\/fr\/resultats\/entrepot-donnees-one-health-promise\/\"><span>Lire plus \/ Read more<\/span><i class=\"crycon-right-dir\"><\/i><\/a> <\/p>\n","protected":false},"author":2354,"featured_media":0,"parent":1228,"menu_order":0,"comment_status":"closed","ping_status":"closed","template":"","meta":{"_mc_calendar":[],"footnotes":""},"class_list":["post-1347","page","type-page","status-publish","hentry"],"_links":{"self":[{"href":"https:\/\/amr-promise.fr\/fr\/wp-json\/wp\/v2\/pages\/1347","targetHints":{"allow":["GET"]}}],"collection":[{"href":"https:\/\/amr-promise.fr\/fr\/wp-json\/wp\/v2\/pages"}],"about":[{"href":"https:\/\/amr-promise.fr\/fr\/wp-json\/wp\/v2\/types\/page"}],"author":[{"embeddable":true,"href":"https:\/\/amr-promise.fr\/fr\/wp-json\/wp\/v2\/users\/2354"}],"replies":[{"embeddable":true,"href":"https:\/\/amr-promise.fr\/fr\/wp-json\/wp\/v2\/comments?post=1347"}],"version-history":[{"count":7,"href":"https:\/\/amr-promise.fr\/fr\/wp-json\/wp\/v2\/pages\/1347\/revisions"}],"predecessor-version":[{"id":2624,"href":"https:\/\/amr-promise.fr\/fr\/wp-json\/wp\/v2\/pages\/1347\/revisions\/2624"}],"up":[{"embeddable":true,"href":"https:\/\/amr-promise.fr\/fr\/wp-json\/wp\/v2\/pages\/1228"}],"wp:attachment":[{"href":"https:\/\/amr-promise.fr\/fr\/wp-json\/wp\/v2\/media?parent=1347"}],"curies":[{"name":"wp","href":"https:\/\/api.w.org\/{rel}","templated":true}]}}