

{"id":1350,"date":"2023-10-17T14:55:22","date_gmt":"2023-10-17T12:55:22","guid":{"rendered":"https:\/\/amr-promise.fr\/?page_id=1350"},"modified":"2024-01-09T12:28:37","modified_gmt":"2024-01-09T11:28:37","slug":"etude-constantine-promise","status":"publish","type":"page","link":"https:\/\/amr-promise.fr\/fr\/resultats\/etude-constantine-promise\/","title":{"rendered":"\u00c9tude \u00e9pid\u00e9miologique \u00ab\u00a0Constantine\u00a0\u00bb impliquant plusieurs r\u00e9seaux de recherche clinique : utilisation de l&rsquo;antibioth\u00e9rapie en r\u00e9animation"},"content":{"rendered":"<div class=\"wp-block-image\"><figure class=\"aligncenter size-medium\"><a href=\"https:\/\/amr-promise.fr\/files\/2023\/11\/Visuel-5-etude_constantine-scaled.jpg\"><img loading=\"lazy\" decoding=\"async\" width=\"212\" height=\"300\" src=\"https:\/\/amr-promise.fr\/files\/2023\/11\/Visuel-5-etude_constantine-212x300.jpg\" alt=\"\" class=\"wp-image-1449\" srcset=\"https:\/\/amr-promise.fr\/files\/2023\/11\/Visuel-5-etude_constantine-212x300.jpg 212w, https:\/\/amr-promise.fr\/files\/2023\/11\/Visuel-5-etude_constantine-724x1024.jpg 724w, https:\/\/amr-promise.fr\/files\/2023\/11\/Visuel-5-etude_constantine-768x1086.jpg 768w, https:\/\/amr-promise.fr\/files\/2023\/11\/Visuel-5-etude_constantine-1086x1536.jpg 1086w, https:\/\/amr-promise.fr\/files\/2023\/11\/Visuel-5-etude_constantine-1448x2048.jpg 1448w, https:\/\/amr-promise.fr\/files\/2023\/11\/Visuel-5-etude_constantine-106x150.jpg 106w, https:\/\/amr-promise.fr\/files\/2023\/11\/Visuel-5-etude_constantine-scaled.jpg 1810w\" sizes=\"auto, (max-width: 212px) 100vw, 212px\" \/><\/a><\/figure><\/div>\n\n\n\n<h2 class=\"has-text-align-center has-text-color has-background wp-block-heading\" style=\"background-color:#f5f5f5;color:#6c6d71\">Contexte<\/h2>\n\n\n\n<p>En vue de d\u00e9velopper les connaissances biologiques ou m\u00e9dicales, la recherche clinique permet le d\u00e9ploiement d&rsquo;\u00e9tudes scientifiques r\u00e9alis\u00e9es sur la personne humaine. En parall\u00e8le, <strong>la gestion des antibiotiques en r\u00e9animation<\/strong> et en m\u00e9decine d&rsquo;urgence doit tenir compte de plusieurs contraintes. En r\u00e9animation, la prescription de l&rsquo;antibioth\u00e9rapie comporte en effet un certain nombre de particularit\u00e9s. La sant\u00e9 humaine n&rsquo;\u00e9chappant pas \u00e0 l&rsquo;antibior\u00e9sistance, il est important de se pencher sur ce domaine particulier.<\/p>\n\n\n\n<p>C&rsquo;est pourquoi dans le cadre de ses missions, PROMISE r\u00e9alise une <strong>\u00e9tude \u00e9pid\u00e9miologique baptis\u00e9e \u00ab\u00a0Constantine\u00a0\u00bb, relative \u00e0 l&rsquo;utilisation de l&rsquo;antibioth\u00e9rapie en France<\/strong> dans plusieurs r\u00e9seaux de recherche clinique impliqu\u00e9s dans le projet. <\/p>\n\n\n\n<div style=\"height:30px\" aria-hidden=\"true\" class=\"wp-block-spacer\"><\/div>\n\n\n\n<h2 class=\"has-text-align-center has-text-color has-background wp-block-heading\" style=\"background-color:#f5f5f5;color:#6c6d71\">Objectifs<\/h2>\n\n\n\n<p>L&rsquo;\u00e9tude \u00e9pid\u00e9miologique \u00ab\u00a0Constantine\u00a0\u00bb implique <strong>quatre r\u00e9seaux de recherche clinique<\/strong> de r\u00e9animation et d&rsquo;infectiologie en France, membres de PROMISE :<\/p>\n\n\n\n<ul class=\"wp-block-list\"><li><a rel=\"noreferrer noopener\" href=\"https:\/\/outcomerea.fr\/\" data-type=\"URL\" data-id=\"https:\/\/outcomerea.fr\/\" target=\"_blank\">OUTCOME REA<\/a> (Paris), qui d\u00e9veloppe des actions de recherche et d&rsquo;enseignement afin d&rsquo;am\u00e9liorer la prise en charge des patients les plus graves ;<\/li><li><a rel=\"noreferrer noopener\" href=\"http:\/\/rearezo.chu-lyon.fr\/\" data-type=\"URL\" data-id=\"http:\/\/rearezo.chu-lyon.fr\/\" target=\"_blank\">REA-REZO<\/a> (Lyon), qui propose un syst\u00e8me multicentrique de surveillance et d&rsquo;\u00e9valuation du risque d&rsquo;infectieux associ\u00e9 aux soins et de l&rsquo;antibior\u00e9sistance, sp\u00e9cifique de la r\u00e9animation adulte ;<\/li><li><a rel=\"noreferrer noopener\" href=\"https:\/\/www.crics-triggersep.org\/\" data-type=\"URL\" data-id=\"https:\/\/www.crics-triggersep.org\/\" target=\"_blank\">CRICS-TRIGGERSEP<\/a> (r\u00e9seau franco-belge), qui se penche sur la recherche clinique en soins intensifs &#8211; r\u00e9animation et concentre principalement son activit\u00e9 de recherche sur le sepsis ;<\/li><li><a rel=\"noreferrer noopener\" href=\"https:\/\/cic.chu-limoges.fr\/portail\/fr-fr\/\" data-type=\"URL\" data-id=\"https:\/\/cic.chu-limoges.fr\/portail\/fr-fr\/\" target=\"_blank\">CIC LIMOGES<\/a> (Limoges), qui favorise le d\u00e9veloppement de la recherche clinique en collaboration avec les th\u00e9matiques d&rsquo;excellence du Centre Hospitalier Universitaire.<\/li><\/ul>\n\n\n\n<p>Son objectif principal est la <strong>description de l\u2019utilisation de l\u2019antibioth\u00e9rapie en r\u00e9animation, avec une vision globale et cibl\u00e9e sur le patient<\/strong>. La valeur ajout\u00e9e de cette \u00e9tude inter-r\u00e9seaux de <em>\u00ab\u00a0corr\u00e9lation hospitali\u00e8re one-shot\u00a0\u00bb<\/em> r\u00e9side dans la prise en compte d&rsquo;un volume de patient important, ainsi que dans celui d&rsquo;un suivi \u00e0 + 30 jours. Les chiffres cl\u00e9s associ\u00e9 \u00e0 cette \u00e9tude seront prochainement disponibles.<\/p>\n\n\n\n<div style=\"height:30px\" aria-hidden=\"true\" class=\"wp-block-spacer\"><\/div>\n\n\n\n<h2 class=\"has-text-align-center has-text-color has-background wp-block-heading\" style=\"background-color:#f5f5f5;color:#6c6d71\">M\u00e9dia associ\u00e9<\/h2>\n\n\n\n<div class=\"wp-block-image\"><figure class=\"aligncenter size-full\"><a href=\"https:\/\/amr-promise.fr\/files\/2023\/10\/media-constantine.jpg\"><img loading=\"lazy\" decoding=\"async\" width=\"1024\" height=\"389\" src=\"https:\/\/amr-promise.fr\/files\/2023\/10\/media-constantine.jpg\" alt=\"\" class=\"wp-image-1351\" srcset=\"https:\/\/amr-promise.fr\/files\/2023\/10\/media-constantine.jpg 1024w, https:\/\/amr-promise.fr\/files\/2023\/10\/media-constantine-300x114.jpg 300w, https:\/\/amr-promise.fr\/files\/2023\/10\/media-constantine-768x292.jpg 768w, https:\/\/amr-promise.fr\/files\/2023\/10\/media-constantine-150x57.jpg 150w\" sizes=\"auto, (max-width: 1024px) 100vw, 1024px\" \/><\/a><\/figure><\/div>\n\n\n\n<p class=\"has-text-align-center\"><em>Les \u00e9l\u00e9ments structurants de l&rsquo;\u00e9tude \u00e9pid\u00e9miologique \u00ab\u00a0Constantine\u00a0\u00bb<\/em><\/p>","protected":false},"excerpt":{"rendered":"<p>Contexte En vue de d\u00e9velopper les connaissances biologiques ou m\u00e9dicales, la recherche clinique permet le d\u00e9ploiement d&rsquo;\u00e9tudes scientifiques r\u00e9alis\u00e9es sur la personne humaine. En parall\u00e8le, la gestion des antibiotiques en r\u00e9animation et en m\u00e9decine d&rsquo;urgence doit tenir compte de plusieurs contraintes. En r\u00e9animation, la prescription de l&rsquo;antibioth\u00e9rapie comporte en effet un certain nombre de particularit\u00e9s. La sant\u00e9 humaine n&rsquo;\u00e9chappant pas \u00e0 l&rsquo;antibior\u00e9sistance, il est important de se pencher sur ce&#8230;<\/p>\n<p> <a class=\"continue-reading-link\" href=\"https:\/\/amr-promise.fr\/fr\/resultats\/etude-constantine-promise\/\"><span>Lire plus \/ Read more<\/span><i class=\"crycon-right-dir\"><\/i><\/a> <\/p>\n","protected":false},"author":2354,"featured_media":0,"parent":1228,"menu_order":0,"comment_status":"closed","ping_status":"closed","template":"","meta":{"_mc_calendar":[],"footnotes":""},"class_list":["post-1350","page","type-page","status-publish","hentry"],"_links":{"self":[{"href":"https:\/\/amr-promise.fr\/fr\/wp-json\/wp\/v2\/pages\/1350","targetHints":{"allow":["GET"]}}],"collection":[{"href":"https:\/\/amr-promise.fr\/fr\/wp-json\/wp\/v2\/pages"}],"about":[{"href":"https:\/\/amr-promise.fr\/fr\/wp-json\/wp\/v2\/types\/page"}],"author":[{"embeddable":true,"href":"https:\/\/amr-promise.fr\/fr\/wp-json\/wp\/v2\/users\/2354"}],"replies":[{"embeddable":true,"href":"https:\/\/amr-promise.fr\/fr\/wp-json\/wp\/v2\/comments?post=1350"}],"version-history":[{"count":8,"href":"https:\/\/amr-promise.fr\/fr\/wp-json\/wp\/v2\/pages\/1350\/revisions"}],"predecessor-version":[{"id":1580,"href":"https:\/\/amr-promise.fr\/fr\/wp-json\/wp\/v2\/pages\/1350\/revisions\/1580"}],"up":[{"embeddable":true,"href":"https:\/\/amr-promise.fr\/fr\/wp-json\/wp\/v2\/pages\/1228"}],"wp:attachment":[{"href":"https:\/\/amr-promise.fr\/fr\/wp-json\/wp\/v2\/media?parent=1350"}],"curies":[{"name":"wp","href":"https:\/\/api.w.org\/{rel}","templated":true}]}}