

{"id":1357,"date":"2023-10-17T15:59:03","date_gmt":"2023-10-17T13:59:03","guid":{"rendered":"https:\/\/amr-promise.fr\/?page_id=1357"},"modified":"2025-04-03T17:43:03","modified_gmt":"2025-04-03T15:43:03","slug":"quantification-antibioresistance-environnement-promise","status":"publish","type":"page","link":"https:\/\/amr-promise.fr\/fr\/resultats\/quantification-antibioresistance-environnement-promise\/","title":{"rendered":"Indicateurs et protocoles communs de quantification de l&rsquo;antibior\u00e9sistance dans l&rsquo;environnement"},"content":{"rendered":"<h2 class=\"has-text-align-center has-text-color has-background wp-block-heading\" style=\"background-color:#f5f5f5;color:#6c6d71\">Contexte<\/h2>\n\n\n\n<p>L&rsquo;antibior\u00e9sistance concerne les Hommes, les animaux&#8230; mais aussi l&rsquo;environnement. C&rsquo;est <strong>un ph\u00e9nom\u00e8ne qui ne conna\u00eet pas de fronti\u00e8res et touche \u00e9galement les \u00e9cosyst\u00e8mes<\/strong>. C&rsquo;est le cas par exemple des eaux, largement contamin\u00e9es par les antibiotiques, leurs r\u00e9sidus, les bact\u00e9ries et g\u00e8nes de r\u00e9sistance en provenance d\u2019une source principale, les stations d\u2019\u00e9purations urbaines. Si l&rsquo;antibior\u00e9sistance fait l&rsquo;objet de plus en plus d&rsquo;\u00e9tudes au sein de la sph\u00e8re humaine ou animale, c&rsquo;est moins le cas dans le monde environnemental : mais il ne faut pas oublier que c&rsquo;est une menace pour l&rsquo;ensemble du vivant. <\/p>\n\n\n\n<p>C&rsquo;est pourquoi dans le cadre de ses missions, PROMISE souhaite d\u00e9montrer <strong>la faisabilit\u00e9 d\u2019un syst\u00e8me de surveillance de l\u2019antibior\u00e9sistance dans l\u2019environnement<\/strong> en France. <\/p>\n\n\n\n<div style=\"height:30px\" aria-hidden=\"true\" class=\"wp-block-spacer\"><\/div>\n\n\n\n<h2 class=\"has-text-align-center has-text-color has-background wp-block-heading\" style=\"background-color:#f5f5f5;color:#6c6d71\">Objectifs et chiffres-cl\u00e9s<\/h2>\n\n\n\n<p>PROMISE r\u00e9alise une \u00e9tude de faisabilit\u00e9 dont l&rsquo;objectif est de <strong>mettre en place des indicateurs et protocoles communs pour quantifier l\u2019antibior\u00e9sistance dans l\u2019environnement<\/strong>. Elle repose donc sur la s\u00e9lection d\u2019indicateurs de surveillance pertinents ainsi que sur la d\u00e9finition de protocoles de mesures standardis\u00e9s pour ses indicateurs, soit une standardisation des proc\u00e9dures d\u2019\u00e9chantillonnage et d\u2019analyse pour rendre les donn\u00e9es produites interop\u00e9rables.<\/p>\n\n\n\n<p>AMR-Env, un des groupes de travail de PROMISE, est charg\u00e9 de cette \u00e9tude. Il est constitu\u00e9 de 22 unit\u00e9s de recherche dispers\u00e9es sur la France enti\u00e8re et de 4 r\u00e9seaux :<\/p>\n\n\n\n<ul class=\"wp-block-list\"><li><a rel=\"noreferrer noopener\" href=\"https:\/\/www.ozcar-ri.org\/fr\/ozcar-observatoires-de-la-zone-critique-applications-et-recherche\/\" data-type=\"URL\" data-id=\"https:\/\/www.ozcar-ri.org\/fr\/ozcar-observatoires-de-la-zone-critique-applications-et-recherche\/\" target=\"_blank\">OZCAR<\/a> : Observatoires de la Zone Critique &#8211; Applications et Recherche ;<\/li><li><a href=\"https:\/\/asso.graie.org\/portail\/about-the-graie\/\" data-type=\"URL\" data-id=\"https:\/\/asso.graie.org\/portail\/about-the-graie\/\" target=\"_blank\" rel=\"noreferrer noopener\">GRAIE<\/a> : Groupe de recherche, animation technique et information sur l\u2019eau ;<\/li><li><a href=\"https:\/\/www.pndb.fr\/en\/home\" data-type=\"URL\" data-id=\"https:\/\/www.pndb.fr\/en\/home\" target=\"_blank\" rel=\"noreferrer noopener\">PNDB<\/a> : Pole national des donn\u00e9es de biodiversit\u00e9<\/li><li><a href=\"https:\/\/www.lesagencesdeleau.fr\/\" data-type=\"URL\" data-id=\"https:\/\/www.lesagencesdeleau.fr\/\" target=\"_blank\" rel=\"noreferrer noopener\">Les Agences de l\u2019eau<\/a>.<\/li><\/ul>\n\n\n\n<p>Aujourd&rsquo;hui, l&rsquo;\u00e9tude de faisabilit\u00e9 fait ressortir <strong>un protocole de validation inter-laboratoire entre 5 unit\u00e9s de recherche<\/strong>. En parall\u00e8le, des r\u00e9sultats encourageants sont en cours : d&rsquo;une part, la d\u00e9finition d&rsquo;<strong>une m\u00e9thode reproductible<\/strong> (peu de d\u00e9viation d\u2019un laboratoire \u00e0 l\u2019autre) et d&rsquo;autre part, <strong>une validation de plusieurs indicateurs communs<\/strong> en bonne voie.<\/p>\n\n\n\n<div style=\"height:30px\" aria-hidden=\"true\" class=\"wp-block-spacer\"><\/div>\n\n\n\n<h2 class=\"has-text-align-center has-text-color has-background wp-block-heading\" style=\"background-color:#f5f5f5;color:#6c6d71\">M\u00e9dia associ\u00e9<\/h2>\n\n\n\n<div class=\"wp-block-image\"><figure class=\"aligncenter size-full\"><a href=\"https:\/\/amr-promise.fr\/files\/2023\/10\/media-environnement.jpg\"><img loading=\"lazy\" decoding=\"async\" width=\"1024\" height=\"630\" src=\"https:\/\/amr-promise.fr\/files\/2023\/10\/media-environnement.jpg\" alt=\"\" class=\"wp-image-1361\" srcset=\"https:\/\/amr-promise.fr\/files\/2023\/10\/media-environnement.jpg 1024w, https:\/\/amr-promise.fr\/files\/2023\/10\/media-environnement-300x185.jpg 300w, https:\/\/amr-promise.fr\/files\/2023\/10\/media-environnement-768x473.jpg 768w, https:\/\/amr-promise.fr\/files\/2023\/10\/media-environnement-150x92.jpg 150w\" sizes=\"auto, (max-width: 1024px) 100vw, 1024px\" \/><\/a><\/figure><\/div>\n\n\n\n<p class=\"has-text-align-center\"><em>Illustration initiale des indicateurs pr\u00e9liminaires de surveillance de l\u2019antibior\u00e9sistance dans l\u2019environnement retenus<\/em><\/p>\n\n\n\n<p>L&rsquo;\u00e9tude de faisabilit\u00e9 se porte \u00e0 termes sur <strong>six indicateurs communs retenus<\/strong> : E. coli BLSE (m\u00e9thode culture) ; ARN16S de E. coli (qPCR, contamination f\u00e9cale) ; intI (qPCR, indicateur de r\u00e9sistance global) ; aacA4 (qPCR, marqueur de contamination humaine) et aadA\/aadB (qPCR, marqueur de contamination animale).<\/p>","protected":false},"excerpt":{"rendered":"<p>Contexte L&rsquo;antibior\u00e9sistance concerne les Hommes, les animaux&#8230; mais aussi l&rsquo;environnement. C&rsquo;est un ph\u00e9nom\u00e8ne qui ne conna\u00eet pas de fronti\u00e8res et touche \u00e9galement les \u00e9cosyst\u00e8mes. C&rsquo;est le cas par exemple des eaux, largement contamin\u00e9es par les antibiotiques, leurs r\u00e9sidus, les bact\u00e9ries et g\u00e8nes de r\u00e9sistance en provenance d\u2019une source principale, les stations d\u2019\u00e9purations urbaines. Si l&rsquo;antibior\u00e9sistance fait l&rsquo;objet de plus en plus d&rsquo;\u00e9tudes au sein de la sph\u00e8re humaine ou animale,&#8230;<\/p>\n<p> <a class=\"continue-reading-link\" href=\"https:\/\/amr-promise.fr\/fr\/resultats\/quantification-antibioresistance-environnement-promise\/\"><span>Lire plus \/ Read more<\/span><i class=\"crycon-right-dir\"><\/i><\/a> <\/p>\n","protected":false},"author":2354,"featured_media":0,"parent":1228,"menu_order":0,"comment_status":"closed","ping_status":"closed","template":"","meta":{"_mc_calendar":[],"footnotes":""},"class_list":["post-1357","page","type-page","status-publish","hentry"],"_links":{"self":[{"href":"https:\/\/amr-promise.fr\/fr\/wp-json\/wp\/v2\/pages\/1357","targetHints":{"allow":["GET"]}}],"collection":[{"href":"https:\/\/amr-promise.fr\/fr\/wp-json\/wp\/v2\/pages"}],"about":[{"href":"https:\/\/amr-promise.fr\/fr\/wp-json\/wp\/v2\/types\/page"}],"author":[{"embeddable":true,"href":"https:\/\/amr-promise.fr\/fr\/wp-json\/wp\/v2\/users\/2354"}],"replies":[{"embeddable":true,"href":"https:\/\/amr-promise.fr\/fr\/wp-json\/wp\/v2\/comments?post=1357"}],"version-history":[{"count":9,"href":"https:\/\/amr-promise.fr\/fr\/wp-json\/wp\/v2\/pages\/1357\/revisions"}],"predecessor-version":[{"id":2623,"href":"https:\/\/amr-promise.fr\/fr\/wp-json\/wp\/v2\/pages\/1357\/revisions\/2623"}],"up":[{"embeddable":true,"href":"https:\/\/amr-promise.fr\/fr\/wp-json\/wp\/v2\/pages\/1228"}],"wp:attachment":[{"href":"https:\/\/amr-promise.fr\/fr\/wp-json\/wp\/v2\/media?parent=1357"}],"curies":[{"name":"wp","href":"https:\/\/api.w.org\/{rel}","templated":true}]}}