

{"id":1366,"date":"2023-10-17T16:46:03","date_gmt":"2023-10-17T14:46:03","guid":{"rendered":"https:\/\/amr-promise.fr\/?page_id=1366"},"modified":"2024-01-09T12:34:12","modified_gmt":"2024-01-09T11:34:12","slug":"protocole-recherche-clinique-agents-anti-infectieux-promise","status":"publish","type":"page","link":"https:\/\/amr-promise.fr\/fr\/resultats\/protocole-recherche-clinique-agents-anti-infectieux-promise\/","title":{"rendered":"Protocole de recherche clinique inter-r\u00e9seaux sur le d\u00e9veloppement de nouveaux agents anti-infectieux"},"content":{"rendered":"<div class=\"wp-block-image\"><figure class=\"aligncenter size-medium\"><a href=\"https:\/\/amr-promise.fr\/files\/2023\/11\/Visuel-6-protocole_anti_infectieux-scaled.jpg\"><img loading=\"lazy\" decoding=\"async\" width=\"212\" height=\"300\" src=\"https:\/\/amr-promise.fr\/files\/2023\/11\/Visuel-6-protocole_anti_infectieux-212x300.jpg\" alt=\"\" class=\"wp-image-1450\" srcset=\"https:\/\/amr-promise.fr\/files\/2023\/11\/Visuel-6-protocole_anti_infectieux-212x300.jpg 212w, https:\/\/amr-promise.fr\/files\/2023\/11\/Visuel-6-protocole_anti_infectieux-724x1024.jpg 724w, https:\/\/amr-promise.fr\/files\/2023\/11\/Visuel-6-protocole_anti_infectieux-768x1086.jpg 768w, https:\/\/amr-promise.fr\/files\/2023\/11\/Visuel-6-protocole_anti_infectieux-1086x1536.jpg 1086w, https:\/\/amr-promise.fr\/files\/2023\/11\/Visuel-6-protocole_anti_infectieux-1448x2048.jpg 1448w, https:\/\/amr-promise.fr\/files\/2023\/11\/Visuel-6-protocole_anti_infectieux-106x150.jpg 106w, https:\/\/amr-promise.fr\/files\/2023\/11\/Visuel-6-protocole_anti_infectieux-scaled.jpg 1810w\" sizes=\"auto, (max-width: 212px) 100vw, 212px\" \/><\/a><\/figure><\/div>\n\n\n\n<h2 class=\"has-text-align-center has-text-color has-background wp-block-heading\" style=\"background-color:#f5f5f5;color:#6c6d71\">Contexte<\/h2>\n\n\n\n<p>L\u2019un des piliers pour contourner la r\u00e9sistance aux antimicrobiens est <strong>le d\u00e9veloppement de nouveaux agents anti-infectieux<\/strong>. Devant le manque de compr\u00e9hension des donn\u00e9es scientifiques n\u00e9cessaires pour d\u00e9velopper avec succ\u00e8s de nouveaux agents antibact\u00e9riens, et \u00e0 la lumi\u00e8re de ce besoin criant en nouvelles mol\u00e9cules antibact\u00e9riennes, il est primordial de repenser le processus de d\u00e9couverte d\u2019anti-infectieux. Aujourd\u2019hui, il n\u2019existe peu ou pas d&rsquo;initiative ou de r\u00e9seau sur la sc\u00e8ne nationale qui se concentre sur les premi\u00e8res \u00e9tapes de la d\u00e9couverte d\u2019antimicrobiens. <\/p>\n\n\n\n<p>C&rsquo;est pourquoi dans le cadre de ses actions, PROMISE a mis en place un groupe de travail, baptis\u00e9 AntibioDEAL, qui propose de combler ce manque via <strong>la structuration d\u2019un r\u00e9seau d\u00e9di\u00e9 \u00e0 la recherche pr\u00e9clinique en antibioth\u00e9rapie<\/strong>.<\/p>\n\n\n\n<div style=\"height:30px\" aria-hidden=\"true\" class=\"wp-block-spacer\"><\/div>\n\n\n\n<h2 class=\"has-text-align-center has-text-color has-background wp-block-heading\" style=\"background-color:#f5f5f5;color:#6c6d71\">Objectifs et m\u00e9thodologie<\/h2>\n\n\n\n<p>Par l&rsquo;interm\u00e9diaire d&rsquo;AntibioDEAL, PROMISE promeut un r\u00e9seau d\u2019unit\u00e9s de recherche travaillant sur le d\u00e9veloppement de nouveaux agents anti-infectieux. <strong>L&rsquo;objectif est simple :<\/strong> <strong>structurer et coordonner la recherche pr\u00e9clinique<\/strong>. La mission vise \u00e0 rassembler des parties prenantes d\u2019horizons divers et \u00e0 mettre en place des groupes de travail \u00e0 l\u2019\u00e9chelle nationale coh\u00e9rents sur l\u2019aspect de la d\u00e9couverte d\u2019antimicrobiens et leur \u00e9valuation pr\u00e9clinique pour lutter contre la r\u00e9sistance aux antimicrobiens.<\/p>\n\n\n\n<p>Les objectifs secondaires sont d&rsquo;une part, de <strong>regrouper des experts<\/strong> du secteur universitaire et industriel bas\u00e9s en France et d&rsquo;autre part, de <strong>favoriser les d\u00e9couvertes futures<\/strong> en partageant l\u2019expertise, les donn\u00e9es, les connaissances et en identifiant les goulots d\u2019\u00e9tranglement techniques et scientifiques. <\/p>\n\n\n\n<p>Des <a rel=\"noreferrer noopener\" href=\"https:\/\/www.unicaen.fr\/evenement\/journees-annuelles-antibiodeal-2023\/\" data-type=\"URL\" data-id=\"https:\/\/www.unicaen.fr\/evenement\/journees-annuelles-antibiodeal-2023\/\" target=\"_blank\">journ\u00e9es annuelles AntibioDEAL<\/a>, des tables-rondes, des enqu\u00eates et des ateliers permettront notamment d\u2019\u00e9tablir un rapport d\u00e9crivant <strong>une proc\u00e9dure op\u00e9ratoire standard pour la d\u00e9couverte et l\u2019analyse de nouveaux antimicrobiens<\/strong>.<\/p>\n\n\n\n<div style=\"height:30px\" aria-hidden=\"true\" class=\"wp-block-spacer\"><\/div>\n\n\n\n<h2 class=\"has-text-align-center has-text-color has-background wp-block-heading\" style=\"background-color:#f5f5f5;color:#6c6d71\">M\u00e9dia associ\u00e9<\/h2>\n\n\n\n<div class=\"wp-block-image\"><figure class=\"aligncenter size-full\"><a href=\"https:\/\/amr-promise.fr\/files\/2023\/10\/media-antibiodeal-preclinique.jpg\"><img loading=\"lazy\" decoding=\"async\" width=\"1024\" height=\"630\" src=\"https:\/\/amr-promise.fr\/files\/2023\/10\/media-antibiodeal-preclinique.jpg\" alt=\"\" class=\"wp-image-1369\" srcset=\"https:\/\/amr-promise.fr\/files\/2023\/10\/media-antibiodeal-preclinique.jpg 1024w, https:\/\/amr-promise.fr\/files\/2023\/10\/media-antibiodeal-preclinique-300x185.jpg 300w, https:\/\/amr-promise.fr\/files\/2023\/10\/media-antibiodeal-preclinique-768x473.jpg 768w, https:\/\/amr-promise.fr\/files\/2023\/10\/media-antibiodeal-preclinique-150x92.jpg 150w\" sizes=\"auto, (max-width: 1024px) 100vw, 1024px\" \/><\/a><\/figure><\/div>\n\n\n\n<p class=\"has-text-align-center\"><em>S\u00e9quence de travail et th\u00e9matiques pr\u00e9dominantes sur le protocole de recherche clinique<\/em><\/p>\n\n\n\n<p>La s\u00e9quence de travail s&rsquo;articule autour de la mise en place d&rsquo;un <strong>registre national<\/strong> complet dans le domaine de la d\u00e9couverte d\u2019antibiotiques ; la cr\u00e9ation de <strong>groupes de travail d\u2019experts<\/strong> qui identifieront les <strong>freins techniques et scientifiques<\/strong> nationaux de la recherche fondamentale et la d\u00e9couverte exploratoire d\u2019antibiotiques ; l&rsquo;\u00e9laboration d&rsquo;une <strong>proc\u00e9dure op\u00e9ratoire standard de d\u00e9veloppement<\/strong>.<\/p>","protected":false},"excerpt":{"rendered":"<p>Contexte L\u2019un des piliers pour contourner la r\u00e9sistance aux antimicrobiens est le d\u00e9veloppement de nouveaux agents anti-infectieux. Devant le manque de compr\u00e9hension des donn\u00e9es scientifiques n\u00e9cessaires pour d\u00e9velopper avec succ\u00e8s de nouveaux agents antibact\u00e9riens, et \u00e0 la lumi\u00e8re de ce besoin criant en nouvelles mol\u00e9cules antibact\u00e9riennes, il est primordial de repenser le processus de d\u00e9couverte d\u2019anti-infectieux. Aujourd\u2019hui, il n\u2019existe peu ou pas d&rsquo;initiative ou de r\u00e9seau sur la sc\u00e8ne nationale&#8230;<\/p>\n<p> <a class=\"continue-reading-link\" href=\"https:\/\/amr-promise.fr\/fr\/resultats\/protocole-recherche-clinique-agents-anti-infectieux-promise\/\"><span>Lire plus \/ Read more<\/span><i class=\"crycon-right-dir\"><\/i><\/a> <\/p>\n","protected":false},"author":2354,"featured_media":0,"parent":1228,"menu_order":0,"comment_status":"closed","ping_status":"closed","template":"","meta":{"_mc_calendar":[],"footnotes":""},"class_list":["post-1366","page","type-page","status-publish","hentry"],"_links":{"self":[{"href":"https:\/\/amr-promise.fr\/fr\/wp-json\/wp\/v2\/pages\/1366","targetHints":{"allow":["GET"]}}],"collection":[{"href":"https:\/\/amr-promise.fr\/fr\/wp-json\/wp\/v2\/pages"}],"about":[{"href":"https:\/\/amr-promise.fr\/fr\/wp-json\/wp\/v2\/types\/page"}],"author":[{"embeddable":true,"href":"https:\/\/amr-promise.fr\/fr\/wp-json\/wp\/v2\/users\/2354"}],"replies":[{"embeddable":true,"href":"https:\/\/amr-promise.fr\/fr\/wp-json\/wp\/v2\/comments?post=1366"}],"version-history":[{"count":5,"href":"https:\/\/amr-promise.fr\/fr\/wp-json\/wp\/v2\/pages\/1366\/revisions"}],"predecessor-version":[{"id":1582,"href":"https:\/\/amr-promise.fr\/fr\/wp-json\/wp\/v2\/pages\/1366\/revisions\/1582"}],"up":[{"embeddable":true,"href":"https:\/\/amr-promise.fr\/fr\/wp-json\/wp\/v2\/pages\/1228"}],"wp:attachment":[{"href":"https:\/\/amr-promise.fr\/fr\/wp-json\/wp\/v2\/media?parent=1366"}],"curies":[{"name":"wp","href":"https:\/\/api.w.org\/{rel}","templated":true}]}}