

{"id":1838,"date":"2024-04-02T10:18:00","date_gmt":"2024-04-02T08:18:00","guid":{"rendered":"https:\/\/amr-promise.fr\/?page_id=1838"},"modified":"2025-04-15T16:42:34","modified_gmt":"2025-04-15T14:42:34","slug":"antibiodeal-expertises-et-ressources","status":"publish","type":"page","link":"https:\/\/amr-promise.fr\/fr\/antibiodeal\/antibiodeal-expertises-et-ressources\/","title":{"rendered":"AntibioDEAL &#8211; Expertises et ressources"},"content":{"rendered":"<p>Vous travaillez sur un sujet en particulier ? Vous souhaitez vous mettre en relation avec un membre du r\u00e9seau AntibioDEAL sur une th\u00e9matique de travail ? <strong>D\u00e9couvrez cet annuaire \u00ab\u00a0Expertises et ressources\u00a0\u00bb du r\u00e9seau AntibioDEAL<\/strong>, qui recense les personnes ressources en fonction de leur(s) expertise(s).<\/p>\n\n\n\n<iframe src=\"https:\/\/docs.google.com\/spreadsheets\/d\/e\/2PACX-1vQUXIcekQg-EhXqDM9WkA9nO8eBy3HQzeHSZ0DP_Srge3UFoz4xTlATecLOuCcqUUP0CRaOvN-Xm0zB\/pubhtml?widget=true&amp;headers=false\" style=\"width:1250px;height:650px;\"><\/iframe>","protected":false},"excerpt":{"rendered":"<p>Vous travaillez sur un sujet en particulier ? Vous souhaitez vous mettre en relation avec un membre du r\u00e9seau AntibioDEAL sur une th\u00e9matique de travail ? D\u00e9couvrez cet annuaire \u00ab\u00a0Expertises et ressources\u00a0\u00bb du r\u00e9seau AntibioDEAL, qui recense les personnes ressources en fonction de leur(s) expertise(s).<\/p>\n<p> <a class=\"continue-reading-link\" href=\"https:\/\/amr-promise.fr\/fr\/antibiodeal\/antibiodeal-expertises-et-ressources\/\"><span>Lire plus \/ Read more<\/span><i class=\"crycon-right-dir\"><\/i><\/a> <\/p>\n","protected":false},"author":2354,"featured_media":0,"parent":121,"menu_order":0,"comment_status":"closed","ping_status":"closed","template":"","meta":{"_mc_calendar":[],"footnotes":""},"class_list":["post-1838","page","type-page","status-publish","hentry"],"_links":{"self":[{"href":"https:\/\/amr-promise.fr\/fr\/wp-json\/wp\/v2\/pages\/1838","targetHints":{"allow":["GET"]}}],"collection":[{"href":"https:\/\/amr-promise.fr\/fr\/wp-json\/wp\/v2\/pages"}],"about":[{"href":"https:\/\/amr-promise.fr\/fr\/wp-json\/wp\/v2\/types\/page"}],"author":[{"embeddable":true,"href":"https:\/\/amr-promise.fr\/fr\/wp-json\/wp\/v2\/users\/2354"}],"replies":[{"embeddable":true,"href":"https:\/\/amr-promise.fr\/fr\/wp-json\/wp\/v2\/comments?post=1838"}],"version-history":[{"count":6,"href":"https:\/\/amr-promise.fr\/fr\/wp-json\/wp\/v2\/pages\/1838\/revisions"}],"predecessor-version":[{"id":2763,"href":"https:\/\/amr-promise.fr\/fr\/wp-json\/wp\/v2\/pages\/1838\/revisions\/2763"}],"up":[{"embeddable":true,"href":"https:\/\/amr-promise.fr\/fr\/wp-json\/wp\/v2\/pages\/121"}],"wp:attachment":[{"href":"https:\/\/amr-promise.fr\/fr\/wp-json\/wp\/v2\/media?parent=1838"}],"curies":[{"name":"wp","href":"https:\/\/api.w.org\/{rel}","templated":true}]}}