

{"id":1840,"date":"2024-04-02T10:41:22","date_gmt":"2024-04-02T08:41:22","guid":{"rendered":"https:\/\/amr-promise.fr\/?page_id=1840"},"modified":"2024-04-02T11:09:54","modified_gmt":"2024-04-02T09:09:54","slug":"antibiodeal-carte-des-acteurs","status":"publish","type":"page","link":"https:\/\/amr-promise.fr\/fr\/antibiodeal\/antibiodeal-carte-des-acteurs\/","title":{"rendered":"AntibioDEAL &#8211; Carte des acteurs"},"content":{"rendered":"<p>Le r\u00e9seau \u00e9mergent AntibioDEAL regroupe des acteurs de la recherche en France (chercheurs, enseignant-chercheurs, ing\u00e9nieurs, techniciens, etc.) affili\u00e9s au CNRS, \u00e0 l\u2019Inserm, au MNHN, aux Universit\u00e9s, etc. <strong>D\u00e9couvrez cette carte des acteurs du r\u00e9seau AntibioDEAL<\/strong>, qui recense les diff\u00e9rentes structures impliqu\u00e9es de pr\u00e8s ou de loin (laboratoires, instituts,etc.) reparties sur tout le territoire m\u00e9tropolitain.<\/p>\n\n\n\n<iframe loading=\"lazy\" src=\"https:\/\/www.google.com\/maps\/d\/embed?mid=1t4OIqkJIGfMwp-H6mpylXBge4DScQkg&amp;ehbc=2E312F&amp;noprof=1\" width=\"1250\" height=\"650\"><\/iframe>","protected":false},"excerpt":{"rendered":"<p>Le r\u00e9seau \u00e9mergent AntibioDEAL regroupe des acteurs de la recherche en France (chercheurs, enseignant-chercheurs, ing\u00e9nieurs, techniciens, etc.) affili\u00e9s au CNRS, \u00e0 l\u2019Inserm, au MNHN, aux Universit\u00e9s, etc. D\u00e9couvrez cette carte des acteurs du r\u00e9seau AntibioDEAL, qui recense les diff\u00e9rentes structures impliqu\u00e9es de pr\u00e8s ou de loin (laboratoires, instituts,etc.) reparties sur tout le territoire m\u00e9tropolitain.<\/p>\n<p> <a class=\"continue-reading-link\" href=\"https:\/\/amr-promise.fr\/fr\/antibiodeal\/antibiodeal-carte-des-acteurs\/\"><span>Lire plus \/ Read more<\/span><i class=\"crycon-right-dir\"><\/i><\/a> <\/p>\n","protected":false},"author":2354,"featured_media":0,"parent":121,"menu_order":0,"comment_status":"closed","ping_status":"closed","template":"","meta":{"_mc_calendar":[],"footnotes":""},"class_list":["post-1840","page","type-page","status-publish","hentry"],"_links":{"self":[{"href":"https:\/\/amr-promise.fr\/fr\/wp-json\/wp\/v2\/pages\/1840","targetHints":{"allow":["GET"]}}],"collection":[{"href":"https:\/\/amr-promise.fr\/fr\/wp-json\/wp\/v2\/pages"}],"about":[{"href":"https:\/\/amr-promise.fr\/fr\/wp-json\/wp\/v2\/types\/page"}],"author":[{"embeddable":true,"href":"https:\/\/amr-promise.fr\/fr\/wp-json\/wp\/v2\/users\/2354"}],"replies":[{"embeddable":true,"href":"https:\/\/amr-promise.fr\/fr\/wp-json\/wp\/v2\/comments?post=1840"}],"version-history":[{"count":5,"href":"https:\/\/amr-promise.fr\/fr\/wp-json\/wp\/v2\/pages\/1840\/revisions"}],"predecessor-version":[{"id":1860,"href":"https:\/\/amr-promise.fr\/fr\/wp-json\/wp\/v2\/pages\/1840\/revisions\/1860"}],"up":[{"embeddable":true,"href":"https:\/\/amr-promise.fr\/fr\/wp-json\/wp\/v2\/pages\/121"}],"wp:attachment":[{"href":"https:\/\/amr-promise.fr\/fr\/wp-json\/wp\/v2\/media?parent=1840"}],"curies":[{"name":"wp","href":"https:\/\/api.w.org\/{rel}","templated":true}]}}