

{"id":1909,"date":"2024-05-22T16:56:36","date_gmt":"2024-05-22T14:56:36","guid":{"rendered":"https:\/\/amr-promise.fr\/?page_id=1909"},"modified":"2024-05-22T17:01:39","modified_gmt":"2024-05-22T15:01:39","slug":"amr-env-carte-des-acteurs","status":"publish","type":"page","link":"https:\/\/amr-promise.fr\/fr\/amr-env\/amr-env-carte-des-acteurs\/","title":{"rendered":"AMR-Env &#8211; Carte des acteurs"},"content":{"rendered":"<p>Le r\u00e9seau \u00e9mergent AMR-Env regroupe une multitude d&rsquo;acteurs de la recherche en France (chercheurs, enseignant-chercheurs, ing\u00e9nieurs, techniciens, etc.) affili\u00e9s \u00e0 la th\u00e9matique environnementale. <strong>D\u00e9couvrez cette carte des acteurs du r\u00e9seau AMR-Env<\/strong>, qui recense les diff\u00e9rentes structures impliqu\u00e9es (laboratoires, centres hostpitaliers, instituts,etc.) reparties sur tout le territoire m\u00e9tropolitain.<\/p>\n\n\n\n<iframe loading=\"lazy\" src=\"https:\/\/www.google.com\/maps\/d\/embed?mid=11TfLKYiqjfMkn31LBvOLq1i-zwyOkoM&amp;ehbc=2E312F&amp;noprof=1\" width=\"1250\" height=\"650\"><\/iframe>\n\n\n\n<p><\/p>","protected":false},"excerpt":{"rendered":"<p>Le r\u00e9seau \u00e9mergent AMR-Env regroupe une multitude d&rsquo;acteurs de la recherche en France (chercheurs, enseignant-chercheurs, ing\u00e9nieurs, techniciens, etc.) affili\u00e9s \u00e0 la th\u00e9matique environnementale. D\u00e9couvrez cette carte des acteurs du r\u00e9seau AMR-Env, qui recense les diff\u00e9rentes structures impliqu\u00e9es (laboratoires, centres hostpitaliers, instituts,etc.) reparties sur tout le territoire m\u00e9tropolitain.<\/p>\n<p> <a class=\"continue-reading-link\" href=\"https:\/\/amr-promise.fr\/fr\/amr-env\/amr-env-carte-des-acteurs\/\"><span>Lire plus \/ Read more<\/span><i class=\"crycon-right-dir\"><\/i><\/a> <\/p>\n","protected":false},"author":2354,"featured_media":0,"parent":118,"menu_order":0,"comment_status":"closed","ping_status":"closed","template":"","meta":{"_mc_calendar":[],"footnotes":""},"class_list":["post-1909","page","type-page","status-publish","hentry"],"_links":{"self":[{"href":"https:\/\/amr-promise.fr\/fr\/wp-json\/wp\/v2\/pages\/1909","targetHints":{"allow":["GET"]}}],"collection":[{"href":"https:\/\/amr-promise.fr\/fr\/wp-json\/wp\/v2\/pages"}],"about":[{"href":"https:\/\/amr-promise.fr\/fr\/wp-json\/wp\/v2\/types\/page"}],"author":[{"embeddable":true,"href":"https:\/\/amr-promise.fr\/fr\/wp-json\/wp\/v2\/users\/2354"}],"replies":[{"embeddable":true,"href":"https:\/\/amr-promise.fr\/fr\/wp-json\/wp\/v2\/comments?post=1909"}],"version-history":[{"count":3,"href":"https:\/\/amr-promise.fr\/fr\/wp-json\/wp\/v2\/pages\/1909\/revisions"}],"predecessor-version":[{"id":1914,"href":"https:\/\/amr-promise.fr\/fr\/wp-json\/wp\/v2\/pages\/1909\/revisions\/1914"}],"up":[{"embeddable":true,"href":"https:\/\/amr-promise.fr\/fr\/wp-json\/wp\/v2\/pages\/118"}],"wp:attachment":[{"href":"https:\/\/amr-promise.fr\/fr\/wp-json\/wp\/v2\/media?parent=1909"}],"curies":[{"name":"wp","href":"https:\/\/api.w.org\/{rel}","templated":true}]}}