

{"id":1986,"date":"2024-07-30T11:56:36","date_gmt":"2024-07-30T09:56:36","guid":{"rendered":"https:\/\/amr-promise.fr\/?page_id=1986"},"modified":"2024-09-04T10:11:32","modified_gmt":"2024-09-04T08:11:32","slug":"amr-env-expertises-et-ressources","status":"publish","type":"page","link":"https:\/\/amr-promise.fr\/fr\/amr-env\/amr-env-expertises-et-ressources\/","title":{"rendered":"AMR-Env &#8211; Expertises et ressources"},"content":{"rendered":"<p>Vous souhaitez en savoir plus sur les <strong>membres du r\u00e9seau AMR-Env<\/strong> ? Gr\u00e2ce \u00e0 la <strong>s\u00e9rie d&rsquo;interviews \u00ab\u00a03 questions \u00e0\u00a0\u00bb<\/strong>, d\u00e9couvrez dans un format court &#8211; mais pas trop &#8211; ceux qui \u0153uvrent au sein de ce groupe de travail d\u00e9di\u00e9 \u00e0 l&rsquo;antibior\u00e9sistance dans l&rsquo;environnement, leur parcours, les enjeux de leurs missions, etc.<\/p>\n\n\n\n<h2 class=\"has-text-align-center has-text-color has-background wp-block-heading\" style=\"background-color:#f5f5f5;color:#6c6d71\">Liste des interviews<\/h2>\n\n\n\n<div style=\"height:20px\" aria-hidden=\"true\" class=\"wp-block-spacer\"><\/div>\n\n\n<ul class=\"wp-block-latest-posts__list is-grid columns-2 has-dates wp-block-latest-posts\"><li><div class=\"wp-block-latest-posts__featured-image\"><a href=\"https:\/\/amr-promise.fr\/fr\/francais-3-questions-a-marion-vittecoq\/\" aria-label=\"3 questions \u00e0 Marion Vittecoq\"><a href=\"https:\/\/amr-promise.fr\/fr\/francais-3-questions-a-marion-vittecoq\/\" title=\"3 questions \u00e0 Marion Vittecoq\"><img loading=\"lazy\" decoding=\"async\" width=\"200\" height=\"200\" src=\"https:\/\/amr-promise.fr\/files\/2025\/07\/marion-vittecoq.jpg\" class=\"attachment-medium size-medium wp-post-image\" alt=\"\" style=\"max-width:200px;max-height:200px;\" srcset=\"https:\/\/amr-promise.fr\/files\/2025\/07\/marion-vittecoq.jpg 200w, https:\/\/amr-promise.fr\/files\/2025\/07\/marion-vittecoq-150x150.jpg 150w\" sizes=\"auto, (max-width: 200px) 100vw, 200px\" \/><\/a><\/a><\/div><a class=\"wp-block-latest-posts__post-title\" href=\"https:\/\/amr-promise.fr\/fr\/francais-3-questions-a-marion-vittecoq\/\">3 questions \u00e0 Marion Vittecoq<\/a><time datetime=\"2025-08-24T13:49:57+00:00\" class=\"wp-block-latest-posts__post-date\">Sun 24 August 2025<\/time><div class=\"wp-block-latest-posts__post-excerpt\">Marion Vittecoq, Directrice de Recherche \u00e0 la Tour du Valat<p> <a class=\"continue-reading-link\" href=\"https:\/\/amr-promise.fr\/fr\/francais-3-questions-a-marion-vittecoq\/\"><span>Lire plus \/ Read more<\/span><i class=\"crycon-right-dir\"><\/i><\/a> <\/p><\/div><\/li>\n<li><div class=\"wp-block-latest-posts__featured-image\"><a href=\"https:\/\/amr-promise.fr\/fr\/francais-3-questions-a-kenny-oberle\/\" aria-label=\"3 questions \u00e0 Kenny Oberl\u00e9\"><a href=\"https:\/\/amr-promise.fr\/fr\/francais-3-questions-a-kenny-oberle\/\" title=\"3 questions \u00e0 Kenny Oberl\u00e9\"><img loading=\"lazy\" decoding=\"async\" width=\"200\" height=\"200\" src=\"https:\/\/amr-promise.fr\/files\/2025\/04\/Kenny-Oberle-1.jpg\" class=\"attachment-medium size-medium wp-post-image\" alt=\"Kenny Oberl\u00e9\" style=\"max-width:200px;max-height:200px;\" srcset=\"https:\/\/amr-promise.fr\/files\/2025\/04\/Kenny-Oberle-1.jpg 200w, https:\/\/amr-promise.fr\/files\/2025\/04\/Kenny-Oberle-1-150x150.jpg 150w\" sizes=\"auto, (max-width: 200px) 100vw, 200px\" \/><\/a><\/a><\/div><a class=\"wp-block-latest-posts__post-title\" href=\"https:\/\/amr-promise.fr\/fr\/francais-3-questions-a-kenny-oberle\/\">3 questions \u00e0 Kenny Oberl\u00e9<\/a><time datetime=\"2025-05-05T08:57:52+00:00\" class=\"wp-block-latest-posts__post-date\">Mon 05 May 2025<\/time><div class=\"wp-block-latest-posts__post-excerpt\">Kenny Oberl\u00e9, Ma\u00eetre de conf\u00e9rence \u00e0 l\u2019UMR 1300 BIOEPAR<p> <a class=\"continue-reading-link\" href=\"https:\/\/amr-promise.fr\/fr\/francais-3-questions-a-kenny-oberle\/\"><span>Lire plus \/ Read more<\/span><i class=\"crycon-right-dir\"><\/i><\/a> <\/p><\/div><\/li>\n<li><div class=\"wp-block-latest-posts__featured-image\"><a href=\"https:\/\/amr-promise.fr\/fr\/francais-3-questions-a-thibault-stalder\/\" aria-label=\"3 questions \u00e0 Thibault Stalder\"><a href=\"https:\/\/amr-promise.fr\/fr\/francais-3-questions-a-thibault-stalder\/\" title=\"3 questions \u00e0 Thibault Stalder\"><img loading=\"lazy\" decoding=\"async\" width=\"200\" height=\"200\" src=\"https:\/\/amr-promise.fr\/files\/2025\/02\/thibault-stalder.jpg\" class=\"attachment-medium size-medium wp-post-image\" alt=\"Thibault Stalder\" style=\"max-width:200px;max-height:200px;\" srcset=\"https:\/\/amr-promise.fr\/files\/2025\/02\/thibault-stalder.jpg 200w, https:\/\/amr-promise.fr\/files\/2025\/02\/thibault-stalder-150x150.jpg 150w\" sizes=\"auto, (max-width: 200px) 100vw, 200px\" \/><\/a><\/a><\/div><a class=\"wp-block-latest-posts__post-title\" href=\"https:\/\/amr-promise.fr\/fr\/francais-3-questions-a-thibault-stalder\/\">3 questions \u00e0 Thibault Stalder<\/a><time datetime=\"2025-02-03T16:09:13+00:00\" class=\"wp-block-latest-posts__post-date\">Mon 03 February 2025<\/time><div class=\"wp-block-latest-posts__post-excerpt\">Thibault Stalder, Microbiologiste (Chaire Junior Inserm) \u00e0 l&rsquo;UMR 1092 RESINFIT<p> <a class=\"continue-reading-link\" href=\"https:\/\/amr-promise.fr\/fr\/francais-3-questions-a-thibault-stalder\/\"><span>Lire plus \/ Read more<\/span><i class=\"crycon-right-dir\"><\/i><\/a> <\/p><\/div><\/li>\n<li><div class=\"wp-block-latest-posts__featured-image\"><a href=\"https:\/\/amr-promise.fr\/fr\/francais-3-questions-a-nora-navarro-gonzalez\/\" aria-label=\"3 questions \u00e0 Nora Navarro-Gonzalez\"><a href=\"https:\/\/amr-promise.fr\/fr\/francais-3-questions-a-nora-navarro-gonzalez\/\" title=\"3 questions \u00e0 Nora Navarro-Gonzalez\"><img loading=\"lazy\" decoding=\"async\" width=\"200\" height=\"200\" src=\"https:\/\/amr-promise.fr\/files\/2024\/10\/amr-env-nora-navaroo-gonzalez.jpg\" class=\"attachment-medium size-medium wp-post-image\" alt=\"\" style=\"max-width:200px;max-height:200px;\" srcset=\"https:\/\/amr-promise.fr\/files\/2024\/10\/amr-env-nora-navaroo-gonzalez.jpg 200w, https:\/\/amr-promise.fr\/files\/2024\/10\/amr-env-nora-navaroo-gonzalez-150x150.jpg 150w\" sizes=\"auto, (max-width: 200px) 100vw, 200px\" \/><\/a><\/a><\/div><a class=\"wp-block-latest-posts__post-title\" href=\"https:\/\/amr-promise.fr\/fr\/francais-3-questions-a-nora-navarro-gonzalez\/\">3 questions \u00e0 Nora Navarro-Gonzalez<\/a><time datetime=\"2024-10-07T17:10:38+00:00\" class=\"wp-block-latest-posts__post-date\">Mon 07 October 2024<\/time><div class=\"wp-block-latest-posts__post-excerpt\">Nora Navarro-Gonzalez, Ma\u00eetresse de conf\u00e9rences \u00e0 Oniris (INRAe).<p> <a class=\"continue-reading-link\" href=\"https:\/\/amr-promise.fr\/fr\/francais-3-questions-a-nora-navarro-gonzalez\/\"><span>Lire plus \/ Read more<\/span><i class=\"crycon-right-dir\"><\/i><\/a> <\/p><\/div><\/li>\n<li><div class=\"wp-block-latest-posts__featured-image\"><a href=\"https:\/\/amr-promise.fr\/fr\/francais-3-questions-a-xavier-bellanger\/\" aria-label=\"3 questions \u00e0 Xavier Bellanger\"><a href=\"https:\/\/amr-promise.fr\/fr\/francais-3-questions-a-xavier-bellanger\/\" title=\"3 questions \u00e0 Xavier Bellanger\"><img loading=\"lazy\" decoding=\"async\" width=\"200\" height=\"200\" src=\"https:\/\/amr-promise.fr\/files\/2024\/07\/amr-env-xavier_bellanger.jpg\" class=\"attachment-medium size-medium wp-post-image\" alt=\"\" style=\"max-width:200px;max-height:200px;\" srcset=\"https:\/\/amr-promise.fr\/files\/2024\/07\/amr-env-xavier_bellanger.jpg 200w, https:\/\/amr-promise.fr\/files\/2024\/07\/amr-env-xavier_bellanger-150x150.jpg 150w\" sizes=\"auto, (max-width: 200px) 100vw, 200px\" \/><\/a><\/a><\/div><a class=\"wp-block-latest-posts__post-title\" href=\"https:\/\/amr-promise.fr\/fr\/francais-3-questions-a-xavier-bellanger\/\">3 questions \u00e0 Xavier Bellanger<\/a><time datetime=\"2024-07-30T12:14:31+00:00\" class=\"wp-block-latest-posts__post-date\">Tue 30 July 2024<\/time><div class=\"wp-block-latest-posts__post-excerpt\">Xavier Bellanger, Docteur en G\u00e9nomique et Ma\u00eetre de conf\u00e9rences \u00e0 l&rsquo;Universit\u00e9 de Lorraine.<p> <a class=\"continue-reading-link\" href=\"https:\/\/amr-promise.fr\/fr\/francais-3-questions-a-xavier-bellanger\/\"><span>Lire plus \/ Read more<\/span><i class=\"crycon-right-dir\"><\/i><\/a> <\/p><\/div><\/li>\n<\/ul>","protected":false},"excerpt":{"rendered":"<p>Vous souhaitez en savoir plus sur les membres du r\u00e9seau AMR-Env ? Gr\u00e2ce \u00e0 la s\u00e9rie d&rsquo;interviews \u00ab\u00a03 questions \u00e0\u00a0\u00bb, d\u00e9couvrez dans un format court &#8211; mais pas trop &#8211; ceux qui \u0153uvrent au sein de ce groupe de travail d\u00e9di\u00e9 \u00e0 l&rsquo;antibior\u00e9sistance dans l&rsquo;environnement, leur parcours, les enjeux de leurs missions, etc. Liste des interviews<\/p>\n<p> <a class=\"continue-reading-link\" href=\"https:\/\/amr-promise.fr\/fr\/amr-env\/amr-env-expertises-et-ressources\/\"><span>Lire plus \/ Read more<\/span><i class=\"crycon-right-dir\"><\/i><\/a> <\/p>\n","protected":false},"author":2354,"featured_media":0,"parent":118,"menu_order":0,"comment_status":"closed","ping_status":"closed","template":"","meta":{"_mc_calendar":[],"footnotes":""},"class_list":["post-1986","page","type-page","status-publish","hentry"],"_links":{"self":[{"href":"https:\/\/amr-promise.fr\/fr\/wp-json\/wp\/v2\/pages\/1986","targetHints":{"allow":["GET"]}}],"collection":[{"href":"https:\/\/amr-promise.fr\/fr\/wp-json\/wp\/v2\/pages"}],"about":[{"href":"https:\/\/amr-promise.fr\/fr\/wp-json\/wp\/v2\/types\/page"}],"author":[{"embeddable":true,"href":"https:\/\/amr-promise.fr\/fr\/wp-json\/wp\/v2\/users\/2354"}],"replies":[{"embeddable":true,"href":"https:\/\/amr-promise.fr\/fr\/wp-json\/wp\/v2\/comments?post=1986"}],"version-history":[{"count":11,"href":"https:\/\/amr-promise.fr\/fr\/wp-json\/wp\/v2\/pages\/1986\/revisions"}],"predecessor-version":[{"id":2117,"href":"https:\/\/amr-promise.fr\/fr\/wp-json\/wp\/v2\/pages\/1986\/revisions\/2117"}],"up":[{"embeddable":true,"href":"https:\/\/amr-promise.fr\/fr\/wp-json\/wp\/v2\/pages\/118"}],"wp:attachment":[{"href":"https:\/\/amr-promise.fr\/fr\/wp-json\/wp\/v2\/media?parent=1986"}],"curies":[{"name":"wp","href":"https:\/\/api.w.org\/{rel}","templated":true}]}}