

{"id":2033,"date":"2024-08-01T14:30:05","date_gmt":"2024-08-01T12:30:05","guid":{"rendered":"https:\/\/amr-promise.fr\/?page_id=2033"},"modified":"2024-12-18T14:18:38","modified_gmt":"2024-12-18T13:18:38","slug":"seminaire-thematique-promise-2024","status":"publish","type":"page","link":"https:\/\/amr-promise.fr\/fr\/resultats\/seminaire-thematique-promise-2024\/","title":{"rendered":"S\u00e9minaire th\u00e9matique : \u00ab\u00a0Approche One Health de l&rsquo;antibior\u00e9sistance : impacts crois\u00e9s des pratiques humain &#8211; animal &#8211; environnement\u00a0\u00bb"},"content":{"rendered":"<div class=\"wp-block-image\"><figure class=\"aligncenter size-full\"><a href=\"https:\/\/amr-promise.fr\/files\/2024\/11\/Programme-Seminaire-15112024.pdf\" target=\"_blank\" rel=\"noopener\"><img loading=\"lazy\" decoding=\"async\" width=\"212\" height=\"300\" src=\"https:\/\/amr-promise.fr\/files\/2024\/08\/Visuel-9-seminaire_thematique2024.jpg\" alt=\"\" class=\"wp-image-2034\" srcset=\"https:\/\/amr-promise.fr\/files\/2024\/08\/Visuel-9-seminaire_thematique2024.jpg 212w, https:\/\/amr-promise.fr\/files\/2024\/08\/Visuel-9-seminaire_thematique2024-106x150.jpg 106w\" sizes=\"auto, (max-width: 212px) 100vw, 212px\" \/><\/a><\/figure><\/div>\n\n\n\n<h2 class=\"has-text-align-center has-text-color has-background wp-block-heading\" style=\"background-color:#f5f5f5;color:#6c6d71\">Contexte<\/h2>\n\n\n\n<p>Le <strong>15 novembre 2024<\/strong> a eu lieu un s\u00e9minaire au Minist\u00e8re de la transition \u00e9cologique et de la coh\u00e9sion des territoires \u00e0 Paris <em>(Auditorium Tour S\u00e9quoia, La D\u00e9fense)<\/em>. Ce s\u00e9minaire a \u00e9t\u00e9<strong> co-organis\u00e9 par le m\u00e9ta-r\u00e9seau PROMISE<\/strong>, la Soci\u00e9t\u00e9 de Pathologie Infectieuse de langue fran\u00e7aise (SPILF), le Groupe Bon Usage des Antibiotiques de la SPILF et le Centre de R\u00e9f\u00e9rence en Antibioth\u00e9rapie PACA (PACATB).<\/p>\n\n\n\n<p>Celui-ci avait pour th\u00e8me : <strong>\u00ab\u00a0Approche One Health de l&rsquo;antibior\u00e9sistance : impacts crois\u00e9s des pratiques humain &#8211; animal &#8211; environnement\u00a0\u00bb<\/strong>. Il \u00e9tait destin\u00e9 aux professionnels publics et priv\u00e9s de sant\u00e9 humaine, animale ou environnementale, mais aussi aux chercheurs, d\u00e9cideurs, enseignants, \u00e9tudiants, associations environnementales et d&rsquo;usagers ou encore aux journalistes.<\/p>\n\n\n\n<div style=\"height:20px\" aria-hidden=\"true\" class=\"wp-block-spacer\"><\/div>\n\n\n\n<h2 class=\"has-text-align-center has-text-color has-background wp-block-heading\" style=\"background-color:#f5f5f5;color:#6c6d71\">Objectifs<\/h2>\n\n\n\n<p><strong>Les objectifs de l&rsquo;\u00e9v\u00e8nement, multiples<\/strong>, \u00e9taient les suivants :<\/p>\n\n\n\n<ul class=\"wp-block-list\"><li>Mettre en relation les acteurs scientifiques, politiques et industriels des 3 sant\u00e9s autour de la probl\u00e9matique du One Health et particuli\u00e8rement de l\u2019impact \u00e9cologique des antibiotiques, des biocides, et des autres cofacteurs de la r\u00e9sistance ;<\/li><li>Rechercher des solutions concr\u00e8tes transversales aux 3 secteurs ;<\/li><li>Travailler \u00e0 une meilleure organisation territoriale des 3 secteurs.<\/li><\/ul>\n\n\n\n<div class=\"wp-block-buttons is-horizontal is-content-justification-center is-layout-flex wp-container-core-buttons-is-layout-499968f5 wp-block-buttons-is-layout-flex\">\n<div class=\"wp-block-button\"><a class=\"wp-block-button__link has-background\" href=\"https:\/\/amr-promise.fr\/files\/2024\/11\/Programme-Seminaire-15112024.pdf\" style=\"border-radius:10px;background-color:#1a84c7\" target=\"_blank\" rel=\"noreferrer noopener\">Consulter le programme de l&rsquo;\u00e9v\u00e9nement<\/a><\/div>\n<\/div>\n\n\n\n<div style=\"height:20px\" aria-hidden=\"true\" class=\"wp-block-spacer\"><\/div>\n\n\n\n<h2 class=\"has-text-align-center has-text-color has-background wp-block-heading\" style=\"background-color:#f5f5f5;color:#6c6d71\">Pr\u00e9sentations<\/h2>\n\n\n\n<p>Le s\u00e9minaire a \u00e9t\u00e9 l&rsquo;occasion pour de <strong>nombreux orateurs<\/strong> d&rsquo;intervenir. Le programme portait sur la tenue d&rsquo;une introduction, de <strong>trois sessions distinctes<\/strong> et d&rsquo;une conclusion :<\/p>\n\n\n\n<ul class=\"wp-block-list\"><li><strong>Introduction<\/strong><\/li><li><strong>Session 1<\/strong> &#8211; \u00c9tat des lieux One Health de l\u2019antibior\u00e9sistance<\/li><li><strong>Session 2<\/strong> &#8211; Quels sont les freins et les leviers pour diminuer la consommation des biocides et des antibiotiques \u00e0 l\u2019\u00e9chelle europ\u00e9enne, nationale et territoriale ?<\/li><li><strong>Session 3<\/strong> &#8211; R\u00e9duire nos impacts sur l\u2019antibior\u00e9sistance via des outils op\u00e9rationnels et dynamiques locales<\/li><li><strong>Restitution et conclusion<\/strong><\/li><\/ul>\n\n\n\n<div class=\"wp-block-columns is-layout-flex wp-container-core-columns-is-layout-9d6595d7 wp-block-columns-is-layout-flex\">\n<div class=\"wp-block-column is-layout-flow wp-block-column-is-layout-flow\">\n<div class=\"wp-block-buttons is-content-justification-center is-layout-flex wp-container-core-buttons-is-layout-16018d1d wp-block-buttons-is-layout-flex\">\n<div class=\"wp-block-button\"><a class=\"wp-block-button__link has-background\" href=\"https:\/\/amr-promise.fr\/files\/2024\/12\/Part0_Seminaire-15-11-2024-Introduction.zip\" style=\"border-radius:10px;background-color:#1a84c7\" target=\"_blank\" rel=\"noreferrer noopener\">Introduction &#8211; <em>T\u00e9l\u00e9charger les pr\u00e9sentations (.zip)<\/em><\/a><\/div>\n<\/div>\n<\/div>\n\n\n\n<div class=\"wp-block-column is-layout-flow wp-block-column-is-layout-flow\">\n<div class=\"wp-block-buttons is-content-justification-center is-layout-flex wp-container-core-buttons-is-layout-16018d1d wp-block-buttons-is-layout-flex\">\n<div class=\"wp-block-button\"><a class=\"wp-block-button__link has-background\" href=\"https:\/\/amr-promise.fr\/files\/2024\/12\/Part1_Seminaire-15-11-2024-Session1.zip\" style=\"border-radius:10px;background-color:#1a84c7\" target=\"_blank\" rel=\"noreferrer noopener\">Session 1 &#8211; <em>T\u00e9l\u00e9charger les pr\u00e9sentations (.zip)<\/em><\/a><\/div>\n<\/div>\n<\/div>\n\n\n\n<div class=\"wp-block-column is-layout-flow wp-block-column-is-layout-flow\">\n<div class=\"wp-block-buttons is-content-justification-center is-layout-flex wp-container-core-buttons-is-layout-16018d1d wp-block-buttons-is-layout-flex\">\n<div class=\"wp-block-button\"><a class=\"wp-block-button__link has-background\" href=\"https:\/\/amr-promise.fr\/files\/2024\/12\/Part2_Seminaire-15-11-2024-Session2.zip\" style=\"border-radius:10px;background-color:#1a84c7\" target=\"_blank\" rel=\"noreferrer noopener\">Session 2 &#8211; <em>T\u00e9l\u00e9charger les pr\u00e9sentations (.zip)<\/em><\/a><\/div>\n<\/div>\n<\/div>\n\n\n\n<div class=\"wp-block-column is-layout-flow wp-block-column-is-layout-flow\">\n<div class=\"wp-block-buttons is-content-justification-center is-layout-flex wp-container-core-buttons-is-layout-16018d1d wp-block-buttons-is-layout-flex\">\n<div class=\"wp-block-button\"><a class=\"wp-block-button__link has-background\" href=\"https:\/\/amr-promise.fr\/files\/2024\/12\/Part3_Seminaire-15-11-2024-Session3.zip\" style=\"border-radius:10px;background-color:#1a84c7\" target=\"_blank\" rel=\"noreferrer noopener\">Session 3 &#8211; <em>T\u00e9l\u00e9charger les pr\u00e9sentations (.zip)<\/em><\/a><\/div>\n<\/div>\n<\/div>\n<\/div>\n\n\n\n<div style=\"height:20px\" aria-hidden=\"true\" class=\"wp-block-spacer\"><\/div>\n\n\n\n<h2 class=\"has-text-align-center has-text-color has-background wp-block-heading\" style=\"background-color:#f5f5f5;color:#6c6d71\">Informations sur les interventions + Vid\u00e9os<\/h2>\n\n\n\n<p>Vous pouvez retrouver les <strong>biographies des mod\u00e9rateurs et des orateurs<\/strong> dans le document ci-apr\u00e8s. Ce document contient \u00e9galement le <strong>r\u00e9sum\u00e9 des pr\u00e9sentations des intervenants<\/strong> <em>(si renseign\u00e9)<\/em>.<\/p>\n\n\n\n<div class=\"wp-block-buttons is-horizontal is-content-justification-center is-layout-flex wp-container-core-buttons-is-layout-499968f5 wp-block-buttons-is-layout-flex\">\n<div class=\"wp-block-button\"><a class=\"wp-block-button__link has-background\" href=\"https:\/\/amr-promise.fr\/files\/2024\/12\/Seminaire_15-11-2024_Informations-Interventions.pdf\" style=\"border-radius:10px;background-color:#1a84c7\" target=\"_blank\" rel=\"noreferrer noopener\">Consulter les informations sur les interventions<\/a><\/div>\n<\/div>\n\n\n\n<div style=\"height:20px\" aria-hidden=\"true\" class=\"wp-block-spacer\"><\/div>\n\n\n\n<p>Vous pouvez \u00e9galement retrouver ci-apr\u00e8s les <strong>enregistrements vid\u00e9os du s\u00e9minaire<\/strong>. Vous avez la possibilit\u00e9 de naviguer par chapitre <em>(par int<\/em>ervention) pour chaque vid\u00e9o ci-dessus.<\/p>\n\n\n\n<div class=\"wp-block-columns is-layout-flex wp-container-core-columns-is-layout-9d6595d7 wp-block-columns-is-layout-flex\">\n<div class=\"wp-block-column is-layout-flow wp-block-column-is-layout-flow\">\n<p><strong>Session 1<\/strong><\/p>\n\n\n\n<div style=\"padding:56.25% 0 0 0;position:relative;\"><iframe src=\"https:\/\/player.vimeo.com\/video\/1038187291?h=ebb0e7f0b0&amp;badge=0&amp;autopause=0&amp;player_id=0&amp;app_id=58479\" frameborder=\"0\" allow=\"autoplay; fullscreen; picture-in-picture; clipboard-write\" style=\"position:absolute;top:0;left:0;width:100%;height:100%;\" title=\"S\u00e9minaire th\u00e9matique - Approche One Health de l\u2019antibior\u00e9sistance_ session-1\"><\/iframe><\/div><script src=\"https:\/\/player.vimeo.com\/api\/player.js\"><\/script>\n<\/div>\n\n\n\n<div class=\"wp-block-column is-layout-flow wp-block-column-is-layout-flow\">\n<p><strong>Session 2<\/strong><\/p>\n\n\n\n<div style=\"padding:56.25% 0 0 0;position:relative;\"><iframe src=\"https:\/\/player.vimeo.com\/video\/1038610342?h=0cbdb29ef9&amp;badge=0&amp;autopause=0&amp;player_id=0&amp;app_id=58479\" frameborder=\"0\" allow=\"autoplay; fullscreen; picture-in-picture; clipboard-write\" style=\"position:absolute;top:0;left:0;width:100%;height:100%;\" title=\"S\u00e9minaire th\u00e9matique - Approche One Health de l\u2019antibior\u00e9sistance - Session 2\"><\/iframe><\/div><script src=\"https:\/\/player.vimeo.com\/api\/player.js\"><\/script>\n<\/div>\n\n\n\n<div class=\"wp-block-column is-layout-flow wp-block-column-is-layout-flow\">\n<p><strong>Session 3<\/strong><\/p>\n\n\n\n<div style=\"padding:56.25% 0 0 0;position:relative;\"><iframe src=\"https:\/\/player.vimeo.com\/video\/1038345387?h=b169a5b12f&amp;badge=0&amp;autopause=0&amp;player_id=0&amp;app_id=58479\" frameborder=\"0\" allow=\"autoplay; fullscreen; picture-in-picture; clipboard-write\" style=\"position:absolute;top:0;left:0;width:100%;height:100%;\" title=\"S\u00e9minaire th\u00e9matique - Approche One Health de l\u2019antibior\u00e9sistance_ session-3\"><\/iframe><\/div><script src=\"https:\/\/player.vimeo.com\/api\/player.js\"><\/script>\n<\/div>\n<\/div>","protected":false},"excerpt":{"rendered":"<p>Contexte Le 15 novembre 2024 a eu lieu un s\u00e9minaire au Minist\u00e8re de la transition \u00e9cologique et de la coh\u00e9sion des territoires \u00e0 Paris (Auditorium Tour S\u00e9quoia, La D\u00e9fense). Ce s\u00e9minaire a \u00e9t\u00e9 co-organis\u00e9 par le m\u00e9ta-r\u00e9seau PROMISE, la Soci\u00e9t\u00e9 de Pathologie Infectieuse de langue fran\u00e7aise (SPILF), le Groupe Bon Usage des Antibiotiques de la SPILF et le Centre de R\u00e9f\u00e9rence en Antibioth\u00e9rapie PACA (PACATB). Celui-ci avait pour th\u00e8me :&#8230;<\/p>\n<p> <a class=\"continue-reading-link\" href=\"https:\/\/amr-promise.fr\/fr\/resultats\/seminaire-thematique-promise-2024\/\"><span>Lire plus \/ Read more<\/span><i class=\"crycon-right-dir\"><\/i><\/a> <\/p>\n","protected":false},"author":2354,"featured_media":0,"parent":1228,"menu_order":0,"comment_status":"closed","ping_status":"closed","template":"","meta":{"_mc_calendar":[],"footnotes":""},"class_list":["post-2033","page","type-page","status-publish","hentry"],"_links":{"self":[{"href":"https:\/\/amr-promise.fr\/fr\/wp-json\/wp\/v2\/pages\/2033","targetHints":{"allow":["GET"]}}],"collection":[{"href":"https:\/\/amr-promise.fr\/fr\/wp-json\/wp\/v2\/pages"}],"about":[{"href":"https:\/\/amr-promise.fr\/fr\/wp-json\/wp\/v2\/types\/page"}],"author":[{"embeddable":true,"href":"https:\/\/amr-promise.fr\/fr\/wp-json\/wp\/v2\/users\/2354"}],"replies":[{"embeddable":true,"href":"https:\/\/amr-promise.fr\/fr\/wp-json\/wp\/v2\/comments?post=2033"}],"version-history":[{"count":23,"href":"https:\/\/amr-promise.fr\/fr\/wp-json\/wp\/v2\/pages\/2033\/revisions"}],"predecessor-version":[{"id":2356,"href":"https:\/\/amr-promise.fr\/fr\/wp-json\/wp\/v2\/pages\/2033\/revisions\/2356"}],"up":[{"embeddable":true,"href":"https:\/\/amr-promise.fr\/fr\/wp-json\/wp\/v2\/pages\/1228"}],"wp:attachment":[{"href":"https:\/\/amr-promise.fr\/fr\/wp-json\/wp\/v2\/media?parent=2033"}],"curies":[{"name":"wp","href":"https:\/\/api.w.org\/{rel}","templated":true}]}}