

{"id":2646,"date":"2025-04-09T15:37:09","date_gmt":"2025-04-09T13:37:09","guid":{"rendered":"https:\/\/amr-promise.fr\/?page_id=2646"},"modified":"2025-11-24T17:03:26","modified_gmt":"2025-11-24T16:03:26","slug":"ressources-documentaires-antibioresistance-et-antibiotiques","status":"publish","type":"page","link":"https:\/\/amr-promise.fr\/fr\/ressources-documentaires-antibioresistance-et-antibiotiques\/","title":{"rendered":"Ressources documentaires sur l\u2019antibior\u00e9sistance et les antibiotiques pour les professionnels"},"content":{"rendered":"<p>D\u00e9couvrez sur cette page les sites web d\u2019int\u00e9r\u00eat dans les 3 secteurs (Homme &#8211; Animal &#8211; Environnement) qui donnent acc\u00e8s \u00e0 des <strong>ressources documentaires sur l\u2019antibior\u00e9sistance et les antibiotiques<\/strong> \u00e0 destination des professionnels en sant\u00e9 humaine, animale, environnementale.<\/p>\n\n\n\n<h2 class=\"wp-block-heading\">\ud83e\uddcd\u200d\u2642\ufe0f Sant\u00e9 humaine<\/h2>\n\n\n\n<p><a rel=\"noreferrer noopener\" href=\"https:\/\/www.preventioninfection.fr\/\" data-type=\"URL\" data-id=\"https:\/\/www.preventioninfection.fr\/\" target=\"_blank\">Base documentaire nationale (r\u00e8glementation, documentation et outils) du R\u00e9PIA<\/a> (R\u00e9seau de Pr\u00e9vention des Infections et de l\u2019Antibior\u00e9sistance) g\u00e9r\u00e9e par la mission MATIS.<\/p>\n\n\n\n<p><a href=\"https:\/\/documentation.ehesp.fr\/index.php\" data-type=\"URL\" data-id=\"https:\/\/documentation.ehesp.fr\/index.php\" target=\"_blank\" rel=\"noreferrer noopener\">Portail documentaire et catalogue en ligne de l\u2019EHESP<\/a> (Ecole des hautes \u00e9tudes en sant\u00e9 publique).<\/p>\n\n\n\n<p><a rel=\"noreferrer noopener\" href=\"https:\/\/sante.gouv.fr\/prevention-en-sante\/les-antibiotiques-des-medicaments-essentiels-a-preserver\/\" data-type=\"URL\" data-id=\"https:\/\/sante.gouv.fr\/prevention-en-sante\/les-antibiotiques-des-medicaments-essentiels-a-preserver\/\" target=\"_blank\">Site web \u00ab\u00a0antibiotiques.gouv.fr\u00a0\u00bb<\/a> du Minist\u00e8re de la Sant\u00e9 et son moteur de recherche.<\/p>\n\n\n\n<p><a href=\"https:\/\/www.infectiologie.com\/\" data-type=\"URL\" data-id=\"https:\/\/www.infectiologie.com\/\" target=\"_blank\" rel=\"noreferrer noopener\">Ressources et outils recens\u00e9s sur Infectiologie.com<\/a>, le site de l&rsquo;infectiologie Fran\u00e7aise. <\/p>\n\n\n\n<p><a rel=\"noreferrer noopener\" href=\"https:\/\/www.santepubliquefrance.fr\/\" data-type=\"URL\" data-id=\"https:\/\/www.santepubliquefrance.fr\/\" target=\"_blank\">Ressources et moteur de recherche de Sant\u00e9 Publique France<\/a>, agence nationale de sant\u00e9 publique.<\/p>\n\n\n\n<h2 class=\"wp-block-heading\">\ud83d\udc3e Sant\u00e9 animale<\/h2>\n\n\n\n<p><a href=\"https:\/\/www.ema.europa.eu\/en\/homepage\" data-type=\"URL\" data-id=\"https:\/\/www.ema.europa.eu\/en\/homepage\" target=\"_blank\" rel=\"noreferrer noopener\">Centre de ressources documentaire de l\u2019EMA<\/a> (European Medicine Agency).<\/p>\n\n\n\n<p><a href=\"https:\/\/doc.woah.org\/\" data-type=\"URL\" data-id=\"https:\/\/doc.woah.org\/\" target=\"_blank\" rel=\"noreferrer noopener\">Centre de ressources documentaires de l\u2019OMSA<\/a> (Organisation mondiale de la sant\u00e9 animale).<\/p>\n\n\n\n<p><a href=\"https:\/\/resapath.anses.fr\/\" data-type=\"URL\" data-id=\"https:\/\/resapath.anses.fr\/\" target=\"_blank\" rel=\"noreferrer noopener\">Ressources documentaires du RESAPATH<\/a> (R\u00e9seau d&rsquo;\u00e9pid\u00e9miosurveillance de l&rsquo;antibior\u00e9sistance des bact\u00e9ries pathog\u00e8nes animales).<\/p>\n\n\n\n<p><a href=\"https:\/\/www.oniris-nantes.fr\/ecole\/centre-de-doc\/ressources-documentaires?utm_source=chatgpt.com\" data-type=\"URL\" data-id=\"https:\/\/www.oniris-nantes.fr\/ecole\/centre-de-doc\/ressources-documentaires?utm_source=chatgpt.com\" target=\"_blank\" rel=\"noreferrer noopener\">Ressources documentaires de Oniris VetAgroBio<\/a>, \u00e9cole nationale v\u00e9t\u00e9rinaire, agroalimentaire et de l&rsquo;alimentation de Nantes.<\/p>\n\n\n\n<p><a href=\"https:\/\/www.sngtv.org\/\" data-type=\"URL\" data-id=\"https:\/\/www.sngtv.org\/\" target=\"_blank\" rel=\"noreferrer noopener\">Ressources de la rubrique \u00ab\u00a0M\u00e9dicaments\u00a0\u00bb de la SNGTV<\/a>, soci\u00e9t\u00e9 nationale des groupements techniques v\u00e9t\u00e9rinaires (v\u00e9t\u00e9rinaires exer\u00e7ant en production animale).<\/p>\n\n\n\n<p><a href=\"https:\/\/afvac.com\/afvac-ressources-veterinaires\" data-type=\"URL\" data-id=\"https:\/\/afvac.com\/afvac-ressources-veterinaires\" target=\"_blank\" rel=\"noreferrer noopener\">Ressources utiles et outils de l&rsquo;AFVAC<\/a> (Association Fran\u00e7aise des V\u00e9t\u00e9rinaires pour Animaux de Compagnie) \u00e0 destination des v\u00e9t\u00e9rinaires pour animaux de compagnie.<\/p>\n\n\n\n<p><a href=\"https:\/\/www.actionantibio.fr\/\" data-type=\"link\" data-id=\"https:\/\/www.actionantibio.fr\/\" target=\"_blank\" rel=\"noreferrer noopener\">Action Antibio<\/a>, le portail des actions EcoAntibio chez les animaux pour lutter contre l&rsquo;antibior\u00e9sistance.<\/p>\n\n\n\n<h2 class=\"wp-block-heading\">\ud83c\udf43 Environnement<\/h2>\n\n\n\n<p><a href=\"https:\/\/professionnels.ofb.fr\/fr\/node\/1095\" data-type=\"URL\" data-id=\"https:\/\/professionnels.ofb.fr\/fr\/node\/1095\" target=\"_blank\" rel=\"noreferrer noopener\">Centre de documentation technique de l\u2019OFB<\/a> (Office fran\u00e7ais de la biodiversit\u00e9).<\/p>\n\n\n\n<p><a href=\"https:\/\/asso.graie.org\/portail\/thematiques\/eau-et-sante\/effluents-non-domestiques\/effluents-non-domestiques-espace-ressources\/\" data-type=\"URL\" data-id=\"https:\/\/asso.graie.org\/portail\/thematiques\/eau-et-sante\/effluents-non-domestiques\/effluents-non-domestiques-espace-ressources\/\" target=\"_blank\" rel=\"noreferrer noopener\">Centre de ressources sur la gestion des effluents non domestiques du Graie<\/a>, p\u00f4le Eau et Territoires.<\/p>\n\n\n\n<p><a href=\"https:\/\/www.ecologie.gouv.fr\/\" data-type=\"URL\" data-id=\"https:\/\/www.ecologie.gouv.fr\/\" target=\"_blank\" rel=\"noreferrer noopener\">Moteur de recherche du site web \u00ab\u00a0ecologie.gouv.fr\u00a0\u00bb<\/a> du Minist\u00e8re charg\u00e9 de l&rsquo;\u00e9cologie.<\/p>\n\n\n\n<p><a href=\"https:\/\/www.graie.org\/mediates\/index.html\" data-type=\"URL\" data-id=\"https:\/\/www.graie.org\/mediates\/index.html\" target=\"_blank\" rel=\"noreferrer noopener\">Ressources et outils sur les \u00ab\u00a0M\u00e9dicaments dans l\u2019eau\u00a0\u00bb<\/a>, projet d&rsquo;animation territoriale et de sensibilisation.<\/p>\n\n\n\n<p><a href=\"https:\/\/www.anses.fr\/\" data-type=\"URL\" data-id=\"https:\/\/www.anses.fr\/\" target=\"_blank\" rel=\"noreferrer noopener\">Ressources utiles de l\u2019ANSES<\/a> (agence nationale de s\u00e9curit\u00e9 sanitaire de l\u2019alimentation, de l\u2019environnement et du travail).<\/p>","protected":false},"excerpt":{"rendered":"<p>D\u00e9couvrez sur cette page les sites web d\u2019int\u00e9r\u00eat dans les 3 secteurs (Homme &#8211; Animal &#8211; Environnement) qui donnent acc\u00e8s \u00e0 des ressources documentaires sur l\u2019antibior\u00e9sistance et les antibiotiques \u00e0 destination des professionnels en sant\u00e9 humaine, animale, environnementale. \ud83e\uddcd\u200d\u2642\ufe0f Sant\u00e9 humaine Base documentaire nationale (r\u00e8glementation, documentation et outils) du R\u00e9PIA (R\u00e9seau de Pr\u00e9vention des Infections et de l\u2019Antibior\u00e9sistance) g\u00e9r\u00e9e par la mission MATIS. Portail documentaire et catalogue en ligne de&#8230;<\/p>\n<p> <a class=\"continue-reading-link\" href=\"https:\/\/amr-promise.fr\/fr\/ressources-documentaires-antibioresistance-et-antibiotiques\/\"><span>Lire plus \/ Read more<\/span><i class=\"crycon-right-dir\"><\/i><\/a> <\/p>\n","protected":false},"author":2354,"featured_media":0,"parent":0,"menu_order":0,"comment_status":"closed","ping_status":"closed","template":"","meta":{"_mc_calendar":[],"footnotes":""},"class_list":["post-2646","page","type-page","status-publish","hentry"],"_links":{"self":[{"href":"https:\/\/amr-promise.fr\/fr\/wp-json\/wp\/v2\/pages\/2646","targetHints":{"allow":["GET"]}}],"collection":[{"href":"https:\/\/amr-promise.fr\/fr\/wp-json\/wp\/v2\/pages"}],"about":[{"href":"https:\/\/amr-promise.fr\/fr\/wp-json\/wp\/v2\/types\/page"}],"author":[{"embeddable":true,"href":"https:\/\/amr-promise.fr\/fr\/wp-json\/wp\/v2\/users\/2354"}],"replies":[{"embeddable":true,"href":"https:\/\/amr-promise.fr\/fr\/wp-json\/wp\/v2\/comments?post=2646"}],"version-history":[{"count":17,"href":"https:\/\/amr-promise.fr\/fr\/wp-json\/wp\/v2\/pages\/2646\/revisions"}],"predecessor-version":[{"id":3206,"href":"https:\/\/amr-promise.fr\/fr\/wp-json\/wp\/v2\/pages\/2646\/revisions\/3206"}],"wp:attachment":[{"href":"https:\/\/amr-promise.fr\/fr\/wp-json\/wp\/v2\/media?parent=2646"}],"curies":[{"name":"wp","href":"https:\/\/api.w.org\/{rel}","templated":true}]}}