

{"id":317,"date":"2023-01-06T11:19:29","date_gmt":"2023-01-06T10:19:29","guid":{"rendered":"https:\/\/project.inria.fr\/promise\/?page_id=317"},"modified":"2026-01-08T17:04:59","modified_gmt":"2026-01-08T16:04:59","slug":"formation","status":"publish","type":"page","link":"https:\/\/amr-promise.fr\/fr\/formation\/","title":{"rendered":"Formation"},"content":{"rendered":"<h2 class=\"wp-block-heading has-text-align-center has-text-color has-background\" style=\"color:#6c6d71;background-color:#f5f5f5\">Dipl\u00f4me Universitaire (DU) Antibior\u00e9sistance et approche globale One Health<\/h2>\n\n\n\n<div style=\"height:20px\" aria-hidden=\"true\" class=\"wp-block-spacer\"><\/div>\n\n\n\n<div class=\"wp-block-columns is-layout-flex wp-container-core-columns-is-layout-9d6595d7 wp-block-columns-is-layout-flex\">\n<div class=\"wp-block-column is-layout-flow wp-block-column-is-layout-flow\" style=\"flex-basis:33.33%\"><div class=\"wp-block-image\">\n<figure class=\"aligncenter size-full\"><a href=\"https:\/\/amr-promise.fr\/files\/2025\/07\/Flyer-DU-Version-2025.pdf\" target=\"_blank\" rel=\"noopener\"><img loading=\"lazy\" decoding=\"async\" width=\"559\" height=\"794\" src=\"https:\/\/amr-promise.fr\/files\/2025\/07\/Flyer-DU-Version-2025.jpg\" alt=\"\" class=\"wp-image-2964\" srcset=\"https:\/\/amr-promise.fr\/files\/2025\/07\/Flyer-DU-Version-2025.jpg 559w, https:\/\/amr-promise.fr\/files\/2025\/07\/Flyer-DU-Version-2025-211x300.jpg 211w, https:\/\/amr-promise.fr\/files\/2025\/07\/Flyer-DU-Version-2025-106x150.jpg 106w\" sizes=\"auto, (max-width: 559px) 100vw, 559px\" \/><\/a><\/figure><\/div><\/div>\n\n\n\n<div class=\"wp-block-column is-layout-flow wp-block-column-is-layout-flow\" style=\"flex-basis:66.66%\">\n<p>Dans le cadre de ses missions, <strong>PROMISE a lanc\u00e9 en 2023 un Dipl\u00f4me Universitaire (DU) sur l\u2019Antibior\u00e9sistance et l\u2019approche globale One Health<\/strong>.<\/p>\n\n\n\n<p>Ce DU port\u00e9 par l\u2019<a rel=\"noreferrer noopener\" href=\"https:\/\/www.medecine.unilim.fr\/formations\/du-diu-capacites\/liste-des-d-u-d-i-u-capacites\/\" data-type=\"URL\" data-id=\"https:\/\/www.medecine.unilim.fr\/formations\/du-diu-capacites\/liste-des-d-u-d-i-u-capacites\/\" target=\"_blank\">Universit\u00e9 de Limoges<\/a> avec le soutien de l\u2019<a rel=\"noreferrer noopener\" href=\"https:\/\/www.univ-tours.fr\/\" data-type=\"URL\" data-id=\"https:\/\/www.univ-tours.fr\/\" target=\"_blank\">Universit\u00e9 de Tours<\/a> et de l\u2019<a rel=\"noreferrer noopener\" href=\"https:\/\/www.pasteur.fr\/fr\" data-type=\"URL\" data-id=\"https:\/\/www.pasteur.fr\/fr\" target=\"_blank\">Institut Pasteur<\/a> est <strong>une formation professionnalisante<\/strong>, 100% distanciel et asynchrone (pas de connexion \u00e0 heure fixe), <strong>accessible en formation initiale ou continue<\/strong>.<\/p>\n\n\n\n<p>Cette <strong>formation dipl\u00f4mante<\/strong> s\u2019adresse \u00e0 des professionnels en sant\u00e9 humaine, animale, environnementale (praticiens sant\u00e9 humaine et animale, \u00e9pid\u00e9miologistes, cadres hospitaliers, gestionnaires de l\u2019eau, etc.), chercheurs, professionnels ou \u00e9tudiants en sciences politiques.<\/p>\n\n\n\n<p>Elle a pour objectif d\u2019aider ces professionnels \u00e0 :<\/p>\n\n\n\n<ul class=\"wp-block-list\">\n<li>Saisir la dynamique One Health de l\u2019antibior\u00e9sistance<\/li>\n\n\n\n<li>Comprendre l\u2019int\u00e9r\u00eat des bonnes pratiques d\u2019usage des antibiotiques et de pr\u00e9vention des infections dans les diff\u00e9rents secteurs<\/li>\n\n\n\n<li>Appr\u00e9hender l\u2019\u00e9pid\u00e9miologie de la r\u00e9sistance selon les secteurs<\/li>\n\n\n\n<li>Prendre conscience de la dimension sant\u00e9 publique du One Health et de l\u2019antibior\u00e9sistance<\/li>\n\n\n\n<li>Savoir communiquer ses r\u00e9sultats et actions<\/li>\n\n\n\n<li>G\u00e9rer des projets One Health<\/li>\n<\/ul>\n<\/div>\n<\/div>\n\n\n\n<div class=\"wp-block-columns is-layout-flex wp-container-core-columns-is-layout-9d6595d7 wp-block-columns-is-layout-flex\">\n<div class=\"wp-block-column is-vertically-aligned-center is-layout-flow wp-block-column-is-layout-flow\">\n<div class=\"wp-block-buttons is-content-justification-center is-layout-flex wp-container-core-buttons-is-layout-16018d1d wp-block-buttons-is-layout-flex\">\n<div class=\"wp-block-button\"><a class=\"wp-block-button__link has-background wp-element-button\" href=\"https:\/\/amr-promise.fr\/files\/2024\/08\/Fiche-formation-DIU-AntibioResistance-2023-2027.pdf\" style=\"border-radius:10px;background-color:#1a84c7\" target=\"_blank\" rel=\"noreferrer noopener\">Le programme d\u00e9taill\u00e9 du DU<br><em>(2023-2027)<\/em><\/a><\/div>\n<\/div>\n<\/div>\n\n\n\n<div class=\"wp-block-column is-vertically-aligned-center is-layout-flow wp-block-column-is-layout-flow\">\n<div class=\"wp-block-buttons is-content-justification-center is-layout-flex wp-container-core-buttons-is-layout-16018d1d wp-block-buttons-is-layout-flex\">\n<div class=\"wp-block-button\"><a class=\"wp-block-button__link has-background wp-element-button\" href=\"https:\/\/amr-promise.fr\/files\/2026\/01\/calendrier-du-promise_2025-2026_new.pdf\" style=\"border-radius:10px;background-color:#1a84c7\" target=\"_blank\" rel=\"noreferrer noopener\">Le calendrier pr\u00e9visionnel du DU<br><em>(2025-2026)<\/em><\/a><\/div>\n<\/div>\n<\/div>\n\n\n\n<div class=\"wp-block-column is-vertically-aligned-center is-layout-flow wp-block-column-is-layout-flow\">\n<div class=\"wp-block-buttons is-content-justification-center is-layout-flex wp-container-core-buttons-is-layout-16018d1d wp-block-buttons-is-layout-flex\">\n<div class=\"wp-block-button\"><a class=\"wp-block-button__link has-background wp-element-button\" href=\"https:\/\/www.medecine.unilim.fr\/formations\/du-diu-capacites\/procedure-dinscription\/\" style=\"border-radius:10px;background-color:#1a84c7\" target=\"_blank\" rel=\"noreferrer noopener\">Les modalit\u00e9s d&rsquo;inscription au DU<br><em>(2025-2026)<\/em><\/a><\/div>\n<\/div>\n<\/div>\n<\/div>\n\n\n\n<div style=\"height:40px\" aria-hidden=\"true\" class=\"wp-block-spacer\"><\/div>\n\n\n\n<div class=\"wp-block-columns has-background is-layout-flex wp-container-core-columns-is-layout-9d6595d7 wp-block-columns-is-layout-flex\" style=\"background-color:#1a84c7\">\n<div class=\"wp-block-column is-vertically-aligned-center is-layout-flow wp-block-column-is-layout-flow\" style=\"flex-basis:33.33%\">\n<h3 class=\"wp-block-heading has-white-color has-text-color\">La formation en vid\u00e9o !<\/h3>\n\n\n\n<ul class=\"wp-block-list has-white-color has-text-color\">\n<li><strong>7 modules de formation<\/strong> initiale et continue<\/li>\n\n\n\n<li><strong>31 conf\u00e9renciers<\/strong><\/li>\n\n\n\n<li><strong>110 heures en distanciel<\/strong>, 100 % num\u00e9rique<\/li>\n\n\n\n<li><strong>2 MOOCs<\/strong> en support p\u00e9dagogique<\/li>\n<\/ul>\n<\/div>\n\n\n\n<div class=\"wp-block-column is-vertically-aligned-center is-layout-flow wp-block-column-is-layout-flow\" style=\"flex-basis:66.66%\">\n<figure class=\"wp-block-embed is-type-video is-provider-youtube wp-block-embed-youtube wp-embed-aspect-16-9 wp-has-aspect-ratio\"><div class=\"wp-block-embed__wrapper\">\n<iframe loading=\"lazy\" title=\"Dipl\u00f4me Universitaire (DU) Antibior\u00e9sistance et approche globale One Health\" width=\"530\" height=\"298\" src=\"https:\/\/www.youtube.com\/embed\/kS3UI9tCBbg?feature=oembed\" frameborder=\"0\" allow=\"accelerometer; autoplay; clipboard-write; encrypted-media; gyroscope; picture-in-picture; web-share\" referrerpolicy=\"strict-origin-when-cross-origin\" allowfullscreen><\/iframe>\n<\/div><\/figure>\n<\/div>\n<\/div>\n\n\n\n<div style=\"height:30px\" aria-hidden=\"true\" class=\"wp-block-spacer\"><\/div>\n\n\n\n<h2 class=\"wp-block-heading has-text-align-center has-text-color has-background\" style=\"color:#6c6d71;background-color:#f5f5f5\">Partenaires<\/h2>\n\n\n\n<div class=\"wp-block-columns is-layout-flex wp-container-core-columns-is-layout-9d6595d7 wp-block-columns-is-layout-flex\">\n<div class=\"wp-block-column is-layout-flow wp-block-column-is-layout-flow\"><div class=\"wp-block-image\">\n<figure class=\"aligncenter size-full is-resized\"><a href=\"https:\/\/www.unilim.fr\/\" target=\"_blank\" rel=\"noopener\"><img loading=\"lazy\" decoding=\"async\" width=\"509\" height=\"192\" src=\"https:\/\/amr-promise.fr\/files\/2023\/02\/Limoges.png\" alt=\"\" class=\"wp-image-487\" style=\"width:255px;height:96px\" srcset=\"https:\/\/amr-promise.fr\/files\/2023\/02\/Limoges.png 509w, https:\/\/amr-promise.fr\/files\/2023\/02\/Limoges-300x113.png 300w, https:\/\/amr-promise.fr\/files\/2023\/02\/Limoges-150x57.png 150w\" sizes=\"auto, (max-width: 509px) 100vw, 509px\" \/><\/a><\/figure><\/div><\/div>\n\n\n\n<div class=\"wp-block-column is-layout-flow wp-block-column-is-layout-flow\">\n<div style=\"height:15px\" aria-hidden=\"true\" class=\"wp-block-spacer\"><\/div>\n\n\n<div class=\"wp-block-image\">\n<figure class=\"aligncenter size-full\"><a href=\"https:\/\/www.pasteur.fr\" target=\"_blank\" rel=\"noopener\"><img loading=\"lazy\" decoding=\"async\" width=\"250\" height=\"100\" src=\"https:\/\/amr-promise.fr\/files\/2025\/07\/logo-institut-pasteur.jpg\" alt=\"\" class=\"wp-image-2954\" srcset=\"https:\/\/amr-promise.fr\/files\/2025\/07\/logo-institut-pasteur.jpg 250w, https:\/\/amr-promise.fr\/files\/2025\/07\/logo-institut-pasteur-150x60.jpg 150w\" sizes=\"auto, (max-width: 250px) 100vw, 250px\" \/><\/a><\/figure><\/div>\n\n\n<p class=\"has-text-align-center\"><strong>Pour aller plus loin :<\/strong><\/p>\n\n\n\n<div class=\"wp-block-buttons is-layout-flex wp-block-buttons-is-layout-flex\">\n<div class=\"wp-block-button aligncenter\"><a class=\"wp-block-button__link wp-element-button\" href=\"https:\/\/www.pasteur.fr\/fr\/enseignement\/programmes-cours\/cours-pasteur\" target=\"_blank\" rel=\"noreferrer noopener\">Les cours de l&rsquo;Institut Pasteur<\/a><\/div>\n\n\n\n<div class=\"wp-block-button aligncenter\"><a class=\"wp-block-button__link wp-element-button\" href=\"https:\/\/www.fun-mooc.fr\/fr\/cours\/resistance-to-antibacterial-agents\/\" target=\"_blank\" rel=\"noreferrer noopener\">Le MOOC \u00ab\u00a0R\u00e9sistance aux agents antibact\u00e9riens\u00a0\u00bb<\/a><\/div>\n<\/div>\n<\/div>\n\n\n\n<div class=\"wp-block-column is-layout-flow wp-block-column-is-layout-flow\">\n<div style=\"height:15px\" aria-hidden=\"true\" class=\"wp-block-spacer\"><\/div>\n\n\n<div class=\"wp-block-image\">\n<figure class=\"aligncenter size-full is-resized\"><a href=\"https:\/\/www.univ-tours.fr\/\" target=\"_blank\" rel=\"noopener\"><img loading=\"lazy\" decoding=\"async\" width=\"450\" height=\"132\" src=\"https:\/\/amr-promise.fr\/files\/2023\/02\/Tours.png\" alt=\"\" class=\"wp-image-486\" style=\"width:225px;height:66px\" srcset=\"https:\/\/amr-promise.fr\/files\/2023\/02\/Tours.png 450w, https:\/\/amr-promise.fr\/files\/2023\/02\/Tours-300x88.png 300w, https:\/\/amr-promise.fr\/files\/2023\/02\/Tours-150x44.png 150w\" sizes=\"auto, (max-width: 450px) 100vw, 450px\" \/><\/a><\/figure><\/div><\/div>\n<\/div>","protected":false},"excerpt":{"rendered":"<p>Dipl\u00f4me Universitaire (DU) Antibior\u00e9sistance et approche globale One Health Dans le cadre de ses missions, PROMISE a lanc\u00e9 en 2023 un Dipl\u00f4me Universitaire (DU) sur l\u2019Antibior\u00e9sistance et l\u2019approche globale One Health. Ce DU port\u00e9 par l\u2019Universit\u00e9 de Limoges avec le soutien de l\u2019Universit\u00e9 de Tours et de l\u2019Institut Pasteur est une formation professionnalisante, 100% distanciel et asynchrone (pas de connexion \u00e0 heure fixe), accessible en formation initiale ou continue. Cette&#8230;<\/p>\n<p> <a class=\"continue-reading-link\" href=\"https:\/\/amr-promise.fr\/fr\/formation\/\"><span>Lire plus \/ Read more<\/span><i class=\"crycon-right-dir\"><\/i><\/a> <\/p>\n","protected":false},"author":2230,"featured_media":0,"parent":0,"menu_order":0,"comment_status":"closed","ping_status":"closed","template":"","meta":{"_mc_calendar":[],"footnotes":""},"class_list":["post-317","page","type-page","status-publish","hentry"],"_links":{"self":[{"href":"https:\/\/amr-promise.fr\/fr\/wp-json\/wp\/v2\/pages\/317","targetHints":{"allow":["GET"]}}],"collection":[{"href":"https:\/\/amr-promise.fr\/fr\/wp-json\/wp\/v2\/pages"}],"about":[{"href":"https:\/\/amr-promise.fr\/fr\/wp-json\/wp\/v2\/types\/page"}],"author":[{"embeddable":true,"href":"https:\/\/amr-promise.fr\/fr\/wp-json\/wp\/v2\/users\/2230"}],"replies":[{"embeddable":true,"href":"https:\/\/amr-promise.fr\/fr\/wp-json\/wp\/v2\/comments?post=317"}],"version-history":[{"count":82,"href":"https:\/\/amr-promise.fr\/fr\/wp-json\/wp\/v2\/pages\/317\/revisions"}],"predecessor-version":[{"id":3275,"href":"https:\/\/amr-promise.fr\/fr\/wp-json\/wp\/v2\/pages\/317\/revisions\/3275"}],"wp:attachment":[{"href":"https:\/\/amr-promise.fr\/fr\/wp-json\/wp\/v2\/media?parent=317"}],"curies":[{"name":"wp","href":"https:\/\/api.w.org\/{rel}","templated":true}]}}