

{"id":3360,"date":"2026-03-04T12:12:07","date_gmt":"2026-03-04T11:12:07","guid":{"rendered":"https:\/\/amr-promise.fr\/?page_id=3360"},"modified":"2026-03-31T14:16:31","modified_gmt":"2026-03-31T12:16:31","slug":"webinaire-one-health-festival","status":"publish","type":"page","link":"https:\/\/amr-promise.fr\/fr\/webinaire-one-health-festival\/","title":{"rendered":"One Health Festival | Webinaire PROMISE | 31 mars 2026"},"content":{"rendered":"<div class=\"wp-block-columns is-layout-flex wp-container-core-columns-is-layout-9d6595d7 wp-block-columns-is-layout-flex\">\n<div class=\"wp-block-column is-layout-flow wp-block-column-is-layout-flow\" style=\"flex-basis:33.33%\"><div class=\"wp-block-image\">\n<figure class=\"alignright size-full is-resized\"><a href=\"https:\/\/amr-promise.fr\/files\/2026\/03\/one-healt-logo.jpg\"><img loading=\"lazy\" decoding=\"async\" width=\"600\" height=\"300\" src=\"https:\/\/amr-promise.fr\/files\/2026\/03\/one-healt-logo.jpg\" alt=\"\" class=\"wp-image-3427\" style=\"width:345px\" srcset=\"https:\/\/amr-promise.fr\/files\/2026\/03\/one-healt-logo.jpg 600w, https:\/\/amr-promise.fr\/files\/2026\/03\/one-healt-logo-300x150.jpg 300w, https:\/\/amr-promise.fr\/files\/2026\/03\/one-healt-logo-150x75.jpg 150w\" sizes=\"auto, (max-width: 600px) 100vw, 600px\" \/><\/a><\/figure><\/div><\/div>\n\n\n\n<div class=\"wp-block-column is-layout-flow wp-block-column-is-layout-flow\" style=\"flex-basis:66.66%\">\n<p class=\"has-white-color has-text-color has-background has-link-color wp-elements-748a5ae8ab844e10c70ad317b2830595\" style=\"background-color:#1a84c7\">Le 7 avril 2026, \u00e0 l\u2019occasion de la Journ\u00e9e mondiale de la sant\u00e9, la France accueille le<strong> <a href=\"https:\/\/oneplanetsummit.fr\" data-type=\"link\" data-id=\"https:\/\/oneplanetsummit.fr\" target=\"_blank\" rel=\"noreferrer noopener\">Sommet <em>One Health<\/em><\/a><\/strong> \u00e0 Lyon. Ce rendez-vous rassemblera des chefs d\u2019Etat et de gouvernement du monde entier, les repr\u00e9sentants des organisations internationales pertinentes, des scientifiques, et des repr\u00e9sentants du secteur priv\u00e9, de la soci\u00e9t\u00e9 civile et de la jeunesse afin d\u2019<strong>acc\u00e9l\u00e9rer la mise en \u0153uvre de l\u2019approche <em>\u00ab\u00a0Une Seule Sant\u00e9\u00a0\u00bb<\/em><\/strong>. <br>A l\u2019occasion de ce Sommet &#8211; et afin de <strong>valoriser des initiatives <em>\u00ab\u00a0Une Seule Sant\u00e9\u00a0\u00bb<\/em><\/strong> en France et \u00e0 l\u2019international &#8211; un <strong><a href=\"https:\/\/oneplanetsummit.fr\/one-health-festival-307\" data-type=\"link\" data-id=\"https:\/\/oneplanetsummit.fr\/one-health-festival-306\" target=\"_blank\" rel=\"noreferrer noopener\"><em>One Health<\/em> Festival<\/a><\/strong> est organis\u00e9, r\u00e9unissant plusieurs \u00e9v\u00e9nements.<\/p>\n<\/div>\n<\/div>\n\n\n\n<div class=\"wp-block-columns is-layout-flex wp-container-core-columns-is-layout-9d6595d7 wp-block-columns-is-layout-flex\">\n<div class=\"wp-block-column is-layout-flow wp-block-column-is-layout-flow\" style=\"flex-basis:66.66%\">\n<p class=\"has-white-background-color has-text-color has-background has-link-color wp-elements-42930be90f346046949aa171275d6a61\" style=\"color:#1a84c7\"><strong>L\u2019antibior\u00e9sistance menace la sant\u00e9 humaine, animale et environnementale<\/strong> et r\u00e9sulte de m\u00e9canismes complexes interconnect\u00e9s. Face \u00e0 cet enjeu global, l\u2019approche <em>One Health<\/em> offre un cadre pour comprendre ces interactions et construire des r\u00e9ponses efficaces et coordonn\u00e9es. Dans ce contexte, <strong>le m\u00e9ta-r\u00e9seau PROMISE propose un webinaire intersectoriel<\/strong> s\u2019appuyant sur le site web interactif <strong><a href=\"https:\/\/www.antibioresistance-une-seule-sante.fr\/\" data-type=\"link\" data-id=\"https:\/\/www.antibioresistance-une-seule-sante.fr\/\" target=\"_blank\" rel=\"noreferrer noopener\">\u00ab\u00a0Antibior\u00e9sistance &#8211; Une seule sant\u00e9\u00a0\u00bb<\/a><\/strong>, con\u00e7u comme une ressource p\u00e9dagogique op\u00e9rationnelle \u00e0 destination des professionnels de la sant\u00e9 humaine, de la sant\u00e9 animale et de l\u2019environnement.<\/p>\n<\/div>\n\n\n\n<div class=\"wp-block-column is-layout-flow wp-block-column-is-layout-flow\" style=\"flex-basis:33.33%\"><\/div>\n<\/div>\n\n\n\n<hr class=\"wp-block-separator has-alpha-channel-opacity\"\/>\n\n\n\n<h2 class=\"wp-block-heading has-text-align-center has-text-color has-link-color wp-elements-3c7d9f8bf2e604c137ad725dc1447eb6\" style=\"color:#1a84c7\">\u00ab\u00a0Antibio : \u00e7a r\u00e9siste\u2026 Tous concern\u00e9s, tous actifs !\u00a0\u00bb<\/h2>\n\n\n\n<div class=\"wp-block-columns is-layout-flex wp-container-core-columns-is-layout-9d6595d7 wp-block-columns-is-layout-flex\">\n<div class=\"wp-block-column is-layout-flow wp-block-column-is-layout-flow\" style=\"flex-basis:33.33%\">\n<blockquote class=\"wp-block-quote is-layout-flow wp-block-quote-is-layout-flow\">\n<p>Et si l\u2019antibior\u00e9sistance \u00e9tait le r\u00e9v\u00e9lateur le plus concret de l\u2019approche <em>Une Seule Sant\u00e9<\/em> ?<\/p>\n<\/blockquote>\n<\/div>\n\n\n\n<div class=\"wp-block-column is-layout-flow wp-block-column-is-layout-flow\" style=\"flex-basis:66.66%\">\n<p class=\"has-background\" style=\"background-color:#f5f5f5\">Le <strong>31 mars<\/strong>, en ouverture du <em>One Health<\/em> Festival, le m\u00e9ta-r\u00e9seau PROMISE vous invite \u00e0 <strong>un webinaire intersectoriel<\/strong> pour d\u00e9crypter ensemble un des enjeux forts de la sant\u00e9 humaine, animale et environnementale. <strong>En 60 minutes<\/strong>, nous poserons les bases d\u2019une compr\u00e9hension partag\u00e9e :<br>\ud83d\udd0e Pourquoi l\u2019antibior\u00e9sistance est-elle un d\u00e9fi syst\u00e9mique ?<br>\ud83c\udf0d Quels liens entre usages des antibiotiques, \u00e9cosyst\u00e8mes et pratiques professionnelles ?<br>\ud83d\udee0 Quels leviers concrets pour agir d\u00e8s aujourd\u2019hui ?<\/p>\n<\/div>\n<\/div>\n\n\n\n<div class=\"wp-block-columns is-layout-flex wp-container-core-columns-is-layout-9d6595d7 wp-block-columns-is-layout-flex\">\n<div class=\"wp-block-column is-layout-flow wp-block-column-is-layout-flow\" style=\"flex-basis:66.66%\">\n<p class=\"has-white-background-color has-text-color has-background has-link-color wp-elements-114c4b5c11accf022f4b13d32813f98e\" style=\"color:#1a84c7\">Sur un <strong>format dynamique de questions-r\u00e9ponses<\/strong> avec des acteurs de la sant\u00e9 animale, humaine et environnementale, nous identifierons les probl\u00e9matiques cl\u00e9s, les solutions op\u00e9rationnelles pour chacun ainsi que les outils pour prolonger la r\u00e9flexion et engager le dialogue au sein de ses \u00e9quipes, r\u00e9seaux et territoires. Un <strong>temps d\u2019\u00e9changes avec les participants<\/strong> viendra enrichir cette s\u00e9quence, avant une cl\u00f4ture tourn\u00e9e vers l\u2019action.<\/p>\n<\/div>\n\n\n\n<div class=\"wp-block-column is-layout-flow wp-block-column-is-layout-flow\" style=\"flex-basis:33.33%\"><\/div>\n<\/div>\n\n\n\n<hr class=\"wp-block-separator has-alpha-channel-opacity\"\/>\n\n\n\n<blockquote class=\"wp-block-quote is-layout-flow wp-block-quote-is-layout-flow\">\n<p>Professionnels de sant\u00e9 humaine ou animale, acteurs de l\u2019environnement, d\u00e9cideurs, formateurs ou toute personne int\u00e9ress\u00e9e par la th\u00e9matique&nbsp;: venez construire un langage commun et <strong>ouvrir le One Health Festival sur une dynamique collective<\/strong> !<\/p>\n<\/blockquote>\n\n\n\n<h3 class=\"wp-block-heading has-text-align-center has-text-color has-link-color wp-elements-0a2e5f5163f2d853207cb03bb5d9f435\" style=\"color:#1a84c7\">\ud83d\udcc5 31 mars 2026 &#8211; 14h00-15h00, <em>heure de Paris<\/em><\/h3>\n\n\n\n<h4 class=\"wp-block-heading has-text-align-center\">\ud83c\udfaf <strong>Dans le cadre du <em>One Health<\/em> Festival<\/strong><\/h4>\n\n\n\n<p class=\"has-text-align-center has-background has-small-font-size\" style=\"background-color:#f5f5f5\">\ud83d\udde3\ufe0f Anne-Ga\u00eblle Venier (CPias Nouvelle-Aquitaine, CHU de Bordeaux) ; Catherine Dumartin (CPias Nouvelle-Aquitaine, CHU de Bordeaux) ; B\u00e9atrice Rosolen (CRAtb Bourgogne-Franche-Comt\u00e9, CHU de Besan\u00e7on) ; Laura Barbier (Minist\u00e8re de la Transition \u00e9cologique et de la Coh\u00e9sion des territoires) ; Florence Colas (CRAtb Grand Est, CHRU de Nancy) ; Ma\u00efder Coppry (CHU de Pointe-\u00e0-Pitre Abymes &#8211; Guadeloupe) ; Muriel Janin-Platel (Clinique V\u00e9t\u00e9rinaire du Champ Vallin).<\/p>\n\n\n\n<div class=\"wp-block-buttons is-content-justification-center is-layout-flex wp-container-core-buttons-is-layout-16018d1d wp-block-buttons-is-layout-flex\">\n<div class=\"wp-block-button\"><a class=\"wp-block-button__link has-text-align-center wp-element-button\">\u21aa\ufe0f REPLAY DISPONIBLE PROCHAINEMENT \u21a9\ufe0f<\/a><\/div>\n<\/div>\n\n\n\n<div style=\"height:50px\" aria-hidden=\"true\" class=\"wp-block-spacer\"><\/div>\n\n\n\n<hr class=\"wp-block-separator has-alpha-channel-opacity\"\/>\n\n\n\n<h2 class=\"wp-block-heading has-text-align-center has-text-color has-link-color wp-elements-c2c419e9ad25ff494a6c129784932fe1\" style=\"color:#1a84c7\">Pour aller plus loin&#8230;<\/h2>\n\n\n\n<div class=\"wp-block-columns is-layout-flex wp-container-core-columns-is-layout-9d6595d7 wp-block-columns-is-layout-flex\">\n<div class=\"wp-block-column is-layout-flow wp-block-column-is-layout-flow\">\n<figure class=\"wp-block-image size-large\"><a href=\"https:\/\/www.antibioresistance-une-seule-sante.fr\/\" target=\"_blank\" rel=\" noreferrer noopener\"><img loading=\"lazy\" decoding=\"async\" width=\"1024\" height=\"576\" src=\"https:\/\/amr-promise.fr\/files\/2026\/03\/20707_CampagneAntibioResistance_Home_0203-1024x576.jpg\" alt=\"\" class=\"wp-image-3402\" srcset=\"https:\/\/amr-promise.fr\/files\/2026\/03\/20707_CampagneAntibioResistance_Home_0203-1024x576.jpg 1024w, https:\/\/amr-promise.fr\/files\/2026\/03\/20707_CampagneAntibioResistance_Home_0203-300x169.jpg 300w, https:\/\/amr-promise.fr\/files\/2026\/03\/20707_CampagneAntibioResistance_Home_0203-768x432.jpg 768w, https:\/\/amr-promise.fr\/files\/2026\/03\/20707_CampagneAntibioResistance_Home_0203-1536x864.jpg 1536w, https:\/\/amr-promise.fr\/files\/2026\/03\/20707_CampagneAntibioResistance_Home_0203-2048x1152.jpg 2048w, https:\/\/amr-promise.fr\/files\/2026\/03\/20707_CampagneAntibioResistance_Home_0203-150x84.jpg 150w\" sizes=\"auto, (max-width: 1024px) 100vw, 1024px\" \/><\/a><\/figure>\n<\/div>\n\n\n\n<div class=\"wp-block-column is-vertically-aligned-center is-layout-flow wp-block-column-is-layout-flow\">\n<p>\u2b05\ufe0f D\u00e9couvrez le <strong>site web interactif<\/strong> \u00ab\u00a0<a href=\"https:\/\/www.antibioresistance-une-seule-sante.fr\/\" data-type=\"link\" data-id=\"https:\/\/www.antibioresistance-une-seule-sante.fr\/\" target=\"_blank\" rel=\"noreferrer noopener\">Antibio, \u00e7a r\u00e9siste\u2026 tous concern\u00e9s tous actifs<\/a>\u00a0\u00bb et son <a href=\"https:\/\/amr-promise.fr\/fr\/francais-antibioresistance-une-seule-sante-decouvrez-le-site-web-interactif-antibio-ca-resiste-tous-concernes-tous-actifs\/\" data-type=\"link\" data-id=\"https:\/\/amr-promise.fr\/fr\/francais-antibioresistance-une-seule-sante-decouvrez-le-site-web-interactif-antibio-ca-resiste-tous-concernes-tous-actifs\/\" target=\"_blank\" rel=\"noreferrer noopener\">contenu<\/a> \u00e9labor\u00e9 par le m\u00e9ta-r\u00e9seau PROMISE.<\/p>\n\n\n\n<p>&#8212;<\/p>\n\n\n\n<p>Besoin de <strong>ressources documentaires<\/strong> sur l\u2019antibior\u00e9sistance et les antibiotiques ? C&rsquo;est par ici \u27a1\ufe0f <a href=\"https:\/\/amr-promise.fr\/fr\/ressources-documentaires-antibioresistance-et-antibiotiques\/\" data-type=\"link\" data-id=\"https:\/\/amr-promise.fr\/fr\/ressources-documentaires-antibioresistance-et-antibiotiques\/\" target=\"_blank\" rel=\"noreferrer noopener\">Ressources documentaires \u00e0 destination des professionnels en sant\u00e9 humaine, animale, environnementale<\/a>.<\/p>\n<\/div>\n<\/div>\n\n\n\n<p class=\"has-text-align-center\">D\u00e9couvrez nos <strong>vid\u00e9os de sensibilisation<\/strong> pour le grand public sur <a href=\"https:\/\/amr-promise.fr\/fr\/francais-promise-x-anepf-4-videos-pour-sensibiliser-le-grand-public-sur-lantibioresistance-et-lapproche-one-health\/\" data-type=\"link\" data-id=\"https:\/\/amr-promise.fr\/fr\/francais-promise-x-anepf-4-videos-pour-sensibiliser-le-grand-public-sur-lantibioresistance-et-lapproche-one-health\/\" target=\"_blank\" rel=\"noreferrer noopener\">l\u2019antibior\u00e9sistance et l\u2019approche One Health<\/a> \u2b07\ufe0f<\/p>\n\n\n\n<div class=\"wp-block-columns is-layout-flex wp-container-core-columns-is-layout-9d6595d7 wp-block-columns-is-layout-flex\">\n<div class=\"wp-block-column is-layout-flow wp-block-column-is-layout-flow\">\n<figure class=\"wp-block-embed is-type-video is-provider-youtube wp-block-embed-youtube wp-embed-aspect-16-9 wp-has-aspect-ratio\"><div class=\"wp-block-embed__wrapper\">\n<iframe loading=\"lazy\" title=\"L&#039;Antibioresistance qu&#039;est ce que c&#039;est ? PROMISE x ANEPF #1\" width=\"530\" height=\"298\" src=\"https:\/\/www.youtube.com\/embed\/xGjV8dTdNeY?feature=oembed\" frameborder=\"0\" allow=\"accelerometer; autoplay; clipboard-write; encrypted-media; gyroscope; picture-in-picture; web-share\" referrerpolicy=\"strict-origin-when-cross-origin\" allowfullscreen><\/iframe>\n<\/div><\/figure>\n<\/div>\n\n\n\n<div class=\"wp-block-column is-layout-flow wp-block-column-is-layout-flow\">\n<figure class=\"wp-block-embed is-type-video is-provider-youtube wp-block-embed-youtube wp-embed-aspect-16-9 wp-has-aspect-ratio\"><div class=\"wp-block-embed__wrapper\">\n<iframe loading=\"lazy\" title=\"Les antibiotiques : quels sont les risques d&#039;un mauvais usage ? PROMISE x ANEPF #2\" width=\"530\" height=\"298\" src=\"https:\/\/www.youtube.com\/embed\/Z4n3GKGxOCA?feature=oembed\" frameborder=\"0\" allow=\"accelerometer; autoplay; clipboard-write; encrypted-media; gyroscope; picture-in-picture; web-share\" referrerpolicy=\"strict-origin-when-cross-origin\" allowfullscreen><\/iframe>\n<\/div><\/figure>\n<\/div>\n\n\n\n<div class=\"wp-block-column is-layout-flow wp-block-column-is-layout-flow\">\n<figure class=\"wp-block-embed is-type-video is-provider-youtube wp-block-embed-youtube wp-embed-aspect-16-9 wp-has-aspect-ratio\"><div class=\"wp-block-embed__wrapper\">\n<iframe loading=\"lazy\" title=\"Le microbiote : des bact\u00e9ries qui nous veulent du bien ? PROMISE x ANEPF #3\" width=\"530\" height=\"298\" src=\"https:\/\/www.youtube.com\/embed\/Gapg8O5uD20?feature=oembed\" frameborder=\"0\" allow=\"accelerometer; autoplay; clipboard-write; encrypted-media; gyroscope; picture-in-picture; web-share\" referrerpolicy=\"strict-origin-when-cross-origin\" allowfullscreen><\/iframe>\n<\/div><\/figure>\n<\/div>\n<\/div>","protected":false},"excerpt":{"rendered":"<p>Le 7 avril 2026, \u00e0 l\u2019occasion de la Journ\u00e9e mondiale de la sant\u00e9, la France accueille le Sommet One Health \u00e0 Lyon. Ce rendez-vous rassemblera des chefs d\u2019Etat et de gouvernement du monde entier, les repr\u00e9sentants des organisations internationales pertinentes, des scientifiques, et des repr\u00e9sentants du secteur priv\u00e9, de la soci\u00e9t\u00e9 civile et de la jeunesse afin d\u2019acc\u00e9l\u00e9rer la mise en \u0153uvre de l\u2019approche \u00ab\u00a0Une Seule Sant\u00e9\u00a0\u00bb. A l\u2019occasion de&#8230;<\/p>\n<p> <a class=\"continue-reading-link\" href=\"https:\/\/amr-promise.fr\/fr\/webinaire-one-health-festival\/\"><span>Lire plus \/ Read more<\/span><i class=\"crycon-right-dir\"><\/i><\/a> <\/p>\n","protected":false},"author":2354,"featured_media":0,"parent":0,"menu_order":0,"comment_status":"closed","ping_status":"closed","template":"","meta":{"_mc_calendar":[],"footnotes":""},"class_list":["post-3360","page","type-page","status-publish","hentry"],"_links":{"self":[{"href":"https:\/\/amr-promise.fr\/fr\/wp-json\/wp\/v2\/pages\/3360","targetHints":{"allow":["GET"]}}],"collection":[{"href":"https:\/\/amr-promise.fr\/fr\/wp-json\/wp\/v2\/pages"}],"about":[{"href":"https:\/\/amr-promise.fr\/fr\/wp-json\/wp\/v2\/types\/page"}],"author":[{"embeddable":true,"href":"https:\/\/amr-promise.fr\/fr\/wp-json\/wp\/v2\/users\/2354"}],"replies":[{"embeddable":true,"href":"https:\/\/amr-promise.fr\/fr\/wp-json\/wp\/v2\/comments?post=3360"}],"version-history":[{"count":66,"href":"https:\/\/amr-promise.fr\/fr\/wp-json\/wp\/v2\/pages\/3360\/revisions"}],"predecessor-version":[{"id":3492,"href":"https:\/\/amr-promise.fr\/fr\/wp-json\/wp\/v2\/pages\/3360\/revisions\/3492"}],"wp:attachment":[{"href":"https:\/\/amr-promise.fr\/fr\/wp-json\/wp\/v2\/media?parent=3360"}],"curies":[{"name":"wp","href":"https:\/\/api.w.org\/{rel}","templated":true}]}}