

{"id":343,"date":"2023-01-12T14:36:03","date_gmt":"2023-01-12T13:36:03","guid":{"rendered":"https:\/\/project.inria.fr\/promise\/?page_id=343"},"modified":"2023-07-03T12:26:01","modified_gmt":"2023-07-03T10:26:01","slug":"training-working-group","status":"publish","type":"page","link":"https:\/\/amr-promise.fr\/fr\/training-working-group\/","title":{"rendered":"GT Formation"},"content":{"rendered":"<div class=\"wp-block-columns is-layout-flex wp-container-core-columns-is-layout-9d6595d7 wp-block-columns-is-layout-flex\">\n<div class=\"wp-block-column is-layout-flow wp-block-column-is-layout-flow\">\n<h2 class=\"has-text-align-center has-text-color has-background wp-block-heading\" style=\"background-color:#f5f5f5;color:#6c6d71\">Membres<\/h2>\n\n\n\n<p>Le <strong>groupe de travail Formation de PROMISE<\/strong> rassemble <strong>3 acteurs principaux<\/strong> : l&rsquo;<a rel=\"noreferrer noopener\" href=\"https:\/\/www.unilim.fr\/\" data-type=\"URL\" data-id=\"https:\/\/www.unilim.fr\/\" target=\"_blank\">Universit\u00e9 de Limoges<\/a>, l&rsquo;<a rel=\"noreferrer noopener\" href=\"https:\/\/www.univ-tours.fr\/\" data-type=\"URL\" data-id=\"https:\/\/www.univ-tours.fr\/\" target=\"_blank\">Universit\u00e9 de Tours<\/a> et l&rsquo;<a rel=\"noreferrer noopener\" href=\"https:\/\/www.pasteur.fr\/fr\" data-type=\"URL\" data-id=\"https:\/\/www.pasteur.fr\/fr\" target=\"_blank\">Institut Pasteur<\/a>.<\/p>\n\n\n\n<p>Ces 3 entit\u00e9s d\u00e9veloppent ind\u00e9pendamment <strong>des formations (Masters, MOOCs) <\/strong>sur les th\u00e9matiques de l\u2019antibior\u00e9sistance et\/ou du One Health. Ensemble, elles ont vocation \u00e0 <strong>cr\u00e9er des outils de formation professionnalisants sur l\u2019antibior\u00e9sistance<\/strong> \u00e0 destination des professionnels des 3 secteurs (homme, animal, environnement).<\/p>\n<\/div>\n\n\n\n<div class=\"wp-block-column is-layout-flow wp-block-column-is-layout-flow\">\n<h2 class=\"has-text-align-center has-text-color has-background wp-block-heading\" style=\"background-color:#f5f5f5;color:#6c6d71\">Missions<\/h2>\n\n\n\n<p>L&rsquo;objectif de ce groupe de travail est double :<\/p>\n\n\n\n<ul class=\"wp-block-list\"><li>Actualiser l\u2019offre de MOOCs de l\u2019Institut Pasteur sur l\u2019antibior\u00e9sistance pour la rendre plus One Health<\/li><li>Cr\u00e9er une offre de formation professionnalisante sur l\u2019Antibior\u00e9sistance et le One Health \u00e0 destination des professionnels des 3 secteurs<\/li><\/ul>\n<\/div>\n<\/div>\n\n\n\n<h2 class=\"has-text-align-center has-text-color has-background wp-block-heading\" style=\"background-color:#f5f5f5;color:#6c6d71\">Quelles avanc\u00e9es ?<\/h2>\n\n\n\n<p><strong>MOOC de l&rsquo;institut Pasteur<\/strong><\/p>\n\n\n\n<p>Avec le soutien de PROMISE, l\u2019Institut Pasteur a lanc\u00e9 en janvier 2023 sa nouvelle mouture de <a rel=\"noreferrer noopener\" href=\"https:\/\/www.fun-mooc.fr\/fr\/cours\/resistance-to-antibacterial-agents\/\" data-type=\"URL\" data-id=\"https:\/\/www.fun-mooc.fr\/fr\/cours\/resistance-to-antibacterial-agents\/\" target=\"_blank\">MOOC One Heath sur l\u2019antibior\u00e9sistance<\/a>. Cette formation d\u2019une vingtaine d\u2019heures, gratuite, permet une remise \u00e0 niveau sur la th\u00e9matique. <\/p>\n\n\n\n<p>L\u2019Institut Pasteur a \u00e9galement mis \u00e0 disposition des inscrits au DIU (voir ci-apr\u00e8s) ses MOOCs sur l\u2019antibior\u00e9sistance.<\/p>\n\n\n\n<p><strong>DU Antibior\u00e9sistance et approche globale One Health<\/strong><\/p>\n\n\n\n<p>Les Universit\u00e9s de Limoges et Tours se sont quant \u00e0 elle associ\u00e9e pour cr\u00e9er et lancer en 2023 un <a rel=\"noreferrer noopener\" href=\"https:\/\/amr-promise.fr\/files\/2023\/06\/Flyer-DU-Version-2023.pdf\" data-type=\"URL\" data-id=\"https:\/\/amr-promise.fr\/files\/2023\/06\/Flyer-DU-Version-2023.pdf\" target=\"_blank\">Dipl\u00f4me Inter Universitaire (DIU) professionnalisant, intitul\u00e9 \u00ab\u00a0Antibior\u00e9sistance et approche globale One Health\u00a0\u00bb<\/a>. Cette formation dipl\u00f4mante d\u2019une centaine d\u2019heures a pour objectifs de :<\/p>\n\n\n\n<ul class=\"wp-block-list\"><li>Mieux comprendre la dynamique One Health de l\u2019ATBR,<\/li><li>Comprendre l\u2019int\u00e9r\u00eat des bonnes pratiques d\u2019usage des antibiotiques et de pr\u00e9vention des infections dans les diff\u00e9rents secteurs,<\/li><li>Connaitre la dimension sant\u00e9 publique du One Health et de l\u2019ATBR,<\/li><li>Savoir communiquer r\u00e9sultats et actions.<\/li><li>G\u00e9rer des projets One Health<\/li><\/ul>\n\n\n\n<p>Elle s\u2019adresse aux professionnels issus des m\u00e9tiers de la sant\u00e9 humaine, animale, environnementale (professionnels sant\u00e9 humaine et animale, gestionnaires de l\u2019eau, \u00e9pid\u00e9miologistes, chercheurs, etc.) et de formations en sciences politiques.<\/p>\n\n\n\n<div class=\"wp-block-buttons is-vertical is-content-justification-center is-layout-flex wp-container-core-buttons-is-layout-9a7cdcfd wp-block-buttons-is-layout-flex\">\n<div class=\"wp-block-button\"><a class=\"wp-block-button__link has-background\" href=\"https:\/\/amr-promise.fr\/fr\/formation\/\" style=\"border-radius:10px;background-color:#1a84c7\">FORMATION &#8211; Acc\u00e9der \u00e0 la page d\u00e9di\u00e9e au DU<\/a><\/div>\n<\/div>","protected":false},"excerpt":{"rendered":"<p>Membres Le groupe de travail Formation de PROMISE rassemble 3 acteurs principaux : l&rsquo;Universit\u00e9 de Limoges, l&rsquo;Universit\u00e9 de Tours et l&rsquo;Institut Pasteur. Ces 3 entit\u00e9s d\u00e9veloppent ind\u00e9pendamment des formations (Masters, MOOCs) sur les th\u00e9matiques de l\u2019antibior\u00e9sistance et\/ou du One Health. Ensemble, elles ont vocation \u00e0 cr\u00e9er des outils de formation professionnalisants sur l\u2019antibior\u00e9sistance \u00e0 destination des professionnels des 3 secteurs (homme, animal, environnement). Missions L&rsquo;objectif de ce groupe de travail&#8230;<\/p>\n<p> <a class=\"continue-reading-link\" href=\"https:\/\/amr-promise.fr\/fr\/training-working-group\/\"><span>Lire plus \/ Read more<\/span><i class=\"crycon-right-dir\"><\/i><\/a> <\/p>\n","protected":false},"author":2230,"featured_media":0,"parent":0,"menu_order":0,"comment_status":"closed","ping_status":"closed","template":"","meta":{"_mc_calendar":[],"footnotes":""},"class_list":["post-343","page","type-page","status-publish","hentry"],"_links":{"self":[{"href":"https:\/\/amr-promise.fr\/fr\/wp-json\/wp\/v2\/pages\/343","targetHints":{"allow":["GET"]}}],"collection":[{"href":"https:\/\/amr-promise.fr\/fr\/wp-json\/wp\/v2\/pages"}],"about":[{"href":"https:\/\/amr-promise.fr\/fr\/wp-json\/wp\/v2\/types\/page"}],"author":[{"embeddable":true,"href":"https:\/\/amr-promise.fr\/fr\/wp-json\/wp\/v2\/users\/2230"}],"replies":[{"embeddable":true,"href":"https:\/\/amr-promise.fr\/fr\/wp-json\/wp\/v2\/comments?post=343"}],"version-history":[{"count":22,"href":"https:\/\/amr-promise.fr\/fr\/wp-json\/wp\/v2\/pages\/343\/revisions"}],"predecessor-version":[{"id":981,"href":"https:\/\/amr-promise.fr\/fr\/wp-json\/wp\/v2\/pages\/343\/revisions\/981"}],"wp:attachment":[{"href":"https:\/\/amr-promise.fr\/fr\/wp-json\/wp\/v2\/media?parent=343"}],"curies":[{"name":"wp","href":"https:\/\/api.w.org\/{rel}","templated":true}]}}