

{"id":350,"date":"2023-01-12T14:49:24","date_gmt":"2023-01-12T13:49:24","guid":{"rendered":"https:\/\/project.inria.fr\/promise\/?page_id=350"},"modified":"2023-07-03T12:25:26","modified_gmt":"2023-07-03T10:25:26","slug":"surveillance-working-group","status":"publish","type":"page","link":"https:\/\/amr-promise.fr\/fr\/surveillance-working-group\/","title":{"rendered":"GT Surveillance"},"content":{"rendered":"<div class=\"wp-block-columns is-layout-flex wp-container-core-columns-is-layout-9d6595d7 wp-block-columns-is-layout-flex\">\n<div class=\"wp-block-column is-layout-flow wp-block-column-is-layout-flow\">\n<h2 class=\"has-text-align-center has-text-color has-background wp-block-heading\" style=\"background-color:#f5f5f5;color:#6c6d71\">Objectifs<\/h2>\n\n\n\n<p>L\u2019objectif de ce<strong> groupe de travail Surveillance de PROMISE<\/strong> est de <strong>faciliter le rapprochement et les collaborations<\/strong> entre les dispositifs de surveillance de l\u2019antibior\u00e9sistance et des consommations d\u2019antibiotiques d\u00e9j\u00e0 en place ou en cours de construction (e.g. AMR-Env), afin de <strong>progresser vers une surveillance int\u00e9gr\u00e9e entre les secteurs humain, animal et environnemental<\/strong>.<\/p>\n<\/div>\n\n\n\n<div class=\"wp-block-column is-layout-flow wp-block-column-is-layout-flow\">\n<h2 class=\"has-text-align-center has-text-color has-background wp-block-heading\" style=\"background-color:#f5f5f5;color:#6c6d71\">Missions<\/h2>\n\n\n\n<p>Les activit\u00e9s de ce GT comprennent :<\/p>\n\n\n\n<ul class=\"wp-block-list\"><li>Une cartographie et description de l\u2019ensemble des dispositifs de surveillance de l\u2019antibior\u00e9sistance et des consommations d\u2019antibiotiques en France, en collaboration avec le projet Surv1Health ;<\/li><li>Une d\u00e9finition d\u2019indicateurs communs aux diff\u00e9rents secteurs humain, animal et environnemental\u00a0;<\/li><li>Une analyse int\u00e9gr\u00e9e des donn\u00e9es de surveillance de l\u2019antibior\u00e9sistance et des usages d\u2019antibiotiques chez l\u2019homme et l\u2019animal, inspir\u00e9e des travaux du JIACRA europ\u00e9en\u00a0;<\/li><li>Une analyse int\u00e9gr\u00e9e des donn\u00e9es de r\u00e9sistance et de consommation d\u2019antibiotiques dans les services hospitaliers de r\u00e9animation\u00a0;<\/li><li>La mise au point d\u2019\u00e9tudes pilotes de surveillance One Health \u00e0 une \u00e9chelle locale\u00a0(par ex. Grand Lyon, Loire Atlantique)\u00a0;<\/li><li>Une \u00e9valuation de la One Health-ness de la surveillance en France \u00e0 l\u2019issue des travaux du m\u00e9ta-r\u00e9seau PROMISE.<\/li><\/ul>\n<\/div>\n<\/div>","protected":false},"excerpt":{"rendered":"<p>Objectifs L\u2019objectif de ce groupe de travail Surveillance de PROMISE est de faciliter le rapprochement et les collaborations entre les dispositifs de surveillance de l\u2019antibior\u00e9sistance et des consommations d\u2019antibiotiques d\u00e9j\u00e0 en place ou en cours de construction (e.g. AMR-Env), afin de progresser vers une surveillance int\u00e9gr\u00e9e entre les secteurs humain, animal et environnemental. Missions Les activit\u00e9s de ce GT comprennent : Une cartographie et description de l\u2019ensemble des dispositifs de&#8230;<\/p>\n<p> <a class=\"continue-reading-link\" href=\"https:\/\/amr-promise.fr\/fr\/surveillance-working-group\/\"><span>Lire plus \/ Read more<\/span><i class=\"crycon-right-dir\"><\/i><\/a> <\/p>\n","protected":false},"author":2230,"featured_media":0,"parent":0,"menu_order":0,"comment_status":"closed","ping_status":"closed","template":"","meta":{"_mc_calendar":[],"footnotes":""},"class_list":["post-350","page","type-page","status-publish","hentry"],"_links":{"self":[{"href":"https:\/\/amr-promise.fr\/fr\/wp-json\/wp\/v2\/pages\/350","targetHints":{"allow":["GET"]}}],"collection":[{"href":"https:\/\/amr-promise.fr\/fr\/wp-json\/wp\/v2\/pages"}],"about":[{"href":"https:\/\/amr-promise.fr\/fr\/wp-json\/wp\/v2\/types\/page"}],"author":[{"embeddable":true,"href":"https:\/\/amr-promise.fr\/fr\/wp-json\/wp\/v2\/users\/2230"}],"replies":[{"embeddable":true,"href":"https:\/\/amr-promise.fr\/fr\/wp-json\/wp\/v2\/comments?post=350"}],"version-history":[{"count":8,"href":"https:\/\/amr-promise.fr\/fr\/wp-json\/wp\/v2\/pages\/350\/revisions"}],"predecessor-version":[{"id":979,"href":"https:\/\/amr-promise.fr\/fr\/wp-json\/wp\/v2\/pages\/350\/revisions\/979"}],"wp:attachment":[{"href":"https:\/\/amr-promise.fr\/fr\/wp-json\/wp\/v2\/media?parent=350"}],"curies":[{"name":"wp","href":"https:\/\/api.w.org\/{rel}","templated":true}]}}