

{"id":353,"date":"2023-01-12T14:56:11","date_gmt":"2023-01-12T13:56:11","guid":{"rendered":"https:\/\/project.inria.fr\/promise\/?page_id=353"},"modified":"2023-07-26T10:30:00","modified_gmt":"2023-07-26T08:30:00","slug":"clinical-research-working-group","status":"publish","type":"page","link":"https:\/\/amr-promise.fr\/fr\/clinical-research-working-group\/","title":{"rendered":"GT Recherche Clinique"},"content":{"rendered":"<div class=\"wp-block-columns is-layout-flex wp-container-core-columns-is-layout-9d6595d7 wp-block-columns-is-layout-flex\">\n<div class=\"wp-block-column is-layout-flow wp-block-column-is-layout-flow\">\n<h2 class=\"has-text-align-center has-text-color has-background wp-block-heading\" style=\"background-color:#f5f5f5;color:#6c6d71\">Membres<\/h2>\n\n\n\n<p>Le <strong>groupe de travail Recherche Clinique de PROMISE<\/strong> rassemble d\u2019une part <strong>les r\u00e9seaux de\u00a0 recherche clinique en infectiologie en France<\/strong> (REA-REZO, OutcomeR\u00e9a, RENARCI et CRICS-TRIGGERSEP) et d\u2019autre part <strong>les \u00e9coles nationales v\u00e9t\u00e9rinaires<\/strong> (ENVA, Oniris, ENVT et VetAgroSup).<\/p>\n\n\n\n<p>Afin de r\u00e9pondre aux objectifs du m\u00e9ta r\u00e9seau, ce groupe s\u2019est fix\u00e9 la feuille de route suivante&nbsp;:<\/p>\n\n\n\n<ul class=\"wp-block-list\"><li>Participer au montage et \u00e0 l\u2019impl\u00e9mentation de l\u2019entrep\u00f4t de donn\u00e9es, via les r\u00e9seaux REA-REZO et OutcomeR\u00e9a&nbsp;;<\/li><li>Designer des essais cliniques plus pertinents \u00e0 partir de donn\u00e9es \u00e9pid\u00e9miologique, afin d\u2019initier des protocoles \u00e0 plus fort impact th\u00e9rapeutique et inscrits dans une dimension One Health&nbsp;;<\/li><li>Faciliter le d\u00e9veloppement clinique de mol\u00e9cules dans le pipeline fondamental, en lien avec le r\u00e9seau \u00e9mergent AntibioDEAL&nbsp;;<\/li><li>Enfin, \u00e0 plus long terme, mettre en place une plateforme d\u2019essais clinique en Infectiologie sur la base d\u2019un master protocol, et en collaboration avec les acteurs industriels.<\/li><\/ul>\n<\/div>\n\n\n\n<div class=\"wp-block-column is-layout-flow wp-block-column-is-layout-flow\">\n<h2 class=\"has-text-align-center has-text-color has-background wp-block-heading\" style=\"background-color:#f5f5f5;color:#6c6d71\">Missions<\/h2>\n\n\n\n<p>Les missions qui d\u00e9coulent des objectifs sont :<\/p>\n\n\n\n<ul class=\"wp-block-list\"><li>Recueillir les donn\u00e9es des diff\u00e9rents r\u00e9seaux sur la prise d&rsquo;antibiotiques et l\u2019antibior\u00e9sistance via un questionnaire simple<\/li><li>Renforcer la conduite\/le d\u00e9veloppement d&rsquo;essais cliniques testant des m\u00e9dicaments innovants gr\u00e2ce aux informations \u00e9pid\u00e9miologiques issues des r\u00e9seaux<\/li><li>\u00c9tablir une approche innovante d\u2019ex\u00e9cution des essais cliniques sur l\u2019antibior\u00e9sistance<\/li><li>Am\u00e9liorer l&rsquo;impact des r\u00e9sultats de l&rsquo;utilisation des antibiotiques et de l&rsquo;\u00e9cologie bact\u00e9rienne li\u00e9s \u00e0 la prescription d&rsquo;antibiotiques<\/li><li>Mettre en \u00e9vidence les probl\u00e8mes d&rsquo;importance clinique en liant \u00e9pid\u00e9miologie et recherche clinique<\/li><li>\u00c9tablir une plateforme d&rsquo;essai d\u00e9di\u00e9e \u00e0 la recherche clinique en infectiologie, pour inclure en continu des patients dans un protocole d&rsquo;\u00e9tude portant sur l\u2019antibior\u00e9sistance.<\/li><\/ul>\n<\/div>\n<\/div>","protected":false},"excerpt":{"rendered":"<p>Membres Le groupe de travail Recherche Clinique de PROMISE rassemble d\u2019une part les r\u00e9seaux de\u00a0 recherche clinique en infectiologie en France (REA-REZO, OutcomeR\u00e9a, RENARCI et CRICS-TRIGGERSEP) et d\u2019autre part les \u00e9coles nationales v\u00e9t\u00e9rinaires (ENVA, Oniris, ENVT et VetAgroSup). Afin de r\u00e9pondre aux objectifs du m\u00e9ta r\u00e9seau, ce groupe s\u2019est fix\u00e9 la feuille de route suivante&nbsp;: Participer au montage et \u00e0 l\u2019impl\u00e9mentation de l\u2019entrep\u00f4t de donn\u00e9es, via les r\u00e9seaux REA-REZO et&#8230;<\/p>\n<p> <a class=\"continue-reading-link\" href=\"https:\/\/amr-promise.fr\/fr\/clinical-research-working-group\/\"><span>Lire plus \/ Read more<\/span><i class=\"crycon-right-dir\"><\/i><\/a> <\/p>\n","protected":false},"author":2230,"featured_media":0,"parent":0,"menu_order":0,"comment_status":"closed","ping_status":"closed","template":"","meta":{"_mc_calendar":[],"footnotes":""},"class_list":["post-353","page","type-page","status-publish","hentry"],"_links":{"self":[{"href":"https:\/\/amr-promise.fr\/fr\/wp-json\/wp\/v2\/pages\/353","targetHints":{"allow":["GET"]}}],"collection":[{"href":"https:\/\/amr-promise.fr\/fr\/wp-json\/wp\/v2\/pages"}],"about":[{"href":"https:\/\/amr-promise.fr\/fr\/wp-json\/wp\/v2\/types\/page"}],"author":[{"embeddable":true,"href":"https:\/\/amr-promise.fr\/fr\/wp-json\/wp\/v2\/users\/2230"}],"replies":[{"embeddable":true,"href":"https:\/\/amr-promise.fr\/fr\/wp-json\/wp\/v2\/comments?post=353"}],"version-history":[{"count":9,"href":"https:\/\/amr-promise.fr\/fr\/wp-json\/wp\/v2\/pages\/353\/revisions"}],"predecessor-version":[{"id":1088,"href":"https:\/\/amr-promise.fr\/fr\/wp-json\/wp\/v2\/pages\/353\/revisions\/1088"}],"wp:attachment":[{"href":"https:\/\/amr-promise.fr\/fr\/wp-json\/wp\/v2\/media?parent=353"}],"curies":[{"name":"wp","href":"https:\/\/api.w.org\/{rel}","templated":true}]}}