

{"id":356,"date":"2023-01-12T17:18:27","date_gmt":"2023-01-12T16:18:27","guid":{"rendered":"https:\/\/project.inria.fr\/promise\/?page_id=356"},"modified":"2025-11-13T15:50:22","modified_gmt":"2025-11-13T14:50:22","slug":"communication-awareness-raising-working-group","status":"publish","type":"page","link":"https:\/\/amr-promise.fr\/fr\/communication-awareness-raising-working-group\/","title":{"rendered":"GT Communication\/Sensibilisation"},"content":{"rendered":"<div class=\"wp-block-columns is-layout-flex wp-container-core-columns-is-layout-9d6595d7 wp-block-columns-is-layout-flex\">\n<div class=\"wp-block-column is-layout-flow wp-block-column-is-layout-flow\">\n<h2 class=\"wp-block-heading has-text-align-center has-text-color has-background\" style=\"color:#6c6d71;background-color:#f5f5f5\">Membres<\/h2>\n\n\n\n<p>Ce <strong>groupe de travail Communication\/Sensibilisation de PROMIISE<\/strong> rassemble <strong>plusieurs r\u00e9seaux impliqu\u00e9s<\/strong> dans des activit\u00e9s de formation, sensibilisation et communication autour de l\u2019antibior\u00e9sistance et\/ou du bon usage des antibiotiques, notamment&nbsp;:<\/p>\n\n\n\n<ul class=\"wp-block-list\">\n<li>La mission nationale R\u00e9PIA <a href=\"https:\/\/www.preventioninfection.fr\/matis-mission-dappui-transversal-a-la-prevention-des-infections-associees-aux-soins\/\" target=\"_blank\" rel=\"noreferrer noopener\">MATIS<\/a> de Sant\u00e9 Publique France<\/li>\n\n\n\n<li>L&rsquo;<a href=\"http:\/\/www.anepf.org\/\" target=\"_blank\" rel=\"noreferrer noopener\">ANEPF<\/a>&nbsp;(Association Nationale des Etudiants en Pharmacie de France)<\/li>\n\n\n\n<li>Le R-CRAtb (R\u00e9seau des Centres R\u00e9gionaux en Antibioth\u00e9rapie)<\/li>\n\n\n\n<li>R2A2 (R\u00e9seau Recherche Antibiotiques Animal de l&rsquo;INRAe)<\/li>\n\n\n\n<li>Le <a href=\"https:\/\/asso.graie.org\/portail\/\" target=\"_blank\" rel=\"noreferrer noopener\">GRAIE<\/a> (Groupe de Recherche Rh\u00f4ne-Alpes sur les Infrastructures et l&rsquo;Eau)<\/li>\n\n\n\n<li>La SPILF (Soci\u00e9t\u00e9 de pathologie infectieuse de langue fran\u00e7aise)&nbsp;<\/li>\n<\/ul>\n\n\n\n<p><strong>Co-leaders :<\/strong><\/p>\n\n\n\n<ul class=\"wp-block-list\">\n<li>Anne-Ga\u00eblle Venier (Mission MATIS)<\/li>\n\n\n\n<li>B\u00e9atrice Rosolen (CRAtb Bourgogne-Franche-Comt\u00e9)<\/li>\n<\/ul>\n<\/div>\n\n\n\n<div class=\"wp-block-column is-layout-flow wp-block-column-is-layout-flow\">\n<h2 class=\"wp-block-heading has-text-align-center has-text-color has-background\" style=\"color:#6c6d71;background-color:#f5f5f5\">Missions<\/h2>\n\n\n\n<p>Les audiences des membres sont diff\u00e9rentes et compl\u00e9mentaires&nbsp;: prescripteurs juniors et seniors pharmaciens et autres professionnels de sant\u00e9 (sant\u00e9 humaine, sant\u00e9 animale), gestionnaires de l\u2019eau, grand public, etc.<\/p>\n\n\n\n<p>Ils utilisent d\u00e9j\u00e0 les r\u00e9seaux sociaux comme X, Facebook, Linkedin, Youtube et leurs sites internet. <\/p>\n\n\n\n<p>En travaillant ensemble, ces r\u00e9seaux vont pouvoir <strong>accro\u00eetre la sensibilisation du grand public, informer leur propre r\u00e9seau, mais aussi les compagnies pharmaceutiques, les d\u00e9cideurs, les institutions, les associations de patients<\/strong> pour changer les pratiques et faire \u00e9voluer le march\u00e9 des antibiotiques. En ce sens, ses objectifs sont multiples :<\/p>\n\n\n\n<ul class=\"wp-block-list\">\n<li>Promouvoir le partage d\u2019informations, de connaissances et de comp\u00e9tences<\/li>\n\n\n\n<li>Renforcer les comp\u00e9tences des membres du r\u00e9seau<\/li>\n\n\n\n<li>Sensibiliser le plus grand nombre \u00e0 l\u2019antibior\u00e9sistance et au One Health<\/li>\n<\/ul>\n<\/div>\n<\/div>\n\n\n\n<h2 class=\"wp-block-heading has-text-align-center has-text-color has-background\" style=\"color:#6c6d71;background-color:#f5f5f5\">Principales r\u00e9alisations<\/h2>\n\n\n\n<ul class=\"wp-block-list\">\n<li>Site web interactif \u00ab\u00a0<a href=\"http:\/\/www.antibioresistance-une-seule-sante.fr\/\" data-type=\"link\" data-id=\"http:\/\/www.antibioresistance-une-seule-sante.fr\/\" target=\"_blank\" rel=\"noreferrer noopener\">Antibio, \u00e7a r\u00e9siste&#8230; Tous concern\u00e9s, tous actifs !<\/a>\u00a0\u00bb\n<ul class=\"wp-block-list\">\n<li>Un site web interactif et responsive design sur l\u2019antibior\u00e9sistance et l\u2019approche \u00ab Une Seule Sant\u00e9 \u00bb, \u00e0 destination des professionnels de sant\u00e9 des 3 secteurs (Homme \u2013 Animal \u2013 Environnement). Son objectif est d\u2019apporter une approche synth\u00e9tique multi-secteur des connaissances actuelles sur l\u2019antibior\u00e9sistance et les moyens de la pr\u00e9venir, favorisant ainsi l\u2019acculturation de chacun aux autres secteurs.<\/li>\n<\/ul>\n<\/li>\n\n\n\n<li>\u00c9laboration de <a href=\"https:\/\/amr-promise.fr\/fr\/francais-promise-x-anepf-4-videos-pour-sensibiliser-le-grand-public-sur-lantibioresistance-et-lapproche-one-health\/\" data-type=\"URL\" data-id=\"https:\/\/amr-promise.fr\/fr\/francais-promise-x-anepf-4-videos-pour-sensibiliser-le-grand-public-sur-lantibioresistance-et-lapproche-one-health\/\" target=\"_blank\" rel=\"noreferrer noopener\">vid\u00e9os sur l\u2019antibior\u00e9sistance<\/a> et l\u2019approche globale One Health (avec l&rsquo;ANEPF) :\n<ul class=\"wp-block-list\">\n<li>\u00ab\u00a0L\u2019antibior\u00e9sistance, qu\u2019est-ce que c\u2019est ?\u00a0\u00bb (animation)<\/li>\n\n\n\n<li>\u00ab\u00a0Les antibiotiques : quels sont les risques d\u2019un mauvais usage ?\u00a0\u00bb (animation)<\/li>\n\n\n\n<li>\u00ab\u00a0Le microbiote : des bact\u00e9ries qui nous veulent du bien ?\u00a0\u00bb (animation)<\/li>\n\n\n\n<li>\u00ab\u00a0L\u2019antibior\u00e9sistance qu\u2019est-ce que \u00e7a vous \u00e9voque ?\u00a0\u00bb (micro-trottoir).<\/li>\n<\/ul>\n<\/li>\n\n\n\n<li>Diss\u00e9mination d\u2019informations et production de contenus :\n<ul class=\"wp-block-list\">\n<li>Site web, r\u00e9seaux sociaux (<a href=\"https:\/\/www.linkedin.com\/in\/projetpromise\/\" data-type=\"URL\" data-id=\"https:\/\/www.linkedin.com\/in\/projetpromise\/\" target=\"_blank\" rel=\"noreferrer noopener\">Linkedin<\/a> et <a href=\"https:\/\/x.com\/ProjetPromise\" data-type=\"URL\" data-id=\"https:\/\/x.com\/ProjetPromise\" target=\"_blank\" rel=\"noreferrer noopener\">X<\/a>), newsletter mensuelle<\/li>\n<\/ul>\n<\/li>\n\n\n\n<li>(Co)Organisation d\u2019\u00e9v\u00e8nements communautaires :\n<ul class=\"wp-block-list\">\n<li>Afterwork \u00ab\u00a0Antibior\u00e9sistance et enjeux de pr\u00e9vention\u00a0\u00bb du 20 juin 2025 \u00e0 Paris <em>(ANEPF)<\/em><\/li>\n\n\n\n<li>S\u00e9minaire th\u00e9matique \u00ab\u00a0Approche One Health de l\u2019antibior\u00e9sistance : impacts crois\u00e9s des pratiques humain \u2013 animal \u2013 environnement\u00a0\u00bb du 15 novembre 2024 \u00e0 Paris<\/li>\n\n\n\n<li>8e Conf\u00e9rence Eau &amp; Sant\u00e9 \u00ab\u00a0Micropolluants li\u00e9s aux pratiques de soin et antibior\u00e9sistance : caract\u00e9risation, impact et r\u00e9duction\u00a0\u00bb des 14 et 15 novembre 2023 \u00e0 Villeurbanne <em>(Graie)<\/em><\/li>\n\n\n\n<li>S\u00e9minaire th\u00e9matique \u00ab\u00a0Entre impacts \u00e9cologiques et ruptures de stock, quels choix pour l\u2019antibioth\u00e9rapie de demain ?\u00a0\u00bb du 14 novembre 2022 \u00e0 Paris<\/li>\n<\/ul>\n<\/li>\n\n\n\n<li>Publications d\u2019articles :\n<ul class=\"wp-block-list\">\n<li>Advocacy for Responsible Antibiotic Production and Use. Antibiotics <em>(Basel)&nbsp;2022 Jul 20;11(7):980. <a href=\"https:\/\/doi.org\/10.3390%2Fantibiotics11070980\" data-type=\"URL\" data-id=\"https:\/\/doi.org\/10.3390%2Fantibiotics11070980\" target=\"_blank\" rel=\"noreferrer noopener\">doi: 10.3390\/antibiotics11070980<\/a><\/em><\/li>\n\n\n\n<li>The Production of Antibiotics Must Be Reoriented: Repositioning Old Narrow-Spectrum Antibiotics, Developing New Microbiome-Sparing Antibiotics. Antibiotics <em>(Basel) 2022 Jul 8;11(7):924.&nbsp;<a href=\"https:\/\/doi.org\/10.3390\/antibiotics11070924\" data-type=\"URL\" data-id=\"https:\/\/doi.org\/10.3390\/antibiotics11070924\" target=\"_blank\" rel=\"noreferrer noopener\">doi: 10.3390\/antibiotics11070924<\/a><\/em><\/li>\n<\/ul>\n<\/li>\n\n\n\n<li>Exploration des repr\u00e9sentations de l\u2019antibior\u00e9sistance parmi les membres du m\u00e9ta-r\u00e9seau PROMISE :\n<ul class=\"wp-block-list\">\n<li>M\u00e9thode : entretien semi-dirig\u00e9s aupr\u00e8s d\u2019un \u00e9chantillon de 23 experts issus de chaque r\u00e9seau de PROMISE<\/li>\n\n\n\n<li>Identification de points f\u00e9d\u00e9rateurs et consensuels, de points non maitris\u00e9s par tous et de pistes d\u2019actions&nbsp;<\/li>\n<\/ul>\n<\/li>\n<\/ul>","protected":false},"excerpt":{"rendered":"<p>Membres Ce groupe de travail Communication\/Sensibilisation de PROMIISE rassemble plusieurs r\u00e9seaux impliqu\u00e9s dans des activit\u00e9s de formation, sensibilisation et communication autour de l\u2019antibior\u00e9sistance et\/ou du bon usage des antibiotiques, notamment&nbsp;: Co-leaders : Missions Les audiences des membres sont diff\u00e9rentes et compl\u00e9mentaires&nbsp;: prescripteurs juniors et seniors pharmaciens et autres professionnels de sant\u00e9 (sant\u00e9 humaine, sant\u00e9 animale), gestionnaires de l\u2019eau, grand public, etc. Ils utilisent d\u00e9j\u00e0 les r\u00e9seaux sociaux comme X, Facebook,&#8230;<\/p>\n<p> <a class=\"continue-reading-link\" href=\"https:\/\/amr-promise.fr\/fr\/communication-awareness-raising-working-group\/\"><span>Lire plus \/ Read more<\/span><i class=\"crycon-right-dir\"><\/i><\/a> <\/p>\n","protected":false},"author":2230,"featured_media":0,"parent":0,"menu_order":0,"comment_status":"closed","ping_status":"closed","template":"","meta":{"_mc_calendar":[],"footnotes":""},"class_list":["post-356","page","type-page","status-publish","hentry"],"_links":{"self":[{"href":"https:\/\/amr-promise.fr\/fr\/wp-json\/wp\/v2\/pages\/356","targetHints":{"allow":["GET"]}}],"collection":[{"href":"https:\/\/amr-promise.fr\/fr\/wp-json\/wp\/v2\/pages"}],"about":[{"href":"https:\/\/amr-promise.fr\/fr\/wp-json\/wp\/v2\/types\/page"}],"author":[{"embeddable":true,"href":"https:\/\/amr-promise.fr\/fr\/wp-json\/wp\/v2\/users\/2230"}],"replies":[{"embeddable":true,"href":"https:\/\/amr-promise.fr\/fr\/wp-json\/wp\/v2\/comments?post=356"}],"version-history":[{"count":22,"href":"https:\/\/amr-promise.fr\/fr\/wp-json\/wp\/v2\/pages\/356\/revisions"}],"predecessor-version":[{"id":3176,"href":"https:\/\/amr-promise.fr\/fr\/wp-json\/wp\/v2\/pages\/356\/revisions\/3176"}],"wp:attachment":[{"href":"https:\/\/amr-promise.fr\/fr\/wp-json\/wp\/v2\/media?parent=356"}],"curies":[{"name":"wp","href":"https:\/\/api.w.org\/{rel}","templated":true}]}}