

{"id":505,"date":"2023-03-13T14:58:55","date_gmt":"2023-03-13T13:58:55","guid":{"rendered":"https:\/\/amr-promise.fr\/?page_id=505"},"modified":"2026-03-31T14:13:34","modified_gmt":"2026-03-31T12:13:34","slug":"welcome-to-promises-website","status":"publish","type":"page","link":"https:\/\/amr-promise.fr\/fr\/","title":{"rendered":"PROMISE &#8211; M\u00e9ta-r\u00e9seau One Health de lutte contre l\u2019antibior\u00e9sistance en France"},"content":{"rendered":"<div style=\"height:20px\" aria-hidden=\"true\" class=\"wp-block-spacer\"><\/div>\n\n\n\n<div class=\"wp-block-columns is-layout-flex wp-container-core-columns-is-layout-9d6595d7 wp-block-columns-is-layout-flex\">\n<div class=\"wp-block-column is-vertically-aligned-center is-layout-flow wp-block-column-is-layout-flow\" style=\"flex-basis:33.33%\"><div class=\"wp-block-image\">\n<figure class=\"aligncenter size-full is-resized\"><a href=\"https:\/\/amr-promise.fr\/fr\/context-objectives\/\" target=\"_blank\" rel=\"noopener\"><img loading=\"lazy\" decoding=\"async\" width=\"601\" height=\"353\" src=\"https:\/\/amr-promise.fr\/files\/2023\/03\/PROMISE.png\" alt=\"PROMISE \u2013 M\u00e9ta-r\u00e9seau One Health de lutte contre l\u2019antibior\u00e9sistance en France\" class=\"wp-image-544\" style=\"width:301px;height:177px\" srcset=\"https:\/\/amr-promise.fr\/files\/2023\/03\/PROMISE.png 601w, https:\/\/amr-promise.fr\/files\/2023\/03\/PROMISE-300x176.png 300w, https:\/\/amr-promise.fr\/files\/2023\/03\/PROMISE-150x88.png 150w\" sizes=\"auto, (max-width: 601px) 100vw, 601px\" \/><\/a><\/figure><\/div><\/div>\n\n\n\n<div class=\"wp-block-column is-layout-flow wp-block-column-is-layout-flow\" style=\"flex-basis:66.66%\">\n<div style=\"height:15px\" aria-hidden=\"true\" class=\"wp-block-spacer\"><\/div>\n\n\n\n<p class=\"has-text-align-left\">Lanc\u00e9 en novembre 2021 et financ\u00e9 dans le cadre du <a href=\"https:\/\/ppr-antibioresistance.inserm.fr\/fr\/\" data-type=\"URL\" data-id=\"https:\/\/ppr-antibioresistance.inserm.fr\/fr\/\" target=\"_blank\" rel=\"noreferrer noopener\">Programme Prioritaire de Recherche (PPR) Antibior\u00e9sistance<\/a>, <strong>PROMISE r\u00e9unit 120 membres-partenaires impliqu\u00e9s dans la lutte contre l\u2019antibior\u00e9sistance en France<\/strong> au sein d\u2019<strong>un m\u00e9ta-r\u00e9seau One Health<\/strong>. PROMISE sert \u00e0 construire des interactions entre des acteurs travaillant habituellement en silo et permet aux membres du r\u00e9seau de partager leurs pratiques, expertises et connaissances, ainsi que de coordonner leur action.<\/p>\n\n\n\n<div style=\"height:10px\" aria-hidden=\"true\" class=\"wp-block-spacer\"><\/div>\n\n\n\n<div class=\"wp-block-buttons is-layout-flex wp-block-buttons-is-layout-flex\">\n<div class=\"wp-block-button\"><a class=\"wp-block-button__link has-background wp-element-button\" href=\"\/context-objectives\/\" style=\"border-radius:10px;background-color:#1a84c7\" target=\"_blank\" rel=\"noreferrer noopener\">PROMISE &#8211; Quel contexte pour quels objectifs ?<\/a><\/div>\n<\/div>\n\n\n\n<div style=\"height:20px\" aria-hidden=\"true\" class=\"wp-block-spacer\"><\/div>\n<\/div>\n<\/div>\n\n\n\n<div class=\"wp-block-columns is-layout-flex wp-container-core-columns-is-layout-9d6595d7 wp-block-columns-is-layout-flex\">\n<div class=\"wp-block-column has-background is-layout-flow wp-block-column-is-layout-flow\" style=\"background-color:#f5f5f5\">\n<p class=\"has-background\" style=\"background-color:#f5f5f5\">L\u2019action de PROMISE se structure en <strong>9 objectifs sp\u00e9cifiques et 7 groupes de travail th\u00e9matiques<\/strong>. Par son action, PROMISE vise \u00e0 am\u00e9liorer la surveillance de la r\u00e9sistance en France, \u00e0 favoriser le partage des donn\u00e9es, des comp\u00e9tences et des connaissances, et \u00e0 am\u00e9liorer la recherche clinique et pr\u00e9clinique en France.<\/p>\n\n\n\n<div class=\"wp-block-columns is-layout-flex wp-container-core-columns-is-layout-9d6595d7 wp-block-columns-is-layout-flex\">\n<div class=\"wp-block-column is-layout-flow wp-block-column-is-layout-flow\">\n<div class=\"wp-block-buttons is-content-justification-center is-layout-flex wp-container-core-buttons-is-layout-16018d1d wp-block-buttons-is-layout-flex\">\n<div class=\"wp-block-button\"><a class=\"wp-block-button__link has-white-color has-text-color has-background wp-element-button\" href=\"https:\/\/amr-promise.fr\/fr\/our-work\/\" style=\"border-radius:10px;background-color:#1a84c7\" target=\"_blank\" rel=\"noreferrer noopener\">PROMISE &#8211; Quels GTs th\u00e9matiques ?<\/a><\/div>\n<\/div>\n\n\n\n<div style=\"height:20px\" aria-hidden=\"true\" class=\"wp-block-spacer\"><\/div>\n\n\n<div class=\"wp-block-image is-style-default\">\n<figure class=\"aligncenter size-full is-resized\"><a href=\"https:\/\/amr-promise.fr\/fr\/our-work\/\" target=\"_blank\" rel=\"noopener\"><img loading=\"lazy\" decoding=\"async\" width=\"700\" height=\"400\" src=\"https:\/\/amr-promise.fr\/files\/2025\/06\/partenaires-promise-2025.jpg\" alt=\"\" class=\"wp-image-2844\" style=\"width:350px;height:200px\" srcset=\"https:\/\/amr-promise.fr\/files\/2025\/06\/partenaires-promise-2025.jpg 700w, https:\/\/amr-promise.fr\/files\/2025\/06\/partenaires-promise-2025-300x171.jpg 300w, https:\/\/amr-promise.fr\/files\/2025\/06\/partenaires-promise-2025-150x86.jpg 150w\" sizes=\"auto, (max-width: 700px) 100vw, 700px\" \/><\/a><\/figure><\/div><\/div>\n\n\n\n<div class=\"wp-block-column is-layout-flow wp-block-column-is-layout-flow\">\n<div class=\"wp-block-buttons is-content-justification-center is-layout-flex wp-container-core-buttons-is-layout-16018d1d wp-block-buttons-is-layout-flex\">\n<div class=\"wp-block-button\"><a class=\"wp-block-button__link has-white-color has-text-color has-background wp-element-button\" href=\"https:\/\/amr-promise.fr\/fr\/resultats\/\" style=\"border-radius:10px;background-color:#1a84c7\" target=\"_blank\" rel=\"noreferrer noopener\">PROMISE &#8211; Quels r\u00e9sultats actuels ?<\/a><\/div>\n<\/div>\n\n\n\n<div style=\"height:20px\" aria-hidden=\"true\" class=\"wp-block-spacer\"><\/div>\n\n\n<div class=\"wp-block-image\">\n<figure class=\"aligncenter size-large is-resized\"><a href=\"https:\/\/amr-promise.fr\/fr\/resultats\/\" target=\"_blank\" rel=\"noopener\"><img loading=\"lazy\" decoding=\"async\" width=\"1024\" height=\"576\" src=\"https:\/\/amr-promise.fr\/files\/2025\/06\/2025-chiffres-cles-1-1024x576.jpg\" alt=\"\" class=\"wp-image-2860\" style=\"width:350px;height:200px\" srcset=\"https:\/\/amr-promise.fr\/files\/2025\/06\/2025-chiffres-cles-1-1024x576.jpg 1024w, https:\/\/amr-promise.fr\/files\/2025\/06\/2025-chiffres-cles-1-300x169.jpg 300w, https:\/\/amr-promise.fr\/files\/2025\/06\/2025-chiffres-cles-1-768x432.jpg 768w, https:\/\/amr-promise.fr\/files\/2025\/06\/2025-chiffres-cles-1-150x84.jpg 150w, https:\/\/amr-promise.fr\/files\/2025\/06\/2025-chiffres-cles-1.jpg 1280w\" sizes=\"auto, (max-width: 1024px) 100vw, 1024px\" \/><\/a><\/figure><\/div><\/div>\n<\/div>\n\n\n\n<div style=\"height:20px\" aria-hidden=\"true\" class=\"wp-block-spacer\"><\/div>\n<\/div>\n<\/div>\n\n\n\n<div style=\"height:20px\" aria-hidden=\"true\" class=\"wp-block-spacer\"><\/div>\n\n\n\n<h2 class=\"wp-block-heading has-text-align-center has-text-color has-background\" style=\"color:#6c6d71;background-color:#f5f5f5\">Derni\u00e8res actualit\u00e9s<\/h2>\n\n\n<ul class=\"wp-block-latest-posts__list is-grid columns-3 has-dates wp-block-latest-posts\"><li><div class=\"wp-block-latest-posts__featured-image aligncenter\"><a href=\"https:\/\/amr-promise.fr\/fr\/francais-le-site-web-interactif-antibio-ca-resiste-tous-concernes-tous-actifs-maintenant-en-version-anglaise\/\" aria-label=\"Le site web interactif \u00ab\u00a0Antibio, \u00e7a r\u00e9siste\u2026 Tous concern\u00e9s, tous actifs !\u00a0\u00bb maintenant en version anglaise\"><a href=\"https:\/\/amr-promise.fr\/fr\/francais-le-site-web-interactif-antibio-ca-resiste-tous-concernes-tous-actifs-maintenant-en-version-anglaise\/\" title=\"Le site web interactif &quot;Antibio, \u00e7a r\u00e9siste\u2026 Tous concern\u00e9s, tous actifs !&quot; maintenant en version anglaise\"><img loading=\"lazy\" decoding=\"async\" width=\"300\" height=\"240\" src=\"https:\/\/amr-promise.fr\/files\/2026\/05\/antibio-picture-website-2026.jpg\" class=\"attachment-medium size-medium wp-post-image\" alt=\"Antibio Mounting Resistance Anglais\" style=\"max-width:225px;max-height:225px;\" srcset=\"https:\/\/amr-promise.fr\/files\/2026\/05\/antibio-picture-website-2026.jpg 300w, https:\/\/amr-promise.fr\/files\/2026\/05\/antibio-picture-website-2026-150x120.jpg 150w\" sizes=\"auto, (max-width: 300px) 100vw, 300px\" \/><\/a><\/a><\/div><a class=\"wp-block-latest-posts__post-title\" href=\"https:\/\/amr-promise.fr\/fr\/francais-le-site-web-interactif-antibio-ca-resiste-tous-concernes-tous-actifs-maintenant-en-version-anglaise\/\">Le site web interactif \u00ab\u00a0Antibio, \u00e7a r\u00e9siste\u2026 Tous concern\u00e9s, tous actifs !\u00a0\u00bb maintenant en version anglaise<\/a><time datetime=\"2026-05-04T15:40:27+00:00\" class=\"wp-block-latest-posts__post-date\">Mon 04 May 2026<\/time><\/li>\n<li><div class=\"wp-block-latest-posts__featured-image aligncenter\"><a href=\"https:\/\/amr-promise.fr\/fr\/francais-la-newsletter-promise-n51-du-mois-davril-2026-est-parue\/\" aria-label=\"La newsletter PROMISE n\u00b051 du mois d&rsquo;avril 2026 est parue\"><a href=\"https:\/\/amr-promise.fr\/fr\/francais-la-newsletter-promise-n51-du-mois-davril-2026-est-parue\/\" title=\"La newsletter PROMISE n\u00b051 du mois d&#039;avril 2026 est parue\"><img loading=\"lazy\" decoding=\"async\" width=\"300\" height=\"240\" src=\"https:\/\/amr-promise.fr\/files\/2026\/04\/newsletterPROMISE_avril2026.jpg\" class=\"attachment-medium size-medium wp-post-image\" alt=\"Newsletter PROMISE Avril 2026\" style=\"max-width:225px;max-height:225px;\" srcset=\"https:\/\/amr-promise.fr\/files\/2026\/04\/newsletterPROMISE_avril2026.jpg 300w, https:\/\/amr-promise.fr\/files\/2026\/04\/newsletterPROMISE_avril2026-150x120.jpg 150w\" sizes=\"auto, (max-width: 300px) 100vw, 300px\" \/><\/a><\/a><\/div><a class=\"wp-block-latest-posts__post-title\" href=\"https:\/\/amr-promise.fr\/fr\/francais-la-newsletter-promise-n51-du-mois-davril-2026-est-parue\/\">La newsletter PROMISE n\u00b051 du mois d&rsquo;avril 2026 est parue<\/a><time datetime=\"2026-04-29T14:27:55+00:00\" class=\"wp-block-latest-posts__post-date\">Wed 29 April 2026<\/time><\/li>\n<li><div class=\"wp-block-latest-posts__featured-image aligncenter\"><a href=\"https:\/\/amr-promise.fr\/fr\/francais-one-health-summit-one-health-festival-le-replay-du-webinaire-promise-est-disponible\/\" aria-label=\"One Health Summit &#8211; One Health Festival : le replay du webinaire PROMISE est disponible !\"><a href=\"https:\/\/amr-promise.fr\/fr\/francais-one-health-summit-one-health-festival-le-replay-du-webinaire-promise-est-disponible\/\" title=\"One Health Summit - One Health Festival : le replay du webinaire PROMISE est disponible !\"><img loading=\"lazy\" decoding=\"async\" width=\"300\" height=\"240\" src=\"https:\/\/amr-promise.fr\/files\/2026\/04\/webinaire-promise-replay.jpg\" class=\"attachment-medium size-medium wp-post-image\" alt=\"Webinaire PROMISE One Health Festival Replay\" style=\"max-width:225px;max-height:225px;\" srcset=\"https:\/\/amr-promise.fr\/files\/2026\/04\/webinaire-promise-replay.jpg 300w, https:\/\/amr-promise.fr\/files\/2026\/04\/webinaire-promise-replay-150x120.jpg 150w\" sizes=\"auto, (max-width: 300px) 100vw, 300px\" \/><\/a><\/a><\/div><a class=\"wp-block-latest-posts__post-title\" href=\"https:\/\/amr-promise.fr\/fr\/francais-one-health-summit-one-health-festival-le-replay-du-webinaire-promise-est-disponible\/\">One Health Summit &#8211; One Health Festival : le replay du webinaire PROMISE est disponible !<\/a><time datetime=\"2026-04-21T10:50:12+00:00\" class=\"wp-block-latest-posts__post-date\">Tue 21 April 2026<\/time><\/li>\n<\/ul>\n\n\n<div class=\"wp-block-buttons is-content-justification-center is-layout-flex wp-container-core-buttons-is-layout-16018d1d wp-block-buttons-is-layout-flex\">\n<div class=\"wp-block-button\"><a class=\"wp-block-button__link has-background wp-element-button\" href=\"https:\/\/amr-promise.fr\/fr\/category\/uncategorized\" style=\"border-radius:10px;background-color:#1a84c7\">Toutes les actualit\u00e9s<\/a><\/div>\n<\/div>\n\n\n\n<div class=\"wp-block-columns is-layout-flex wp-container-core-columns-is-layout-9d6595d7 wp-block-columns-is-layout-flex\">\n<div class=\"wp-block-column is-layout-flow wp-block-column-is-layout-flow\" style=\"flex-basis:100%\">\n<div class=\"wp-block-group\"><div class=\"wp-block-group__inner-container is-layout-flow wp-block-group-is-layout-flow\"><\/div><\/div>\n<\/div>\n<\/div>","protected":false},"excerpt":{"rendered":"<p>Lanc\u00e9 en novembre 2021 et financ\u00e9 dans le cadre du Programme Prioritaire de Recherche (PPR) Antibior\u00e9sistance, PROMISE r\u00e9unit 120 membres-partenaires impliqu\u00e9s dans la lutte contre l\u2019antibior\u00e9sistance en France au sein d\u2019un m\u00e9ta-r\u00e9seau One Health. PROMISE sert \u00e0 construire des interactions entre des acteurs travaillant habituellement en silo et permet aux membres du r\u00e9seau de partager leurs pratiques, expertises et connaissances, ainsi que de coordonner leur action. L\u2019action de PROMISE se&#8230;<\/p>\n<p> <a class=\"continue-reading-link\" href=\"https:\/\/amr-promise.fr\/fr\/\"><span>Lire plus \/ Read more<\/span><i class=\"crycon-right-dir\"><\/i><\/a> <\/p>\n","protected":false},"author":2230,"featured_media":0,"parent":0,"menu_order":0,"comment_status":"closed","ping_status":"closed","template":"","meta":{"_mc_calendar":[],"footnotes":""},"class_list":["post-505","page","type-page","status-publish","hentry"],"_links":{"self":[{"href":"https:\/\/amr-promise.fr\/fr\/wp-json\/wp\/v2\/pages\/505","targetHints":{"allow":["GET"]}}],"collection":[{"href":"https:\/\/amr-promise.fr\/fr\/wp-json\/wp\/v2\/pages"}],"about":[{"href":"https:\/\/amr-promise.fr\/fr\/wp-json\/wp\/v2\/types\/page"}],"author":[{"embeddable":true,"href":"https:\/\/amr-promise.fr\/fr\/wp-json\/wp\/v2\/users\/2230"}],"replies":[{"embeddable":true,"href":"https:\/\/amr-promise.fr\/fr\/wp-json\/wp\/v2\/comments?post=505"}],"version-history":[{"count":167,"href":"https:\/\/amr-promise.fr\/fr\/wp-json\/wp\/v2\/pages\/505\/revisions"}],"predecessor-version":[{"id":3489,"href":"https:\/\/amr-promise.fr\/fr\/wp-json\/wp\/v2\/pages\/505\/revisions\/3489"}],"wp:attachment":[{"href":"https:\/\/amr-promise.fr\/fr\/wp-json\/wp\/v2\/media?parent=505"}],"curies":[{"name":"wp","href":"https:\/\/api.w.org\/{rel}","templated":true}]}}