

{"id":507,"date":"2023-03-03T16:35:35","date_gmt":"2023-03-03T15:35:35","guid":{"rendered":"https:\/\/amr-promise.fr\/?page_id=507"},"modified":"2023-07-03T13:28:43","modified_gmt":"2023-07-03T11:28:43","slug":"warehouse-working-group","status":"publish","type":"page","link":"https:\/\/amr-promise.fr\/fr\/warehouse-working-group\/","title":{"rendered":"GT Entrep\u00f4t"},"content":{"rendered":"<div class=\"wp-block-columns is-layout-flex wp-container-core-columns-is-layout-9d6595d7 wp-block-columns-is-layout-flex\">\n<div class=\"wp-block-column is-layout-flow wp-block-column-is-layout-flow\">\n<h2 class=\"has-text-align-center has-text-color has-background wp-block-heading\" style=\"background-color:#f5f5f5;color:#6c6d71\">Objectifs<\/h2>\n\n\n\n<p>L&rsquo;objectif du <strong>groupe de travail Entrep\u00f4t de PROMISE<\/strong> est double. Dans un premier temps, il s&rsquo;agit de <strong>produire un entrep\u00f4t de donn\u00e9es qui regroupe l&rsquo;ensemble des donn\u00e9es des partenaires du projet<\/strong>. Cet entrep\u00f4t sera accessible aux partenaires qui voudront l&rsquo;interroger et sera mis \u00e0 jour r\u00e9guli\u00e8rement pour tenir compte des nouvelles donn\u00e9es de chaque source.<\/p>\n\n\n\n<p>Dans un second temps, il s&rsquo;agit de <strong>mettre en place des requ\u00eates pour diff\u00e9rents cas d&rsquo;usage qui seront identifi\u00e9s au cours du projet<\/strong>. Ces cas d&rsquo;usages impliqueront chacun plusieurs sources de donn\u00e9es diff\u00e9rentes afin de proposer des r\u00e9sultats qui ne sont pas encore envisageables en analysant les sources de donn\u00e9es individuellement.\u00a0Cette approche unifi\u00e9e contribuera \u00e0 <strong>atteindre les objectifs\u00a0\u00ab\u00a0One Health\u00a0\u00bb de PROMISE<\/strong>.<\/p>\n\n\n\n<p>Les donn\u00e9es seront accessibles via un site web qui servira d&rsquo;interface avec l&rsquo;entrep\u00f4t, pour les requ\u00eates simples d&rsquo;interrogation ou de mise \u00e0 jour, comme pour les requ\u00eates d&rsquo;analyse des cas d&rsquo;usage.<\/p>\n<\/div>\n\n\n\n<div class=\"wp-block-column is-layout-flow wp-block-column-is-layout-flow\">\n<h2 class=\"has-text-align-center has-text-color has-background wp-block-heading\" style=\"background-color:#f5f5f5;color:#6c6d71\">Missions<\/h2>\n\n\n\n<p>Les activit\u00e9s qui d\u00e9coulent des objectifs sont multiples :<\/p>\n\n\n\n<ul class=\"wp-block-list\"><li>Recensement des donn\u00e9es des r\u00e9seaux\/partenaires.<\/li><li>Interviews des r\u00e9f\u00e9rents donn\u00e9es chez les partenaires pour cataloguer les diff\u00e9rents sch\u00e9mas et vocabulaires.<\/li><li>Proposition de vocabulaire unifi\u00e9 pour la construction de l&rsquo;entrep\u00f4t.<\/li><li>D\u00e9finition du sch\u00e9ma de l&rsquo;entrep\u00f4t.<\/li><li>Mise en place de scripts permettant de charger les donn\u00e9es de chaque source.<\/li><li>Mise en place du site Web d&rsquo;interface.<\/li><li>Mise en place de l&rsquo;entrep\u00f4t.<\/li><li>Participation \u00e0 la d\u00e9finition des requ\u00eates d&rsquo;analyse pour les cas d&rsquo;usage, avec une \u00e9tude des possibilit\u00e9s offertes par la fouille de donn\u00e9es.<\/li><li>D\u00e9finition et impl\u00e9mentation des requ\u00eates pour les cas d&rsquo;usage.<\/li><\/ul>\n<\/div>\n<\/div>","protected":false},"excerpt":{"rendered":"<p>Objectifs L&rsquo;objectif du groupe de travail Entrep\u00f4t de PROMISE est double. Dans un premier temps, il s&rsquo;agit de produire un entrep\u00f4t de donn\u00e9es qui regroupe l&rsquo;ensemble des donn\u00e9es des partenaires du projet. Cet entrep\u00f4t sera accessible aux partenaires qui voudront l&rsquo;interroger et sera mis \u00e0 jour r\u00e9guli\u00e8rement pour tenir compte des nouvelles donn\u00e9es de chaque source. Dans un second temps, il s&rsquo;agit de mettre en place des requ\u00eates pour diff\u00e9rents&#8230;<\/p>\n<p> <a class=\"continue-reading-link\" href=\"https:\/\/amr-promise.fr\/fr\/warehouse-working-group\/\"><span>Lire plus \/ Read more<\/span><i class=\"crycon-right-dir\"><\/i><\/a> <\/p>\n","protected":false},"author":2230,"featured_media":0,"parent":0,"menu_order":0,"comment_status":"closed","ping_status":"closed","template":"","meta":{"_mc_calendar":[],"footnotes":""},"class_list":["post-507","page","type-page","status-publish","hentry"],"_links":{"self":[{"href":"https:\/\/amr-promise.fr\/fr\/wp-json\/wp\/v2\/pages\/507","targetHints":{"allow":["GET"]}}],"collection":[{"href":"https:\/\/amr-promise.fr\/fr\/wp-json\/wp\/v2\/pages"}],"about":[{"href":"https:\/\/amr-promise.fr\/fr\/wp-json\/wp\/v2\/types\/page"}],"author":[{"embeddable":true,"href":"https:\/\/amr-promise.fr\/fr\/wp-json\/wp\/v2\/users\/2230"}],"replies":[{"embeddable":true,"href":"https:\/\/amr-promise.fr\/fr\/wp-json\/wp\/v2\/comments?post=507"}],"version-history":[{"count":7,"href":"https:\/\/amr-promise.fr\/fr\/wp-json\/wp\/v2\/pages\/507\/revisions"}],"predecessor-version":[{"id":986,"href":"https:\/\/amr-promise.fr\/fr\/wp-json\/wp\/v2\/pages\/507\/revisions\/986"}],"wp:attachment":[{"href":"https:\/\/amr-promise.fr\/fr\/wp-json\/wp\/v2\/media?parent=507"}],"curies":[{"name":"wp","href":"https:\/\/api.w.org\/{rel}","templated":true}]}}