

{"id":535,"date":"2023-03-07T17:42:32","date_gmt":"2023-03-07T16:42:32","guid":{"rendered":"https:\/\/amr-promise.fr\/?page_id=535"},"modified":"2025-04-15T12:02:14","modified_gmt":"2025-04-15T10:02:14","slug":"our-work","status":"publish","type":"page","link":"https:\/\/amr-promise.fr\/fr\/our-work\/","title":{"rendered":"Notre travail"},"content":{"rendered":"<div class=\"wp-block-columns is-layout-flex wp-container-core-columns-is-layout-9d6595d7 wp-block-columns-is-layout-flex\">\n<div class=\"wp-block-column is-layout-flow wp-block-column-is-layout-flow\">\n<figure class=\"wp-block-image size-full\"><a href=\"https:\/\/amr-promise.fr\/files\/2023\/03\/sous-groupes-promise.jpg\"><img loading=\"lazy\" decoding=\"async\" width=\"700\" height=\"609\" src=\"https:\/\/amr-promise.fr\/files\/2023\/03\/sous-groupes-promise.jpg\" alt=\"\" class=\"wp-image-561\" srcset=\"https:\/\/amr-promise.fr\/files\/2023\/03\/sous-groupes-promise.jpg 700w, https:\/\/amr-promise.fr\/files\/2023\/03\/sous-groupes-promise-300x261.jpg 300w, https:\/\/amr-promise.fr\/files\/2023\/03\/sous-groupes-promise-150x131.jpg 150w\" sizes=\"auto, (max-width: 700px) 100vw, 700px\" \/><\/a><\/figure>\n<\/div>\n\n\n\n<div class=\"wp-block-column is-vertically-aligned-center is-layout-flow wp-block-column-is-layout-flow\">\n<p>En lien avec <a href=\"https:\/\/amr-promise.fr\/fr\/context-objectives\/\" data-type=\"URL\" data-id=\"https:\/\/amr-promise.fr\/fr\/context-objectives\/\">les objectifs du projet<\/a>, <strong>PROMISE se structure en 7 groupes de travail (GT) th\u00e9matiques <\/strong>:<\/p>\n\n\n\n<ul class=\"wp-block-list\"><li>Tout savoir sur le <a href=\"https:\/\/amr-promise.fr\/fr\/warehouse-working-group\/\">GT Entrep\u00f4t<\/a><\/li><li>Tout savoir sur le <a href=\"https:\/\/amr-promise.fr\/fr\/surveillance-working-group\/\">GT Surveillance<\/a><\/li><li>Tout savoir sur le <a href=\"https:\/\/amr-promise.fr\/fr\/clinical-research-working-group\/\">GT Recherche Clinique<\/a><\/li><li>Tout savoir sur le <a href=\"https:\/\/amr-promise.fr\/fr\/training-working-group\/\">GT Formation<\/a><\/li><li>Tout savoir sur le <a href=\"https:\/\/amr-promise.fr\/fr\/communication-awareness-raising-working-group\/\">GT Communication Sensibilisation<\/a><\/li><li>Tout savoir sur <a href=\"https:\/\/amr-promise.fr\/fr\/promises-members\/antibiodeal\/\">AntibioDEAL<\/a><\/li><li>Tout savoir sur <a href=\"https:\/\/amr-promise.fr\/fr\/promises-members\/amr-env\/\">AMR-Env<\/a><\/li><\/ul>\n<\/div>\n<\/div>\n\n\n\n<h2 class=\"has-text-align-center has-text-color has-background wp-block-heading\" style=\"background-color:#f5f5f5;color:#6c6d71\">Notre m\u00e9thode<\/h2>\n\n\n\n<p><strong>1. H\u00e9bergement et animation du m\u00e9ta-r\u00e9seau \u00e0 travers une plateforme<\/strong><\/p>\n\n\n\n<ul class=\"wp-block-list\"><li>Favoriser la mutualisation des connaissances et comp\u00e9tences.<\/li><li>Favoriser l\u2019aide \u00e0 la conception, coordination et r\u00e9alisation de projets collaboratifs.<\/li><li>Favoriser le d\u00e9veloppement d\u2019outils communs.<\/li><\/ul>\n\n\n\n<p><strong>2. Renforcement et\/ou cr\u00e9ation de r\u00e9seaux professionnels en sant\u00e9 Homme-Animal-Environnement<\/strong><\/p>\n\n\n\n<p><strong>3. Programme de renforcement des comp\u00e9tences des membres du m\u00e9ta-r\u00e9seau&nbsp;<\/strong><\/p>\n\n\n\n<ul class=\"wp-block-list\"><li>Formations, s\u00e9minaires, conf\u00e9rences et t\u00e9l\u00e9conf\u00e9rences.<\/li><li>Am\u00e9liorer l\u2019\u00e9ducation et la communication avec le grand public.<\/li><\/ul>","protected":false},"excerpt":{"rendered":"<p>En lien avec les objectifs du projet, PROMISE se structure en 7 groupes de travail (GT) th\u00e9matiques : Tout savoir sur le GT Entrep\u00f4t Tout savoir sur le GT Surveillance Tout savoir sur le GT Recherche Clinique Tout savoir sur le GT Formation Tout savoir sur le GT Communication Sensibilisation Tout savoir sur AntibioDEAL Tout savoir sur AMR-Env Notre m\u00e9thode 1. H\u00e9bergement et animation du m\u00e9ta-r\u00e9seau \u00e0 travers une plateforme&#8230;<\/p>\n<p> <a class=\"continue-reading-link\" href=\"https:\/\/amr-promise.fr\/fr\/our-work\/\"><span>Lire plus \/ Read more<\/span><i class=\"crycon-right-dir\"><\/i><\/a> <\/p>\n","protected":false},"author":2230,"featured_media":0,"parent":0,"menu_order":0,"comment_status":"closed","ping_status":"closed","template":"","meta":{"_mc_calendar":[],"footnotes":""},"class_list":["post-535","page","type-page","status-publish","hentry"],"_links":{"self":[{"href":"https:\/\/amr-promise.fr\/fr\/wp-json\/wp\/v2\/pages\/535","targetHints":{"allow":["GET"]}}],"collection":[{"href":"https:\/\/amr-promise.fr\/fr\/wp-json\/wp\/v2\/pages"}],"about":[{"href":"https:\/\/amr-promise.fr\/fr\/wp-json\/wp\/v2\/types\/page"}],"author":[{"embeddable":true,"href":"https:\/\/amr-promise.fr\/fr\/wp-json\/wp\/v2\/users\/2230"}],"replies":[{"embeddable":true,"href":"https:\/\/amr-promise.fr\/fr\/wp-json\/wp\/v2\/comments?post=535"}],"version-history":[{"count":17,"href":"https:\/\/amr-promise.fr\/fr\/wp-json\/wp\/v2\/pages\/535\/revisions"}],"predecessor-version":[{"id":2742,"href":"https:\/\/amr-promise.fr\/fr\/wp-json\/wp\/v2\/pages\/535\/revisions\/2742"}],"wp:attachment":[{"href":"https:\/\/amr-promise.fr\/fr\/wp-json\/wp\/v2\/media?parent=535"}],"curies":[{"name":"wp","href":"https:\/\/api.w.org\/{rel}","templated":true}]}}