

{"id":65,"date":"2022-05-22T10:25:23","date_gmt":"2022-05-22T08:25:23","guid":{"rendered":"https:\/\/project.inria.fr\/promise\/?page_id=65"},"modified":"2025-11-06T11:42:41","modified_gmt":"2025-11-06T10:42:41","slug":"context-objectives","status":"publish","type":"page","link":"https:\/\/amr-promise.fr\/fr\/context-objectives\/","title":{"rendered":"Contexte &#038; Objectifs"},"content":{"rendered":"<div class=\"wp-block-columns is-layout-flex wp-container-core-columns-is-layout-9d6595d7 wp-block-columns-is-layout-flex\">\n<div class=\"wp-block-column is-layout-flow wp-block-column-is-layout-flow\">\n<h2 class=\"wp-block-heading has-text-align-center has-text-color has-background\" style=\"color:#6c6d71;background-color:#f5f5f5\">L&rsquo;importance du One Health<\/h2>\n\n\n\n<p>La <strong>pand\u00e9mie de Covid-19<\/strong> nous a rappel\u00e9 les dangers li\u00e9s aux maladies infectieuses et aux zoonoses (maladies infectieuses issues des animaux et transmissibles \u00e0 l\u2019homme). <\/p>\n\n\n\n<p>Elle nous invite \u00e0 repenser notre vision de la Sant\u00e9 et \u00e0 la consid\u00e9rer comme un tout o\u00f9 hommes, animaux et environnements sont tous \u00e9troitement li\u00e9s ; <strong>un concept baptis\u00e9 \u00ab Une Seule Sant\u00e9 \u00bb ou encore \u00ab One Health \u00bb<\/strong>. Ce concept pr\u00f4ne le recours \u00e0 une approche collaborative et multidisciplinaire, bas\u00e9e sur le partage des savoirs et connaissances, pour faire face \u00e0 plusieurs enjeux de sant\u00e9 publique majeurs.<\/p>\n<\/div>\n\n\n\n<div class=\"wp-block-column is-layout-flow wp-block-column-is-layout-flow\">\n<h2 class=\"wp-block-heading has-text-align-center has-text-color has-background\" style=\"color:#6c6d71;background-color:#f5f5f5\">L&rsquo;antibior\u00e9sistance<\/h2>\n\n\n\n<p>Parmi ces enjeux, on retrouve <strong>l\u2019antibior\u00e9sistance, une pand\u00e9mie silencieuse qui tue, chaque ann\u00e9e, 1.3 millions de personnes dans le monde<\/strong>. Les bact\u00e9ries ne connaissent aucune fronti\u00e8re : elles peuvent se propager entre diff\u00e9rents \u00e9cosyst\u00e8mes, entre diff\u00e9rents pays et m\u00eame s\u2019\u00e9changer des r\u00e9sistances via des \u00e9l\u00e9ments g\u00e9n\u00e9tiques mobiles. <\/p>\n\n\n\n<p>Pour esp\u00e9rer freiner la diss\u00e9mination des r\u00e9sistances entre hommes, animaux et \u00e9cosyst\u00e8mes environnementaux, <strong>seule une approche holistique One Health impliquant des professionnels des diff\u00e9rents secteurs<\/strong> semble pouvoir faire la diff\u00e9rence.<\/p>\n<\/div>\n<\/div>\n\n\n\n<div style=\"height:20px\" aria-hidden=\"true\" class=\"wp-block-spacer\"><\/div>\n\n\n\n<div class=\"wp-block-buttons is-vertical is-content-justification-center is-layout-flex wp-container-core-buttons-is-layout-9a7cdcfd wp-block-buttons-is-layout-flex\">\n<div class=\"wp-block-button\"><a class=\"wp-block-button__link has-background wp-element-button\" href=\"\/promises-members__trashed\/coordination-team\/\" style=\"border-radius:10px;background-color:#1a84c7\">PROMISE &#8211; L&rsquo;\u00e9quipe de coordination du projet<\/a><\/div>\n\n\n\n<div class=\"wp-block-button\"><a class=\"wp-block-button__link has-background wp-element-button\" href=\"https:\/\/amr-promise.fr\/fr\/members\/\" style=\"border-radius:10px;background-color:#1a84c7\">PROMISE &#8211; Les membres du projet<\/a><\/div>\n<\/div>\n\n\n\n<div style=\"height:20px\" aria-hidden=\"true\" class=\"wp-block-spacer\"><\/div>\n\n\n\n<h2 class=\"wp-block-heading has-text-align-center has-text-color has-background\" style=\"color:#6c6d71;background-color:#f5f5f5\">Quels objectifs pour PROMISE ?<\/h2>\n\n\n\n<p>Financ\u00e9 dans le cadre du <a href=\"https:\/\/ppr-antibioresistance.inserm.fr\/fr\/\" data-type=\"URL\" data-id=\"https:\/\/ppr-antibioresistance.inserm.fr\/fr\/\" target=\"_blank\" rel=\"noreferrer noopener\">Programme Prioritaire de Recherche (PPR) Antibior\u00e9sistance<\/a>, PROMISE vise \u00e0 <strong>incarner le concept \u00ab One Health \u00bb<\/strong> et \u00e0 rassembler sous la m\u00eame banni\u00e8re tous les r\u00e9seaux de professionnels engag\u00e9s dans <strong>la lutte contre l\u2019antibior\u00e9sistance en France<\/strong>.<\/p>\n\n\n\n<p>PROMISE r\u00e9unit <a href=\"https:\/\/amr-promise.fr\/fr\/members\/\" data-type=\"link\" data-id=\"https:\/\/amr-promise.fr\/fr\/members\/\">120 membres-partenaires<\/a> (issus des secteurs humain, animal et environnemental) au sein d\u2019<strong>un grand m\u00e9ta-r\u00e9seau One Health<\/strong>.<\/p>\n\n\n\n<p>PROMISE sert \u00e0 construire des interactions entre des acteurs travaillant habituellement en silo et permettra aux membres du r\u00e9seau de partager leurs pratiques, expertises et connaissances, ainsi que de <strong>coordonner leur action autour de 9 enjeux prioritaires<\/strong>.<\/p>\n\n\n\n<div style=\"height:10px\" aria-hidden=\"true\" class=\"wp-block-spacer\"><\/div>\n\n\n<div class=\"wp-block-image\">\n<figure class=\"aligncenter size-large\"><a href=\"https:\/\/amr-promise.fr\/files\/2022\/05\/Promise-objectifs.png\"><img loading=\"lazy\" decoding=\"async\" width=\"1024\" height=\"795\" src=\"https:\/\/amr-promise.fr\/files\/2022\/05\/Promise-objectifs-1024x795.png\" alt=\"PROMISE enjeux objectifs antibior\u00e9sistance\" class=\"wp-image-82\" srcset=\"https:\/\/amr-promise.fr\/files\/2022\/05\/Promise-objectifs-1024x795.png 1024w, https:\/\/amr-promise.fr\/files\/2022\/05\/Promise-objectifs-300x233.png 300w, https:\/\/amr-promise.fr\/files\/2022\/05\/Promise-objectifs-768x596.png 768w, https:\/\/amr-promise.fr\/files\/2022\/05\/Promise-objectifs-150x116.png 150w, https:\/\/amr-promise.fr\/files\/2022\/05\/Promise-objectifs-400x311.png 400w, https:\/\/amr-promise.fr\/files\/2022\/05\/Promise-objectifs.png 1167w\" sizes=\"auto, (max-width: 1024px) 100vw, 1024px\" \/><\/a><\/figure><\/div>","protected":false},"excerpt":{"rendered":"<p>L&rsquo;importance du One Health La pand\u00e9mie de Covid-19 nous a rappel\u00e9 les dangers li\u00e9s aux maladies infectieuses et aux zoonoses (maladies infectieuses issues des animaux et transmissibles \u00e0 l\u2019homme). Elle nous invite \u00e0 repenser notre vision de la Sant\u00e9 et \u00e0 la consid\u00e9rer comme un tout o\u00f9 hommes, animaux et environnements sont tous \u00e9troitement li\u00e9s ; un concept baptis\u00e9 \u00ab Une Seule Sant\u00e9 \u00bb ou encore \u00ab One Health \u00bb&#8230;.<\/p>\n<p> <a class=\"continue-reading-link\" href=\"https:\/\/amr-promise.fr\/fr\/context-objectives\/\"><span>Lire plus \/ Read more<\/span><i class=\"crycon-right-dir\"><\/i><\/a> <\/p>\n","protected":false},"author":54,"featured_media":0,"parent":0,"menu_order":0,"comment_status":"closed","ping_status":"closed","template":"","meta":{"_mc_calendar":[],"footnotes":""},"class_list":["post-65","page","type-page","status-publish","hentry"],"_links":{"self":[{"href":"https:\/\/amr-promise.fr\/fr\/wp-json\/wp\/v2\/pages\/65","targetHints":{"allow":["GET"]}}],"collection":[{"href":"https:\/\/amr-promise.fr\/fr\/wp-json\/wp\/v2\/pages"}],"about":[{"href":"https:\/\/amr-promise.fr\/fr\/wp-json\/wp\/v2\/types\/page"}],"author":[{"embeddable":true,"href":"https:\/\/amr-promise.fr\/fr\/wp-json\/wp\/v2\/users\/54"}],"replies":[{"embeddable":true,"href":"https:\/\/amr-promise.fr\/fr\/wp-json\/wp\/v2\/comments?post=65"}],"version-history":[{"count":27,"href":"https:\/\/amr-promise.fr\/fr\/wp-json\/wp\/v2\/pages\/65\/revisions"}],"predecessor-version":[{"id":3143,"href":"https:\/\/amr-promise.fr\/fr\/wp-json\/wp\/v2\/pages\/65\/revisions\/3143"}],"wp:attachment":[{"href":"https:\/\/amr-promise.fr\/fr\/wp-json\/wp\/v2\/media?parent=65"}],"curies":[{"name":"wp","href":"https:\/\/api.w.org\/{rel}","templated":true}]}}